{"id":108,"date":"2020-06-23T14:45:15","date_gmt":"2020-06-23T14:45:15","guid":{"rendered":"http:\/\/carraro.serverside.es\/?page_id=108"},"modified":"2020-09-28T19:08:20","modified_gmt":"2020-09-28T19:08:20","slug":"congresos","status":"publish","type":"page","link":"https:\/\/fundacioncarraro.org\/?page_id=108","title":{"rendered":"Congresos"},"content":{"rendered":"\t\t<div data-elementor-type=\"wp-page\" data-elementor-id=\"108\" class=\"elementor elementor-108\" data-elementor-post-type=\"page\">\n\t\t\t\t\t\t<section class=\"elementor-section elementor-top-section elementor-element elementor-element-2bd53e5 elementor-section-boxed elementor-section-height-default elementor-section-height-default\" data-id=\"2bd53e5\" data-element_type=\"section\">\n\t\t\t\t\t\t<div class=\"elementor-container elementor-column-gap-default\">\n\t\t\t\t\t<div class=\"elementor-column elementor-col-100 elementor-top-column elementor-element elementor-element-a26454f\" data-id=\"a26454f\" data-element_type=\"column\">\n\t\t\t<div class=\"elementor-widget-wrap elementor-element-populated\">\n\t\t\t\t\t\t<div class=\"elementor-element elementor-element-31d4717 elementor-widget elementor-widget-spacer\" data-id=\"31d4717\" data-element_type=\"widget\" data-widget_type=\"spacer.default\">\n\t\t\t\t<div class=\"elementor-widget-container\">\n\t\t\t\t\t<div class=\"elementor-spacer\">\n\t\t\t<div class=\"elementor-spacer-inner\"><\/div>\n\t\t<\/div>\n\t\t\t\t<\/div>\n\t\t\t\t<\/div>\n\t\t\t\t\t<\/div>\n\t\t<\/div>\n\t\t\t\t\t<\/div>\n\t\t<\/section>\n\t\t\t\t<section class=\"elementor-section elementor-top-section elementor-element elementor-element-31ec60e elementor-section-boxed elementor-section-height-default elementor-section-height-default\" data-id=\"31ec60e\" data-element_type=\"section\">\n\t\t\t\t\t\t<div class=\"elementor-container elementor-column-gap-default\">\n\t\t\t\t\t<div class=\"elementor-column elementor-col-100 elementor-top-column elementor-element elementor-element-8d02565\" data-id=\"8d02565\" data-element_type=\"column\">\n\t\t\t<div class=\"elementor-widget-wrap elementor-element-populated\">\n\t\t\t\t\t\t<div class=\"elementor-element elementor-element-823f8a7 elementor-widget elementor-widget-heading\" data-id=\"823f8a7\" data-element_type=\"widget\" data-widget_type=\"heading.default\">\n\t\t\t\t<div class=\"elementor-widget-container\">\n\t\t\t<h2 class=\"elementor-heading-title elementor-size-default\">CONGRESOS<\/h2>\t\t<\/div>\n\t\t\t\t<\/div>\n\t\t\t\t\t<\/div>\n\t\t<\/div>\n\t\t\t\t\t<\/div>\n\t\t<\/section>\n\t\t\t\t<section class=\"elementor-section elementor-top-section elementor-element elementor-element-167e1633 elementor-section-boxed elementor-section-height-default elementor-section-height-default\" data-id=\"167e1633\" data-element_type=\"section\">\n\t\t\t\t\t\t<div class=\"elementor-container elementor-column-gap-default\">\n\t\t\t\t\t<div class=\"elementor-column elementor-col-100 elementor-top-column elementor-element elementor-element-71789ed8\" data-id=\"71789ed8\" data-element_type=\"column\">\n\t\t\t<div class=\"elementor-widget-wrap elementor-element-populated\">\n\t\t\t\t\t\t<div class=\"elementor-element elementor-element-3f8f0e59 elementor-widget elementor-widget-text-editor\" data-id=\"3f8f0e59\" data-element_type=\"widget\" data-widget_type=\"text-editor.default\">\n\t\t\t\t<div class=\"elementor-widget-container\">\n\t\t\t\t\t\t\t<p>\u00a0<\/p><p><strong>Congreso AIOI Bah\u00eda<\/strong> Blanca<\/p><p>20, 21 y 22 de Agosto de 2015<\/p><hr \/><p><br \/><strong>I Congreso Internacional Ingenier\u00eda de Tejidos y Medicina Regenerat\u00edva<\/strong><\/p><p>Bogot\u00e1, Colombia<\/p><p>27 y 28 de agosto de 2015<\/p><hr \/><p><br \/><strong>VI Congreso de Odontolog\u00eda<\/strong><\/p><p>\u00abNuevos avances de la odontolog\u00eda en el siglo XXI Innovaci\u00f3n, tecnolog\u00eda y ciencia.\u00bb 2014<\/p><p>15 y 16 de Mayo de 2014<\/p><hr \/><p><br \/><strong>Congreso Iberopanamericano de Periodoncia<\/strong><\/p><p>Cartagena, Colombia<\/p><p>27, 28, 29 y 30 de agosto de 2014<\/p><hr \/><p><br \/><strong>CONGRESO INTERNACIONAL DE OZONOTERAPIA EN ESTOMATOLOGIA Y MEDICINA VARADERO 2014<\/strong><\/p><p>12 al 14 de septiembre de 2014<\/p><hr \/><p><strong><br \/>IV Congreso Sonrisas del Carnaval en Barranquill<\/strong>a<\/p><p>Del 27 y 28 de febrero 2014<\/p><hr \/><p><br \/><strong>Congreso Internacional<\/strong><\/p><p><strong>RECONSTRUCTIVA Y EST\u00c9TICA<\/strong><\/p><p>Pereira &#8211; Colombia<\/p><p>4 y 5 de abril 2014<\/p><p>Universidad de Antioqu\u00eda<\/p><hr \/><p><br \/><strong>Simposio Internacional \u00abNuevas Estrategias en Est\u00e9tica e Innovaci\u00f3n en Cirug\u00eda Maxilofacial\u00bb<\/strong><\/p><p>22 y 23 de septiembre de 2011<\/p><hr \/><p><br \/><strong>Sociedad Argentina de Periodoncia<\/strong><\/p><p>Jornadas del Interior de la SAP<\/p><p>10 y 11 de Junio de 2011<\/p><p>Formosa, Argentina<\/p><hr \/><p><br \/><strong>Asoc. Colombiana de Periodoncia y Oseointegraci\u00f3n<\/strong><\/p><p>Calendario Anual 2011<\/p><hr \/><p><br \/><strong>Asociaci\u00f3n Colombiana de Periodoncia y Osteointegraci\u00f3n<\/strong><\/p><p>51\u00ba Seminario Anual<\/p><p>18, 19 y 20 de Agosto de 2011<\/p><p>Cartagena, Colombia<\/p><p>Informes:<\/p><p>Tel: 3207250504\/574-4448551 <br \/>Carolina Arango Z. (Dir. Ejec.)<\/p><hr \/><p><br \/><strong>Asociaci\u00f3n Colombiana de Periodoncia y Osteointegraci\u00f3n<\/strong><\/p><p>\u00abSimposio de Apertura y encuentro de Investigaci\u00f3n\u00bb<\/p><p>17 al 20 de agosto de 2011<\/p><p>Cartagena, Colombia<\/p><p>Hotel Las Am\u00e9ricas. Cartagena, Colombia<\/p><hr \/><p><br \/><strong>American Academy of Periodontology<\/strong><\/p><p>2011 Annual Meeting<\/p><p>12 y 13 de Noviembre de 2011<\/p><p>Miami Beach, Florida, U.S.A.<\/p><hr \/><p><br \/><strong>Sociedad Venezolana de Periodontolog\u00eda<\/strong><\/p><p>Reuni\u00f3n Cient\u00edfica Anual. 40\u00ba Aniversario<\/p><hr \/><p><br \/><strong>4to Congreso Iberopanamericano de Periodoncia<\/strong><\/p><p>Sociedad Venezolana de Periodontolog\u00eda<\/p><p>Noviembre de 2011<\/p><p>Isla de Margarita, Venezuela<\/p><p>Email: periodoncia.2011@gmail.com<\/p><hr \/><p><br \/><strong>5to Oral-B F\u00f3rum. Universidad de Guarulhos<\/strong><\/p><p>III Simp\u00f3sio de Periodontia da Universidade Guarulhos \u00abEnfermedades Periodontales y Peri-Implantarias\u00bb Etiolog\u00eda y tratamiento: una visi\u00f3n actual<\/p><p>15 y 16 de Octubre de 2010<\/p><p>San Pablo, Brasil.<\/p><p>Dictante: Marc Quirynen<\/p><p>Email: czoucas@ung.br<\/p><hr \/><p><br \/><strong>30\u00b0 Congreso Internacional del C\u00edrculo Argentino de Odontolog\u00eda<\/strong><\/p><p>7-9 Octubre 2010<\/p><p>Buenos Aires<\/p><p>Email: congresos@cao.org.ar<\/p><p><a href=\"http:\/\/www.cao.org.ar\">www.cao.org.ar<\/a><\/p><hr \/><p><br \/><strong>International Team For Implantology<\/strong><\/p><p><strong>1er Congreso ITI Argentina 2010<\/strong><\/p><p>24 y 25 de Septiembre de 2010<\/p><p>Hotel Sheraton Libertador, Buenos Aires<\/p><hr \/><p><br \/><strong>Sociedad de Periodoncia de Chile<\/strong><\/p><p><strong>3er CONGRESO INTERNACIONAL DE ESPECIALIDADES ODONTOL\u00d3GICAS \u2013 PIRO<\/strong><\/p><p>Jueves 5, Viernes 6 y S\u00e1bado 7 de Agosto de 2010<\/p><p>Hotel Marriot &#8211; Santiago de Chile<\/p><hr \/><p><br \/><strong>Universidad Nacional de Colombia (Sede Bogot\u00e1)<\/strong><\/p><p><strong>1er Congreso Internacional de Periodoncia<\/strong><\/p><p>21 y 22 de Mayo de 2010<\/p><p>Facultad de Odontolog\u00eda, Bogot\u00e1, Colombia.<\/p><hr \/><p><br \/><strong>S.E.P.A.<\/strong><\/p><p><strong>XLIV Reuni\u00f3n de la SEPA<\/strong><\/p><p>20 y 22 de Mayo de 2010<\/p><p>Girona, Espa\u00f1a<\/p>\t\t\t\t\t\t<\/div>\n\t\t\t\t<\/div>\n\t\t\t\t\t<\/div>\n\t\t<\/div>\n\t\t\t\t\t<\/div>\n\t\t<\/section>\n\t\t\t\t<\/div>\n\t\t","protected":false},"excerpt":{"rendered":"<p>CONGRESOS \u00a0 Congreso AIOI Bah\u00eda Blanca 20, 21 y 22 de Agosto de 2015 I Congreso Internacional Ingenier\u00eda de Tejidos y Medicina Regenerat\u00edva Bogot\u00e1, Colombia 27 y 28 de agosto de 2015 VI Congreso de Odontolog\u00eda \u00abNuevos avances de la odontolog\u00eda en el siglo XXI Innovaci\u00f3n, tecnolog\u00eda y ciencia.\u00bb 2014 15 y 16 de Mayo [&hellip;]<\/p>\n","protected":false},"author":1,"featured_media":0,"parent":0,"menu_order":0,"comment_status":"closed","ping_status":"closed","template":"","meta":{"footnotes":""},"class_list":["post-108","page","type-page","status-publish","hentry"],"_links":{"self":[{"href":"https:\/\/fundacioncarraro.org\/index.php?rest_route=\/wp\/v2\/pages\/108","targetHints":{"allow":["GET"]}}],"collection":[{"href":"https:\/\/fundacioncarraro.org\/index.php?rest_route=\/wp\/v2\/pages"}],"about":[{"href":"https:\/\/fundacioncarraro.org\/index.php?rest_route=\/wp\/v2\/types\/page"}],"author":[{"embeddable":true,"href":"https:\/\/fundacioncarraro.org\/index.php?rest_route=\/wp\/v2\/users\/1"}],"replies":[{"embeddable":true,"href":"https:\/\/fundacioncarraro.org\/index.php?rest_route=%2Fwp%2Fv2%2Fcomments&post=108"}],"version-history":[{"count":11,"href":"https:\/\/fundacioncarraro.org\/index.php?rest_route=\/wp\/v2\/pages\/108\/revisions"}],"predecessor-version":[{"id":1085,"href":"https:\/\/fundacioncarraro.org\/index.php?rest_route=\/wp\/v2\/pages\/108\/revisions\/1085"}],"wp:attachment":[{"href":"https:\/\/fundacioncarraro.org\/index.php?rest_route=%2Fwp%2Fv2%2Fmedia&parent=108"}],"curies":[{"name":"wp","href":"https:\/\/api.w.org\/{rel}","templated":true}]}}