{"id":167,"date":"2020-06-23T19:39:52","date_gmt":"2020-06-23T19:39:52","guid":{"rendered":"http:\/\/carraro.serverside.es\/?page_id=167"},"modified":"2020-09-28T19:21:27","modified_gmt":"2020-09-28T19:21:27","slug":"instrucciones-autores","status":"publish","type":"page","link":"https:\/\/fundacioncarraro.org\/?page_id=167","title":{"rendered":"Instrucciones autores"},"content":{"rendered":"\t\t<div data-elementor-type=\"wp-page\" data-elementor-id=\"167\" class=\"elementor elementor-167\" data-elementor-post-type=\"page\">\n\t\t\t\t\t\t<section class=\"elementor-section elementor-top-section elementor-element elementor-element-b9a7b9c elementor-section-boxed elementor-section-height-default elementor-section-height-default\" data-id=\"b9a7b9c\" data-element_type=\"section\">\n\t\t\t\t\t\t<div class=\"elementor-container elementor-column-gap-default\">\n\t\t\t\t\t<div class=\"elementor-column elementor-col-100 elementor-top-column elementor-element elementor-element-4606a52\" data-id=\"4606a52\" data-element_type=\"column\">\n\t\t\t<div class=\"elementor-widget-wrap elementor-element-populated\">\n\t\t\t\t\t\t<div class=\"elementor-element elementor-element-3aaba15 elementor-widget elementor-widget-spacer\" data-id=\"3aaba15\" data-element_type=\"widget\" data-widget_type=\"spacer.default\">\n\t\t\t\t<div class=\"elementor-widget-container\">\n\t\t\t\t\t<div class=\"elementor-spacer\">\n\t\t\t<div class=\"elementor-spacer-inner\"><\/div>\n\t\t<\/div>\n\t\t\t\t<\/div>\n\t\t\t\t<\/div>\n\t\t\t\t\t<\/div>\n\t\t<\/div>\n\t\t\t\t\t<\/div>\n\t\t<\/section>\n\t\t\t\t<section class=\"elementor-section elementor-top-section elementor-element elementor-element-bb3e4d4 elementor-section-boxed elementor-section-height-default elementor-section-height-default\" data-id=\"bb3e4d4\" data-element_type=\"section\">\n\t\t\t\t\t\t<div class=\"elementor-container elementor-column-gap-default\">\n\t\t\t\t\t<div class=\"elementor-column elementor-col-100 elementor-top-column elementor-element elementor-element-0989c3b\" data-id=\"0989c3b\" data-element_type=\"column\">\n\t\t\t<div class=\"elementor-widget-wrap elementor-element-populated\">\n\t\t\t\t\t\t<div class=\"elementor-element elementor-element-8ed4c47 elementor-widget elementor-widget-heading\" data-id=\"8ed4c47\" data-element_type=\"widget\" data-widget_type=\"heading.default\">\n\t\t\t\t<div class=\"elementor-widget-container\">\n\t\t\t<h2 class=\"elementor-heading-title elementor-size-default\">INSTRUCCIONES AUTORES<\/h2>\t\t<\/div>\n\t\t\t\t<\/div>\n\t\t\t\t\t<\/div>\n\t\t<\/div>\n\t\t\t\t\t<\/div>\n\t\t<\/section>\n\t\t\t\t<section class=\"elementor-section elementor-top-section elementor-element elementor-element-b4e5a38 elementor-section-boxed elementor-section-height-default elementor-section-height-default\" data-id=\"b4e5a38\" data-element_type=\"section\">\n\t\t\t\t\t\t<div class=\"elementor-container elementor-column-gap-default\">\n\t\t\t\t\t<div class=\"elementor-column elementor-col-100 elementor-top-column elementor-element elementor-element-29df742e\" data-id=\"29df742e\" data-element_type=\"column\">\n\t\t\t<div class=\"elementor-widget-wrap elementor-element-populated\">\n\t\t\t\t\t\t<div class=\"elementor-element elementor-element-60d98ce5 elementor-widget elementor-widget-text-editor\" data-id=\"60d98ce5\" data-element_type=\"widget\" data-widget_type=\"text-editor.default\">\n\t\t\t\t<div class=\"elementor-widget-container\">\n\t\t\t\t\t\t\t<p><!-- wp:table --><\/p>\n<p class=\"wp-block-table\"><b>Instrucciones para la redacci\u00f3n<\/b><\/p>\n<p><!-- \/wp:table --><\/p>\n<p><!-- wp:paragraph --><\/p>\n<p>Los art\u00edculos deben ser entregados<strong>\u00a0\u00edntegramente en formato digital<\/strong> para facilitar y agilizar su incorporaci\u00f3n al sitio web de la Fundaci\u00f3n Carraro. Para este fin, solamente ser\u00e1n recibidos los art\u00edculos que sean enviados por correo electr\u00f3nico a info@fundacioncarraro.org. Se aconseja a los autores que retengan una copia para mejor control. Los autores ser\u00e1n responsables de todo lo manifestado en los art\u00edculos.<br \/>El art\u00edculo ser\u00e1 escrito en un procesador de texto y el tama\u00f1o de las hojas estar\u00e1 establecido en A4 (297&#215;210 mm)<\/p>\n<p><!-- \/wp:paragraph --><\/p>\n<p><!-- wp:paragraph --><\/p>\n<p>1. <b>T\u00edtulo<\/b><br \/>2. <b>Iniciales y apellido de los autores<\/b><br \/>3. <b>Lugar (o lugares) de trabajo<\/b><br \/>4. <strong>Cuerpo*<\/strong><\/p>\n<p><!-- \/wp:paragraph --><\/p>\n<p><!-- wp:paragraph --><\/p>\n<p>* Los textos deber\u00e1n comenzar en hoja aparte y tener el siguiente orden:<\/p>\n<p><!-- \/wp:paragraph --><\/p>\n<p><!-- wp:paragraph --><\/p>\n<p>\u2022 Introducci\u00f3n<br \/>\u2022 Materiales y m\u00e9todos<br \/>\u2022 Resultados<br \/>\u2022 Discusi\u00f3n<br \/>\u2022 Agradecimientos<\/p>\n<p><!-- \/wp:paragraph --><\/p>\n<p><!-- wp:paragraph --><\/p>\n<p>Las referencias seguir\u00e1n los lineamientos generales del Documento de Vancouver (1978).<\/p>\n<p><!-- \/wp:paragraph --><\/p>\n<p><!-- wp:paragraph --><\/p>\n<p>Deber\u00e1n numerarse consecutivamente en el orden de su primera aparici\u00f3n en el texto.<\/p>\n<p><!-- \/wp:paragraph --><\/p>\n<p><!-- wp:paragraph --><\/p>\n<p>La lista de referencias deber\u00e1 mantener el siguiente orden: apellido e iniciales de todos los autores, t\u00edtulo completo primera y \u00faltima p\u00e1gina.<\/p>\n<p><!-- \/wp:paragraph --><\/p>\n<p><!-- wp:paragraph --><\/p>\n<p>En el caso de los libros, deber\u00e1 incluirse el a\u00f1o de edici\u00f3n, autor y empresa editorial. Las abreviaturas seguir\u00e1n la \u00faltima edici\u00f3n del Word listo of Scientific Periodicals.<\/p>\n<p><!-- \/wp:paragraph --><\/p>\n<p><!-- wp:paragraph --><\/p>\n<p>Cuando es m\u00e1s de un autor se pondr\u00e1 la abreviatura et. al. Ejemplo:<\/p>\n<p><!-- \/wp:paragraph --><\/p>\n<p><!-- wp:paragraph --><\/p>\n<p>1. SLOBERG, K.; HERSLEY, K.; MOBACKEN, H. Severe oral linchen palnus: remission and maintenance with Vitamin A analogues. J. Oral. Pathol (1983) 2:473-477.<\/p>\n<p><!-- \/wp:paragraph --><\/p>\n<p><!-- wp:paragraph --><\/p>\n<p>Las fotograf\u00edas, tablas, gr\u00e1ficos, radiograf\u00edas, etc. se presentar\u00e1n en formato digital por separado, con indicaci\u00f3n en hoja adjunto de las leyendas que las acompa\u00f1an y el n\u00famero al dorso del orden de aparici\u00f3n en el texto.<\/p>\n<p><!-- \/wp:paragraph --><\/p>\n<p><!-- wp:paragraph --><\/p>\n<p>Todos los art\u00edculos sujetos a la aprobaci\u00f3n del Comit\u00e9 Cient\u00edfico.<\/p>\n<p><!-- \/wp:paragraph --><\/p>\t\t\t\t\t\t<\/div>\n\t\t\t\t<\/div>\n\t\t\t\t\t<\/div>\n\t\t<\/div>\n\t\t\t\t\t<\/div>\n\t\t<\/section>\n\t\t\t\t<\/div>\n\t\t","protected":false},"excerpt":{"rendered":"<p>INSTRUCCIONES AUTORES Instrucciones para la redacci\u00f3n Los art\u00edculos deben ser entregados\u00a0\u00edntegramente en formato digital para facilitar y agilizar su incorporaci\u00f3n al sitio web de la Fundaci\u00f3n Carraro. Para este fin, solamente ser\u00e1n recibidos los art\u00edculos que sean enviados por correo electr\u00f3nico a info@fundacioncarraro.org. Se aconseja a los autores que retengan una copia para mejor control. [&hellip;]<\/p>\n","protected":false},"author":1,"featured_media":418,"parent":0,"menu_order":0,"comment_status":"closed","ping_status":"closed","template":"","meta":{"footnotes":""},"class_list":["post-167","page","type-page","status-publish","has-post-thumbnail","hentry"],"_links":{"self":[{"href":"https:\/\/fundacioncarraro.org\/index.php?rest_route=\/wp\/v2\/pages\/167","targetHints":{"allow":["GET"]}}],"collection":[{"href":"https:\/\/fundacioncarraro.org\/index.php?rest_route=\/wp\/v2\/pages"}],"about":[{"href":"https:\/\/fundacioncarraro.org\/index.php?rest_route=\/wp\/v2\/types\/page"}],"author":[{"embeddable":true,"href":"https:\/\/fundacioncarraro.org\/index.php?rest_route=\/wp\/v2\/users\/1"}],"replies":[{"embeddable":true,"href":"https:\/\/fundacioncarraro.org\/index.php?rest_route=%2Fwp%2Fv2%2Fcomments&post=167"}],"version-history":[{"count":12,"href":"https:\/\/fundacioncarraro.org\/index.php?rest_route=\/wp\/v2\/pages\/167\/revisions"}],"predecessor-version":[{"id":1109,"href":"https:\/\/fundacioncarraro.org\/index.php?rest_route=\/wp\/v2\/pages\/167\/revisions\/1109"}],"wp:featuredmedia":[{"embeddable":true,"href":"https:\/\/fundacioncarraro.org\/index.php?rest_route=\/wp\/v2\/media\/418"}],"wp:attachment":[{"href":"https:\/\/fundacioncarraro.org\/index.php?rest_route=%2Fwp%2Fv2%2Fmedia&parent=167"}],"curies":[{"name":"wp","href":"https:\/\/api.w.org\/{rel}","templated":true}]}}