{"id":184,"date":"2020-06-23T19:58:42","date_gmt":"2020-06-23T19:58:42","guid":{"rendered":"http:\/\/carraro.serverside.es\/?page_id=184"},"modified":"2020-09-28T19:20:28","modified_gmt":"2020-09-28T19:20:28","slug":"instituciones-odontologicas","status":"publish","type":"page","link":"https:\/\/fundacioncarraro.org\/?page_id=184","title":{"rendered":"Instituciones Odontol\u00f3gicas Argentinas"},"content":{"rendered":"\t\t<div data-elementor-type=\"wp-page\" data-elementor-id=\"184\" class=\"elementor elementor-184\" data-elementor-post-type=\"page\">\n\t\t\t\t\t\t<section class=\"elementor-section elementor-top-section elementor-element elementor-element-a3df2a2 elementor-section-boxed elementor-section-height-default elementor-section-height-default\" data-id=\"a3df2a2\" data-element_type=\"section\">\n\t\t\t\t\t\t<div class=\"elementor-container elementor-column-gap-default\">\n\t\t\t\t\t<div class=\"elementor-column elementor-col-100 elementor-top-column elementor-element elementor-element-fd03511\" data-id=\"fd03511\" data-element_type=\"column\">\n\t\t\t<div class=\"elementor-widget-wrap elementor-element-populated\">\n\t\t\t\t\t\t<div class=\"elementor-element elementor-element-aee074f elementor-widget elementor-widget-spacer\" data-id=\"aee074f\" data-element_type=\"widget\" data-widget_type=\"spacer.default\">\n\t\t\t\t<div class=\"elementor-widget-container\">\n\t\t\t\t\t<div class=\"elementor-spacer\">\n\t\t\t<div class=\"elementor-spacer-inner\"><\/div>\n\t\t<\/div>\n\t\t\t\t<\/div>\n\t\t\t\t<\/div>\n\t\t\t\t\t<\/div>\n\t\t<\/div>\n\t\t\t\t\t<\/div>\n\t\t<\/section>\n\t\t\t\t<section class=\"elementor-section elementor-top-section elementor-element elementor-element-7224b6a elementor-section-boxed elementor-section-height-default elementor-section-height-default\" data-id=\"7224b6a\" data-element_type=\"section\">\n\t\t\t\t\t\t<div class=\"elementor-container elementor-column-gap-default\">\n\t\t\t\t\t<div class=\"elementor-column elementor-col-100 elementor-top-column elementor-element elementor-element-ffcda88\" data-id=\"ffcda88\" data-element_type=\"column\">\n\t\t\t<div class=\"elementor-widget-wrap elementor-element-populated\">\n\t\t\t\t\t\t<div class=\"elementor-element elementor-element-63db3fd elementor-widget elementor-widget-heading\" data-id=\"63db3fd\" data-element_type=\"widget\" data-widget_type=\"heading.default\">\n\t\t\t\t<div class=\"elementor-widget-container\">\n\t\t\t<h2 class=\"elementor-heading-title elementor-size-default\">INSTITUCIONES ODONTOL\u00d3GICAS ARGENTINAS<\/h2>\t\t<\/div>\n\t\t\t\t<\/div>\n\t\t\t\t\t<\/div>\n\t\t<\/div>\n\t\t\t\t\t<\/div>\n\t\t<\/section>\n\t\t\t\t<section class=\"elementor-section elementor-top-section elementor-element elementor-element-7df59da0 elementor-section-boxed elementor-section-height-default elementor-section-height-default\" data-id=\"7df59da0\" data-element_type=\"section\">\n\t\t\t\t\t\t<div class=\"elementor-container elementor-column-gap-default\">\n\t\t\t\t\t<div class=\"elementor-column elementor-col-100 elementor-top-column elementor-element elementor-element-7d5342e7\" data-id=\"7d5342e7\" data-element_type=\"column\">\n\t\t\t<div class=\"elementor-widget-wrap elementor-element-populated\">\n\t\t\t\t\t\t<div class=\"elementor-element elementor-element-1e46c3f0 elementor-widget elementor-widget-text-editor\" data-id=\"1e46c3f0\" data-element_type=\"widget\" data-widget_type=\"text-editor.default\">\n\t\t\t\t<div class=\"elementor-widget-container\">\n\t\t\t\t\t\t\t<!-- wp:paragraph -->\n<p><\/p>\n<!-- \/wp:paragraph -->\n\n<!-- wp:table -->\n<figure class=\"wp-block-table\"><table><tbody><tr><td><strong>Instituci\u00f3n<\/strong><\/td><td><strong>Direcci\u00f3n<\/strong><\/td><td><strong>Localidad<\/strong><\/td><\/tr><tr><td>Asoc. Odont. Argentina<\/td><td>Jun\u00edn 959<\/td><td>Capital Federal 1113<\/td><\/tr><tr><td>Asoc. Odont. de Berisso<\/td><td>Valpara\u00edso 1148<\/td><td>Berisso 1923<\/td><\/tr><tr><td>Asoc. Odont. Salte\u00f1a<\/td><td>Espa\u00f1a 1175<\/td><td>Salta 4400<\/td><\/tr><tr><td>Asoc. Odont. de Rosario<\/td><td>Tucum\u00e1n 2373<\/td><td>Rosario, Santa F\u00e9 2000<\/td><\/tr><tr><td>Asoc. Odont. de Lomas de Zamora<\/td><td>Al\u00e9m 243, C.C. 20<\/td><td>L. de Zamora Buenos Aires 1832<\/td><\/tr><tr><td>Asoc. Odont. Marplatense<\/td><td>Avellaneda 2583<\/td><td>Mar del Plata, Bs. As., 7600<\/td><\/tr><tr><td>Asoc. Odont. del Noroeste, Chubut<\/td><td>Julio A. Roca 255, Piso 1<\/td><td>Trelew, Chubut 9100<\/td><\/tr><tr><td>Asoc. Odont. San Andr\u00e9s de Giles<\/td><td>Italia 717<\/td><td>S. Andr\u00e9s de Giles, Buenos Aires 6720<\/td><\/tr><tr><td>Asoc. Odont. de C. del Uruguay<\/td><td>Av. 9 de Julio 1585<\/td><td>C. del Uruguay, Entre R\u00edos 3260<\/td><\/tr><tr><td>Asoc. Odont. de V. Constituci\u00f3n<\/td><td>Mendoza 101<\/td><td>Villa Constituci\u00f3n, Santa Fe 2919, Buenos Aires<\/td><\/tr><tr><td>Asoc. Odont. Ushuaia<\/td><td>Salomon 319<\/td><td>Ushuaia, 9410<\/td><\/tr><tr><td>Asoc. Odont., Depto. de San Lorenzo<\/td><td>Dr. Ghio 689<\/td><td>San Lorenzo, Santa Fe 2200<\/td><\/tr><tr><td>Asoc. Argentina de Ort. Func. de Maxil.<\/td><td>Directorio 1824<\/td><td>Capital Federal 1406<\/td><\/tr><tr><td>Asoc. Odont. S.A.de Giles, Filial Lujan<\/td><td>San Mart\u00edn 1090, San A. de Giles<\/td><td>Buenos Aires 6720<\/td><\/tr><tr><td>Asoc. Marplatense De Odontopediatria.<\/td><td>Salta 2043<\/td><td>7600, Mar del Plata<\/td><\/tr><tr><td>Asoc. Odont. San Lorenzo Sud<\/td><td>Simon De Iriondo 1060<\/td><td>2123, Pujato, Sta. Fe<\/td><\/tr><tr><td>Asoc. Iberoamericana de Odont. Pediatrica<\/td><td>Junin 959 CP. 1113<\/td><td>Buenos Aires<\/td><\/tr><tr><td>Asoc. Implantodontol\u00f3gica Argentina<\/td><td>Bm\u00e9. Mitre 1470 1er P<\/td><td>Buenos Aires<\/td><\/tr><tr><td>Asociaci\u00f3n Rosarina de Ortodoncia<\/td><td>Oro\u00f1o 391<\/td><td>Rosario<\/td><\/tr><tr><td>Ateneo Argentino de Odontolog\u00eda<\/td><td>Anchorena 1176<\/td><td>Capital Federal 1425<\/td><\/tr><tr><td>Circulo Argentino de Odontologia<\/td><td>E. Acevedo 54<\/td><td>Capital Federal<\/td><\/tr><tr><td>C\u00edrculo Odont. Depto. Marcos Ju\u00e1rez<\/td><td>Santa Fe 609<\/td><td>Marcos Ju\u00e1rez, C\u00f3rdoba 2580<\/td><\/tr><tr><td>C\u00edrculo Odont. Correntino<\/td><td>Paraguay 837<\/td><td>Corrientes 3400<\/td><\/tr><tr><td>C\u00edrculo Odont. de 25 de Mayo<\/td><td>Calle 6 entre 26 y 27<\/td><td>25 de Mayo, Buenos Aires 6660<\/td><\/tr><tr><td>C\u00edrculo Odont. de Alberti<\/td><td>Irigoyen 89<\/td><td>Alberti, Buenos Aires 6634<\/td><\/tr><tr><td>C\u00edrculo Odont. de Allen<\/td><td>Av. Roca 19<\/td><td>All\u00e9n, R\u00edo Negro 8328<\/td><\/tr><tr><td>C\u00edrculo Odont. de Alta Gracia<\/td><td>E. Olmos 203<\/td><td>Alta Gracia, C\u00f3rdoba 5186<\/td><\/tr><tr><td>C\u00edrculo Odont. de Alto Uruguay<\/td><td>Mitre 765<\/td><td>Santo Tom\u00e9, Corrientes 3340<\/td><\/tr><tr><td>C\u00edrculo Odont. de Arrecifes<\/td><td>Ricardo Guti\u00e9rrez 756<\/td><td>Arrecifes, Buenos Aires 2740<\/td><\/tr><tr><td>C\u00edrculo Odont. de Avellaneda<\/td><td>Av. Mitre 623, 1er Piso G, CPO. 2<\/td><td>Avellaneda,Buenos Aires 1870<\/td><\/tr><tr><td>C\u00edrculo Odont. de Ayacucho<\/td><td>Alem 1117<\/td><td>Ayacucho, Buenos Aires 7150<\/td><\/tr><tr><td>C\u00edrculo Odont. de Azul<\/td><td>J.A. toca 588<\/td><td>Azul, Buenos Aires 7300<\/td><\/tr><tr><td>C\u00edrculo Odont. de A.P.A.C.O.C.<\/td><td>25 de Mayo 40<\/td><td>Villa Dolores, C\u00f3rdoba 5870<\/td><\/tr><tr><td>C\u00edrculo Odont. de A.Z.O.C.<\/td><td>Sarmiento 1376<\/td><td>R\u00edo II, C\u00f3rdoba 5960<\/td><\/tr><tr><td>C\u00edrculo Odont. de Balcarce<\/td><td>Calle 9 No. 689<\/td><td>Balcarce, Buenos Aires 7620<\/td><\/tr><tr><td>C\u00edrculo Odont. de Baradero<\/td><td>Ar\u00e1oz 1095<\/td><td>Baradero, Buenos Aires 2942<\/td><\/tr><tr><td>C\u00edrculo Odont. de Berazategui<\/td><td>Casilla de Correo 59<\/td><td>Berazategui, Buenos Aires 1884<\/td><\/tr><tr><td>C\u00edrculo Odont. de Bol\u00edvar<\/td><td>Las Heras 45, Local 7<\/td><td>Bol\u00edvar, Buenos Aires 6550<\/td><\/tr><tr><td>C\u00edrculo Odont. de Bragado<\/td><td>Galer\u00eda Centenario, Local 22<\/td><td>Bragado, Buenos Aires 6640<\/td><\/tr><tr><td>C\u00edrculo Odont. de Campana<\/td><td>25 de Mayo 706, A.P. 17<\/td><td>Campana, Buenos Aires 2804<\/td><\/tr><tr><td>C\u00edrculo Odont. de Ca\u00f1uelas<\/td><td>Florida 618<\/td><td>Ca\u00f1uelas, Buenos Aires 1814<\/td><\/tr><tr><td>C\u00edrculo Odont. de Catamarca<\/td><td>Jun\u00edn 220, C.C. 50,<\/td><td>Catamarca 4700<\/td><\/tr><tr><td>C\u00edrculo Odont. de Chacabuco<\/td><td>Corrientes 167<\/td><td>Chacabuco, Buenos Aires 6740<\/td><\/tr><tr><td>C\u00edrculo Odont. de Chajari<\/td><td>Urquiza 1395<\/td><td>Chajari, Entre R\u00edos 3228<\/td><\/tr><tr><td>C\u00edrculo Odont. de Chivilcoy<\/td><td>9 de Julio 138<\/td><td>Chivilcoy, Buenos Aires 6620<\/td><\/tr><tr><td>C\u00edrculo Odont. de Col\u00f3n<\/td><td>12 de Abril 170<\/td><td>C\u00f3lon, Entre R\u00edos 3280<\/td><\/tr><tr><td>C\u00edrculo Odont. de Concordia<\/td><td>25 de Mayo 520<\/td><td>Concordia, Entre R\u00edos 3200<\/td><\/tr><tr><td>C\u00edrculo Odont. de C\u00f3rdoba<\/td><td>27 de Abril 887<\/td><td>C\u00f3rdoba 5000<\/td><\/tr><tr><td>C\u00edrculo Odont. de Cruz del Eje<\/td><td>La Madrid 245<\/td><td>Cruz del Eje, C\u00f3rdoba 5280<\/td><\/tr><tr><td>C\u00edrculo Odont. de C.O.Z.C.O.<\/td><td>Av. Gral. Roca 85<\/td><td>Villa Allende, C\u00f3rdoba 5101<\/td><\/tr><tr><td>C\u00edrculo Odont. de Diamante<\/td><td>Bm\u00e9 Mitre 337<\/td><td>Diamante, Entre R\u00edos 3105<\/td><\/tr><tr><td>C\u00edrculo Odont. de Esquina<\/td><td>Lamela 560<\/td><td>Esquina, Corrientes 3196<\/td><\/tr><tr><td>C\u00edrculo Odont. de Formosa<\/td><td>Av. Gonz\u00e1lez Lelong 366<\/td><td>Formosa 3600<\/td><\/tr><tr><td>C\u00edrculo Odont. de Goya<\/td><td>J. E. Mart\u00ednez 536<\/td><td>Goya, Corrientes 3450<\/td><\/tr><tr><td>C\u00edrculo Odont. de Gral. Viamonte<\/td><td>Coliqueo 236, Los Toldos<\/td><td>Gral. Viamonte, Buenos Aires 6015<\/td><\/tr><tr><td>C\u00edrculo Odont. de Gualeguay<\/td><td>L. Alem 128<\/td><td>Gualeguay, Entre R\u00edos 2840<\/td><\/tr><tr><td>C\u00edrculo Odont. de Gualeguaych\u00fa<\/td><td>25 de Mayo 1111<\/td><td>Gualeguaych\u00fa, Entre R\u00edos 2820<\/td><\/tr><tr><td>C\u00edrculo Odont. de Ituzaingo<\/td><td>Libertador 1793<\/td><td>Ituzaing\u00f3, Corrientes 3302<\/td><\/tr><tr><td>C\u00edrculo Odont. de Ju\u00e1rez<\/td><td>Alsina 145<\/td><td>Ju\u00e1rez, Buenos Aires 7020<\/td><\/tr><tr><td>C\u00edrculo Odont. de Jujuy<\/td><td>Necochea 666<\/td><td>S. Salvador de Jujuy, Jujuy 4600<\/td><\/tr><tr><td>C\u00edrculo Odont. de Jun\u00edn<\/td><td>H. Yrigoyen 120, C.C. 236<\/td><td>Jun\u00edn, Buenos Aires 6000<\/td><\/tr><tr><td>C\u00edrculo Odont. de La Pampa<\/td><td>Lisandro de la Torre 366<\/td><td>Santa Rosa, La Pampa 6300<\/td><\/tr><tr><td>C\u00edrculo Odont. de La Plata<\/td><td>Calle 13 No. 666<\/td><td>La Plata , Buenos Aires<\/td><\/tr><tr><td>C\u00edrculo Odont. de La Rioja<\/td><td>Bm\u00e9. Mitre 924<\/td><td>La Rioja 5300<\/td><\/tr><tr><td>C\u00edrculo Odont. de Lan\u00fas<\/td><td>2 de Mayo 2930, C.C. 16<\/td><td>Lan\u00fas, Buenos Aires 1824<\/td><\/tr><tr><td>C\u00edrculo Odont. de Las Flores<\/td><td>H. Yrigoyen 421<\/td><td>Las Flores, Buenos Aires 7200<\/td><\/tr><tr><td>C\u00edrculo Odont. de Las Varillas<\/td><td>Independencia 174<\/td><td>Las Varillas, C\u00f3rdoba 5940<\/td><\/tr><tr><td>C\u00edrculo Odont. de Lincoln<\/td><td>Alvear 229<\/td><td>Lincoln, Buenos Aires 6070<\/td><\/tr><tr><td>C\u00edrculo Odont. de Loberia<\/td><td>Alberdi 160<\/td><td>Loberia, Buenos Aires 7635<\/td><\/tr><tr><td>C\u00edrculo Odont. de Lobos<\/td><td>9 de Julio 215<\/td><td>Lobos, Buenos Aires 7240<\/td><\/tr><tr><td>C\u00edrculo Odont. de Luj\u00e1n<\/td><td>Alsina 1268<\/td><td>Luj\u00e1n, Buenos Aires 6700<\/td><\/tr><tr><td>C\u00edrculo Odont. Mar del Plata<\/td><td>Moreno 2860<\/td><td>Mar del Plata, Buenos Aires 7600<\/td><\/tr><tr><td>C\u00edrculo Odont. de Mendoza<\/td><td>Godoy Cruz 622<\/td><td>Mendoza 5500<\/td><\/tr><tr><td>C\u00edrculo Odont. de Mercedes<\/td><td>Le\u00f3n Guillet 76, C.C. 49<\/td><td>Mercedes, San Lu\u00eds 5730<\/td><\/tr><tr><td>C\u00edrculo Odont. de Misiones<\/td><td>Ayacucho 1446<\/td><td>Posadas, Misiones 3300<\/td><\/tr><tr><td>C\u00edrculo Odont. de Monte<\/td><td>P.N. Rojas 567<\/td><td>Monte, Buenos Aires 7220<\/td><\/tr><tr><td>C\u00edrculo Odont. de Moreno<\/td><td>Bartolom\u00e9 Mitre 585<\/td><td>Moreno, Buenos Aires 1744<\/td><\/tr><tr><td>C\u00edrculo Odont. de Necochea<\/td><td>Calle 59 No. 2969, C.C. 19<\/td><td>Necochea, Buenos Aires 7630<\/td><\/tr><tr><td>C\u00edrculo Odont. de Neuqu\u00e9n<\/td><td>C\u00f3rdoba 278, C.C. 360<\/td><td>Neuqu\u00e9n 8300<\/td><\/tr><tr><td>C\u00edrculo Odont. de Nogoy\u00e1<\/td><td>Bvd. Espa\u00f1a 1354<\/td><td>Nogoy\u00e1, Entre R\u00edos 3150<\/td><\/tr><tr><td>C\u00edrculo Odont. de Olavarria<\/td><td>Sant Mart\u00edn 3218<\/td><td>Olavarria, Buenos Aires 7400<\/td><\/tr><tr><td>C\u00edrculo Odont. de Paran\u00e1<\/td><td>Corrientes 218<\/td><td>Paran\u00e1, Entre R\u00edos 3100<\/td><\/tr><tr><td>C\u00edrculo Odont. de Pehuajo<\/td><td>Hern\u00e1ndez 634<\/td><td>Pehuaj\u00f3, Buenos Aires 6450<\/td><\/tr><tr><td>C\u00edrculo Odont. de Pergamino<\/td><td>Mitre 874<\/td><td>Pergamino, Buenos Aires 2700<\/td><\/tr><tr><td>C\u00edrculo Odont. de Punilla<\/td><td>Mall\u00edn 324<\/td><td>Cosquin, C\u00f3rdoba 5166<\/td><\/tr><tr><td>C\u00edrculo Odont. de Quilmes<\/td><td>A. del Valle 1234 esq. E. R\u00edos<\/td><td>Quilmes, Buenos Aires 1879<\/td><\/tr><tr><td>C\u00edrculo Odont. de Ramallo<\/td><td>Casilla de Correo 67<\/td><td>V. Ramallo, Buenos Aires 2914<\/td><\/tr><tr><td>C\u00edrculo Odont. de Rauch<\/td><td>Leandro N. Alem 195<\/td><td>Rauch, Buenos Aires 7203<\/td><\/tr><tr><td>C\u00edrculo Odont. de R\u00edo III<\/td><td>V. Sarfield 235<\/td><td>R\u00edo III, C\u00f3rdoba 5850<\/td><\/tr><tr><td>C\u00edrculo Odont. de Rojas<\/td><td>Casilla de Correo 257<\/td><td>Rojas, Buenos Aires 2705<\/td><\/tr><tr><td>C\u00edrculo Odont. de Rosario<\/td><td>Rioja 2471<\/td><td>Rosario, Santa Fe 2000<\/td><\/tr><tr><td>C\u00edrculo Odont. de Saladillo<\/td><td>Julio A. Roca 3383<\/td><td>Saladillo, Buenos Aires 7260<\/td><\/tr><tr><td>C\u00edrculo Odont. de Salto<\/td><td>Bs. As. y Nueve de Julio<\/td><td>Salto, Buenos Aires 2741<\/td><\/tr><tr><td>C\u00edrculo Odont. de San Francisco<\/td><td>Belgrano 1878<\/td><td>San Francisco, C\u00f3rdoba 2400<\/td><\/tr><tr><td>C\u00edrculo Odont. de San Juan<\/td><td>Salta 192 (Sur)<\/td><td>San Juan 5400<\/td><\/tr><tr><td>C\u00edrculo Odont. de San Lu\u00eds<\/td><td>Ayacucho 1362<\/td><td>San Luis 5700<\/td><\/tr><tr><td>C\u00edrculo Odont. de San Nicol\u00e1s<\/td><td>Mitre 461<\/td><td>San Nicol\u00e1s, Buenos Aires 2900<\/td><\/tr><tr><td>C\u00edrculo Odont. de San Pedro<\/td><td>Casilla de Correo 252<\/td><td>San Pedro, Buenos Aires 2930<\/td><\/tr><tr><td>C\u00edrculo Odont. de San Rafael<\/td><td>Avellaneda 253<\/td><td>San Rafael, Mendoza 5600<\/td><\/tr><tr><td>C\u00edrculo Odont. de Tandil<\/td><td>Av. Espa\u00f1a 485<\/td><td>Tandil, Buenos Aires 7000<\/td><\/tr><tr><td>C\u00edrculo Odont. de Arroyos<\/td><td>Dorrego 379<\/td><td>Tres Arroyos, Buenos Aires 7500<\/td><\/tr><tr><td>C\u00edrculo Odont. de Uni\u00f3n<\/td><td>Pasaje 9 de Julio 431<\/td><td>Bell Ville, C\u00f3rdoba 2550<\/td><\/tr><tr><td>C\u00edrculo Odont. de Victoria<\/td><td>Maip\u00fa 26<\/td><td>Victoria, Entre R\u00edos 3153<\/td><\/tr><tr><td>C\u00edrculo Odont. de Villa Mar\u00eda<\/td><td>9 de Julio 531<\/td><td>Villa Mar\u00eda, C\u00f3rdoba 5900<\/td><\/tr><tr><td>C\u00edrculo Odont. de Villa Regina<\/td><td>Espa\u00f1a 149<\/td><td>Villa Regina, R\u00edo Negro 8336<\/td><\/tr><tr><td>C\u00edrculo Odont. de Villaguay<\/td><td>Dorrego 455<\/td><td>Villaguay, Entre R\u00edos 3240<\/td><\/tr><tr><td>C\u00edrculo Odont. de Z\u00e1rate<\/td><td>Independencia 625<\/td><td>Z\u00e1rate, Buenos Aires 2800<\/td><\/tr><tr><td>C\u00edrculo Odont. del Chaco<\/td><td>Av. San Mart\u00edn 125<\/td><td>Resistencia, Chaco 3500<\/td><\/tr><tr><td>C\u00edrculo Odont. del Este<\/td><td>Alvarez Condarco 26<\/td><td>San Mart\u00edn, Mendoza 5570<\/td><\/tr><tr><td>C\u00edrculo Odont. del Norte<\/td><td>Av. Gral. San Mart\u00edn 16056<\/td><td>San Isidro, Buenos Aires 1642<\/td><\/tr><tr><td>C\u00edrculo Odont. del Oeste<\/td><td>Necochea 738<\/td><td>Ramos Mej\u00eda 1740<\/td><\/tr><tr><td>C\u00edrculo Odont. del Sur<\/td><td>Fitz Roy 673<\/td><td>Bah\u00eda Blanca<\/td><\/tr><tr><td>C\u00edrculo Odont. del Valle de Uco<\/td><td>El\u00edas Villanueva 43<\/td><td>Tunuy\u00e1n, Mendoza 5560<\/td><\/tr><tr><td>C\u00edrculo Odont. Libres del Sur<\/td><td>Vucetich 218<\/td><td>Dolores, Buenos Aires 7100<\/td><\/tr><tr><td>C\u00edrculo Odont. Santafesino<\/td><td>Catamarca 2467,<\/td><td>Santa F\u00e9 3000<\/td><\/tr><tr><td>C\u00edrculo Odont. Santiague\u00f1o<\/td><td>H. Yrigoyen 565<\/td><td>Santiago del Estero 4200<\/td><\/tr><tr><td>C\u00edrculo Odont. Tucumano<\/td><td>Salta 385<\/td><td>S.M. del Tucum\u00e1n, Tucum\u00e1n 4000<\/td><\/tr><tr><td>C\u00edrculo Odont. Vicente L\u00f3pez<\/td><td>Av. San Mart\u00edn 2499, 1ro.<\/td><td>Florida, Buenos Aires 1602<\/td><\/tr><tr><td>C\u00edrculo Odont. de Belgrano<\/td><td>Vuelta de Obligado 1826, Dto. 2<\/td><td>Capital Federal 1428<\/td><\/tr><tr><td>C\u00edrculo Odont. de Carlos Casares<\/td><td>Casilla de Correo 79<\/td><td>C. Casares, Buenos Aires 6530<\/td><\/tr><tr><td>C\u00edrculo Odont. de Coronel Su\u00e1rez<\/td><td>Avellaneda 1454<\/td><td>Cnel. Su\u00e1rez, Buenos Aires 7540<\/td><\/tr><tr><td>C\u00edrculo Odont. de Gral. Arenales<\/td><td>Rafael Reta s\/n<\/td><td>Ascenci\u00f3n, Buenos Aires 6003<\/td><\/tr><tr><td>C\u00edrculo Odont. de Nueve de Julio<\/td><td>C\u00f3rdoba 358<\/td><td>9 de Julio, Buenos Aires 6500<\/td><\/tr><tr><td>C\u00edrculo Odont. de R\u00edo Negro Este<\/td><td>7 de Marzo 2454<\/td><td>Viedma, R\u00edo Negro 8500<\/td><\/tr><tr><td>C\u00edrculo Odont. de Trenque Lauquen<\/td><td>Casilla de Correo 92<\/td><td>Trenque Lauquen, Buenos Aires 6400<\/td><\/tr><tr><td>C\u00edrculo Odont. Esteban Echeverria<\/td><td>Alem 417, Gal. Plaza, E. P., Of. 39<\/td><td>Monte Grande, Buenos Aires 1842<\/td><\/tr><tr><td>C\u00edrculo Odont. del Oeste de Chubut<\/td><td>Alvear 929<\/td><td>Esquel, Chubut 9200<\/td><\/tr><tr><td>C\u00edrculo Odont. de Alte. Brown<\/td><td>Cerretti 818, C.C. 24<\/td><td>Adrogu\u00e9, Buenos Aires 1846<\/td><\/tr><tr><td>C\u00edrculo Odont. de Coronel Pringles<\/td><td>S\u00e1enz Pena 905<\/td><td>Cnel. Pringles, Buenos Aires 7530<\/td><\/tr><tr><td>C\u00edrculo Odont. de Florencio Varela<\/td><td>Monteagudo 146<\/td><td>F. Varela, Buenos Aires 1888<\/td><\/tr><tr><td>C\u00edrculo Odont. de General Alvear<\/td><td>S\u00e1enz Pena 124<\/td><td>Gral. Alvear, Mendoza 5620<\/td><\/tr><tr><td>C\u00edrculo Odont. de Mercedes (CTES.)<\/td><td>Belgrano 650, Gal. Malnira, L.10<\/td><td>Mercedes, Corrientes 3470<\/td><\/tr><tr><td>C\u00edrculo Odont. de Rosario del Tala<\/td><td>25 de Mayo 417<\/td><td>Rosario del Tala, Entre R\u00edos 3174<\/td><\/tr><tr><td>C\u00edrculo Odont. del Sur (Chascomus)<\/td><td>Bol\u00edvar 196, 1ro., Of.7<\/td><td>Chascom\u00fas, Buenos Aires 7130<\/td><\/tr><tr><td>C\u00edrculo Odont. Regional de R\u00edo IV<\/td><td>Corrientes 156<\/td><td>R\u00edo IV, C\u00f3rdoba 5800<\/td><\/tr><tr><td>C\u00edrculo Odont. de Comodoro Rivadavia<\/td><td>Italia 826\/46, P.B., Of.7<\/td><td>Comodoro Rivadavia, Chubut 9000<\/td><\/tr><tr><td>C\u00edrculo Odont. de La Paz Y Feliciano<\/td><td>San Mart\u00edn 526<\/td><td>La Paz , Entre R\u00edos 3190<\/td><\/tr><tr><td>C\u00edrculo Odont. Concepci\u00f3n del Uruguay<\/td><td>9 de Julio 1070, Local 18<\/td><td>C. del Uruguay, Entre R\u00edos 3260<\/td><\/tr><tr><td>C\u00edrculo Odont. de Gral. Belgrano<\/td><td>9 de Julio 584<\/td><td>Gral. Belgrano, Buenos Aires 7223<\/td><\/tr><tr><td>C\u00edrculo Odont. del Dto. Federaci\u00f3n<\/td><td>9 de Julio 3085, Chajari,<\/td><td>Entre R\u00edos 3228<\/td><\/tr><tr><td>C\u00edrculo Odont. de 9 de Julio F. Bragado<\/td><td>Cnel. del Busto 1624<\/td><td>Bragado, Buenos Aires 6640<\/td><\/tr><tr><td>C\u00edrculo Odont. de Henderson Y Daireaux<\/td><td>Sarmiento 435<\/td><td>Henderson, Buenos Aires 6463<\/td><\/tr><tr><td>C\u00edrculo Odont. de San Antonio de Areco<\/td><td>Belgrano 417<\/td><td>San Antonio de Areco, Bs. As. 2760<\/td><\/tr><tr><td>C\u00edrculo Odont. del Sudeste Bonaerense<\/td><td>Casilla de Correo 110<\/td><td>Gonz\u00e1lez Chaves, Buenos Aires 7513<\/td><\/tr><tr><td>C\u00edrculo Odont. de Bella Vista<\/td><td>Sgo. del Estero 779<\/td><td>Bella Vista, Corrientes 3432<\/td><\/tr><tr><td>C\u00edrculo Odont. de Monte Caseros<\/td><td>Perello 414<\/td><td>Monte Caseros, Corrientes 3220<\/td><\/tr><tr><td>C\u00edrculo Odont. de Curuzu Cuatia<\/td><td>Gdor. G\u00f3mez 715<\/td><td>Curuz\u00fa Cuati\u00e1, Corrientes 3460<\/td><\/tr><tr><td>C\u00edrculo Odont. de Paso de los Libres<\/td><td>Rivadavia 1270<\/td><td>Paso de Los Libres, Corrientes 3230<\/td><\/tr><tr><td>C\u00edrculo Odont. Regional de R\u00edo Tercero<\/td><td>Dean Funes 276<\/td><td>R\u00edo Tercero, C\u00f3rdoba 5850<\/td><\/tr><tr><td>C\u00edrculo Odont. Regional de Venado Tuerto<\/td><td>Pueyrred\u00f3n 574<\/td><td>Venado Tuerto, Santa Fe 2600<\/td><\/tr><tr><td>C\u00edrculo Odont. de Jes\u00fas M. Colonia Caroya<\/td><td>Av. San Mart\u00edn 2354<\/td><td>Colonia Caroya, C\u00f3rdoba 5223<\/td><\/tr><tr><td>C\u00edrculo Odont. S. Mart\u00edn Y Tres de Febrero<\/td><td>Sarmiento 72, 2do \u00abP\u00bb<\/td><td>San Mart\u00edn, Buenos Aires 1650<\/td><\/tr><tr><td>Colegio de Odont\u00f3logos de Cipolletti<\/td><td>Sarmiento 336, Cipolletti,<\/td><td>R\u00edo Negro 8324<\/td><\/tr><tr><td>Colegio de Odont\u00f3logos de C\u00f3rdoba<\/td><td>Cnel. Olmedo 35<\/td><td>C\u00f3rdoba, C\u00f3rdoba 5000<\/td><\/tr><tr><td>Colegio de Odont\u00f3logos de Corrientes<\/td><td>San Juan 513<\/td><td>Corrientes 3400<\/td><\/tr><tr><td>Colegio de Odont\u00f3logos de Gral. Roca<\/td><td>San Mart\u00edn 1510<\/td><td>Gral. Roca, R\u00edo Negro 8332<\/td><\/tr><tr><td>Colegio de Odont\u00f3logos de Misiones<\/td><td>Ayacucho 1446<\/td><td>Posadas, Misiones 3300<\/td><\/tr><tr><td>Colegio de Odont\u00f3logos de Salta<\/td><td>Bol\u00edvar 687<\/td><td>Salta 4400<\/td><\/tr><tr><td>Colegio de Odont\u00f3logos de Santa Cruz<\/td><td>Gral. Paz 46, Provincial<\/td><td>R\u00edo Gallegos, Santa Cruz 9400<\/td><\/tr><tr><td>Colegio de Odont\u00f3logos del Chaco<\/td><td>Av. San Mart\u00edn 125<\/td><td>Resistencia, Chaco 3500<\/td><\/tr><tr><td>Colegio de Odont\u00f3logos de Catamarca<\/td><td>Jun\u00edn 220<\/td><td>Catamarca 4700<\/td><\/tr><tr><td>Colegio de Odont\u00f3logos de Cinco Saltos<\/td><td>Alte. Brown 346<\/td><td>Cinco Saltos, R\u00edo Negro 3038<\/td><\/tr><tr><td>Colegio de Odont\u00f3logos de Entre R\u00edos<\/td><td>Urquiza 1063<\/td><td>Paran\u00e1, Entre R\u00edos 3100<\/td><\/tr><tr><td>Colegio de Odont\u00f3logos de Santa F\u00e9 (1ra.C)<\/td><td>San Luis 3457<\/td><td>Santa F\u00e9 3000<\/td><\/tr><tr><td>Colegio de Odont\u00f3logos de Santa F\u00e9 (2da.C)<\/td><td>9 de Julio 1677<\/td><td>Rosario, Santa F\u00e9 2000<\/td><\/tr><tr><td>Colegio de Odont\u00f3logos de Tucum\u00e1n<\/td><td>Salta 387<\/td><td>S.M. de Tucum\u00e1n 4000<\/td><\/tr><tr><td>Colegio de Odont\u00f3logos San Carlos de Bariloche<\/td><td>A. Gallardo 785, 1r. Piso, Of.6<\/td><td>San C. de Bariloche, R\u00edo Negro 8400<\/td><\/tr><tr><td>Colegio de Odont\u00f3logos de Bs. As. (Distr. II)<\/td><td>Alberdi 59<\/td><td>1875, Avellaneda, Bs. As.<\/td><\/tr><tr><td>Colegio de Odont\u00f3logos de Bs. As. (Distr. VI)<\/td><td>Mitre 874<\/td><td>Pergamino, Buenos Aires 2700<\/td><\/tr><tr><td>Colegio de Odont\u00f3logos de Bs. As. (Distr. X)<\/td><td>Undiano 430<\/td><td>Bah\u00eda Blanca, Buenos Aires 8000<\/td><\/tr><tr><td>Colegio de Odont\u00f3logos de Bs. As. (Distr. VII)<\/td><td>Sgo. del Estero 1086<\/td><td>9 de Julio, Buenos Aires 6500<\/td><\/tr><tr><td>Colegio de Odont\u00f3logos de Buenos Aires<\/td><td>Calle 15, No.672 bis<\/td><td>La Plata , Buenos Aires 1900<\/td><\/tr><tr><td>Confederaci\u00f3n Odont. de la Rep. Argentina<\/td><td>Riobamba 373, 2do. Piso, D<\/td><td>Capital Federal 1025<\/td><\/tr><tr><td>Consejo Federativo de Odont\u00f3logos de Corrientes<\/td><td>San Juan 513<\/td><td>Corrientes 3400<\/td><\/tr><tr><td>Federaci\u00f3n Odont. de Mendoza<\/td><td>Godoy Cruz 622<\/td><td>Mendoza 5500<\/td><\/tr><tr><td>Federaci\u00f3n Odont. Entrerriana<\/td><td>Urquiza 1063<\/td><td>Paran\u00e1, Entre R\u00edos 3100<\/td><\/tr><tr><td>Federaci\u00f3n Odont. de la Pcia. de Bs. Aires<\/td><td>Av. Belgrano 1370, Piso 3<\/td><td>Capital Federal 1093<\/td><\/tr><tr><td>Federaci\u00f3n Odont. de La Ciudad de Bs. Aires<\/td><td>Jun\u00edn 959<\/td><td>Capital Federal 1113<\/td><\/tr><tr><td>Federaci\u00f3n Odont. de Corrientes<\/td><td>Angel Soto 719<\/td><td>Goya, Corrientes 3450<\/td><\/tr><tr><td>Federaci\u00f3n Gremial Odont. de la Pcia. de C\u00f3rdoba<\/td><td>9 de Julio 1179,<\/td><td>C\u00f3rdoba 5000<\/td><\/tr><tr><td>Federaci\u00f3n Odont. de R\u00edo Negro<\/td><td>Espa\u00f1a 1208, Piso 1, 9<\/td><td>Gral. Roca, R\u00edo Negro 8332<\/td><\/tr><\/tbody><\/table><\/figure>\n<!-- \/wp:table -->\t\t\t\t\t\t<\/div>\n\t\t\t\t<\/div>\n\t\t\t\t\t<\/div>\n\t\t<\/div>\n\t\t\t\t\t<\/div>\n\t\t<\/section>\n\t\t\t\t<\/div>\n\t\t","protected":false},"excerpt":{"rendered":"<p>INSTITUCIONES ODONTOL\u00d3GICAS ARGENTINAS Instituci\u00f3n Direcci\u00f3n Localidad Asoc. Odont. Argentina Jun\u00edn 959 Capital Federal 1113 Asoc. Odont. de Berisso Valpara\u00edso 1148 Berisso 1923 Asoc. Odont. Salte\u00f1a Espa\u00f1a 1175 Salta 4400 Asoc. Odont. de Rosario Tucum\u00e1n 2373 Rosario, Santa F\u00e9 2000 Asoc. Odont. de Lomas de Zamora Al\u00e9m 243, C.C. 20 L. de Zamora Buenos Aires 1832 [&hellip;]<\/p>\n","protected":false},"author":1,"featured_media":0,"parent":0,"menu_order":0,"comment_status":"closed","ping_status":"closed","template":"","meta":{"footnotes":""},"class_list":["post-184","page","type-page","status-publish","hentry"],"_links":{"self":[{"href":"https:\/\/fundacioncarraro.org\/index.php?rest_route=\/wp\/v2\/pages\/184","targetHints":{"allow":["GET"]}}],"collection":[{"href":"https:\/\/fundacioncarraro.org\/index.php?rest_route=\/wp\/v2\/pages"}],"about":[{"href":"https:\/\/fundacioncarraro.org\/index.php?rest_route=\/wp\/v2\/types\/page"}],"author":[{"embeddable":true,"href":"https:\/\/fundacioncarraro.org\/index.php?rest_route=\/wp\/v2\/users\/1"}],"replies":[{"embeddable":true,"href":"https:\/\/fundacioncarraro.org\/index.php?rest_route=%2Fwp%2Fv2%2Fcomments&post=184"}],"version-history":[{"count":9,"href":"https:\/\/fundacioncarraro.org\/index.php?rest_route=\/wp\/v2\/pages\/184\/revisions"}],"predecessor-version":[{"id":1107,"href":"https:\/\/fundacioncarraro.org\/index.php?rest_route=\/wp\/v2\/pages\/184\/revisions\/1107"}],"wp:attachment":[{"href":"https:\/\/fundacioncarraro.org\/index.php?rest_route=%2Fwp%2Fv2%2Fmedia&parent=184"}],"curies":[{"name":"wp","href":"https:\/\/api.w.org\/{rel}","templated":true}]}}