{"id":187,"date":"2020-06-23T19:59:02","date_gmt":"2020-06-23T19:59:02","guid":{"rendered":"http:\/\/carraro.serverside.es\/?page_id=187"},"modified":"2020-09-28T19:34:45","modified_gmt":"2020-09-28T19:34:45","slug":"soc-cientificas-de-periodoncia","status":"publish","type":"page","link":"https:\/\/fundacioncarraro.org\/?page_id=187","title":{"rendered":"Soc. Cient\u00edficas de Periodoncia"},"content":{"rendered":"\t\t<div data-elementor-type=\"wp-page\" data-elementor-id=\"187\" class=\"elementor elementor-187\" data-elementor-post-type=\"page\">\n\t\t\t\t\t\t<section class=\"elementor-section elementor-top-section elementor-element elementor-element-2bcc6bf elementor-section-boxed elementor-section-height-default elementor-section-height-default\" data-id=\"2bcc6bf\" data-element_type=\"section\">\n\t\t\t\t\t\t<div class=\"elementor-container elementor-column-gap-default\">\n\t\t\t\t\t<div class=\"elementor-column elementor-col-100 elementor-top-column elementor-element elementor-element-969c95f\" data-id=\"969c95f\" data-element_type=\"column\">\n\t\t\t<div class=\"elementor-widget-wrap elementor-element-populated\">\n\t\t\t\t\t\t<div class=\"elementor-element elementor-element-020ac45 elementor-widget elementor-widget-spacer\" data-id=\"020ac45\" data-element_type=\"widget\" data-widget_type=\"spacer.default\">\n\t\t\t\t<div class=\"elementor-widget-container\">\n\t\t\t\t\t<div class=\"elementor-spacer\">\n\t\t\t<div class=\"elementor-spacer-inner\"><\/div>\n\t\t<\/div>\n\t\t\t\t<\/div>\n\t\t\t\t<\/div>\n\t\t\t\t\t<\/div>\n\t\t<\/div>\n\t\t\t\t\t<\/div>\n\t\t<\/section>\n\t\t\t\t<section class=\"elementor-section elementor-top-section elementor-element elementor-element-9118ec7 elementor-section-boxed elementor-section-height-default elementor-section-height-default\" data-id=\"9118ec7\" data-element_type=\"section\">\n\t\t\t\t\t\t<div class=\"elementor-container elementor-column-gap-default\">\n\t\t\t\t\t<div class=\"elementor-column elementor-col-100 elementor-top-column elementor-element elementor-element-06ef879\" data-id=\"06ef879\" data-element_type=\"column\">\n\t\t\t<div class=\"elementor-widget-wrap elementor-element-populated\">\n\t\t\t\t\t\t<div class=\"elementor-element elementor-element-c22cfaa elementor-widget elementor-widget-heading\" data-id=\"c22cfaa\" data-element_type=\"widget\" data-widget_type=\"heading.default\">\n\t\t\t\t<div class=\"elementor-widget-container\">\n\t\t\t<h2 class=\"elementor-heading-title elementor-size-default\">SOCIEDADES CIENT\u00cdFICAS DE PERIODONCIA<\/h2>\t\t<\/div>\n\t\t\t\t<\/div>\n\t\t\t\t\t<\/div>\n\t\t<\/div>\n\t\t\t\t\t<\/div>\n\t\t<\/section>\n\t\t\t\t<section class=\"elementor-section elementor-top-section elementor-element elementor-element-f2d71a9 elementor-section-boxed elementor-section-height-default elementor-section-height-default\" data-id=\"f2d71a9\" data-element_type=\"section\">\n\t\t\t\t\t\t<div class=\"elementor-container elementor-column-gap-default\">\n\t\t\t\t\t<div class=\"elementor-column elementor-col-100 elementor-top-column elementor-element elementor-element-518f329\" data-id=\"518f329\" data-element_type=\"column\">\n\t\t\t<div class=\"elementor-widget-wrap elementor-element-populated\">\n\t\t\t\t\t\t<div class=\"elementor-element elementor-element-54294fe elementor-widget elementor-widget-text-editor\" data-id=\"54294fe\" data-element_type=\"widget\" data-widget_type=\"text-editor.default\">\n\t\t\t\t<div class=\"elementor-widget-container\">\n\t\t\t\t\t\t\t<p>\u00a0<\/p><p><strong>FEDERACIONES<\/strong><\/p><ul><li>European Federation of Periodontology\u00a0&#8211;\u00a0<a href=\"http:\/\/www.efp.net\/\">www.efp.net<\/a><\/li><li>Federaci\u00f3n Ibero Panamericana de Periodoncia\u00a0&#8211; Contacto: Dr. Hugo Romanelli &#8211;\u00a0<a href=\"mailto:odontologia@maimonides.edu.ar\">odontologia@maimonides.edu.ar<\/a><\/li><li>International Academy of Periodontology\u00a0&#8211;\u00a0<a href=\"http:\/\/www.perioiap.org\/\">www.perioiap.org<\/a><\/li><\/ul><p>\u00a0<\/p><hr \/><p><strong><br \/><br \/>SOCIEDADES AMERICANAS\u00a0<\/strong><em>(Ver sociedades argentinas del interior)<\/em><\/p><ul><li>The American Academy of Periodontology\u00a0&#8211;\u00a0<a href=\"http:\/\/www.perio.org\/\">www.perio.org<\/a><\/li><li>Sociedad Argentina de Periodoncia\u00a0&#8211;<a href=\"http:\/\/www.aoa.org.ar\/\">www.aoa.org.ar<\/a>&#8211;\u00a0<a href=\"http:\/\/www.saperiodoncia.org.ar\/\">www.saperiodoncia.org.ar<\/a>\u00a0<\/li><li>Sociedad Boliviana de Periodoncia\u00a0&#8211; Contacto: Dr.Luis G. Peredo &#8211;\u00a0<a href=\"mailto:paojimenezd@hotmail.com\">paojimenezd@hotmail.com<\/a><\/li><li>Sociedad Brasilera de Periodoncia\u00a0&#8211;\u00a0<a href=\"http:\/\/www.sobrape.org.br\/\">www.sobrape.org.br<\/a><\/li><li>Sociedad de Periodoncia de Chile\u00a0&#8211;\u00a0<a href=\"http:\/\/www.spch.cl\/\">www.spch.cl<\/a><\/li><li>Sociedad Colombiana de Periodoncia\u00a0&#8211;\u00a0<a href=\"http:\/\/www.sociedadcolombianadeperiodoncia.org.co\/\">www.sociedadcolombianadeperiodoncia.org.co<\/a><\/li><li>Sociedad Dominicana de Periodoncia\u00a0&#8211; Contacto: Dr. James Collins &#8211;\u00a0<a href=\"mailto:drjcollins@hotmal.com\">drjcollins@hotmal.com<\/a>|\u00a0<a href=\"http:\/\/www.sodoperio.com\/\">www.sodoperio.com<\/a><\/li><li>Asociaci\u00f3n Mexicana de Periodontolog\u00eda\u00a0&#8211;\u00a0<a href=\"http:\/\/www.periodontologia.org.mx\/newVersion\/\">www.periodontologia.org<\/a><\/li><li>Sociedad Paname\u00f1a de Periodoncia\u00a0&#8211; Contacto: Dra. Monica Shedden &#8211;\u00a0<a href=\"mailto:monica@pacificdentalclinic.com\">monica@pacificdentalclinic.com<\/a>|\u00a0<a href=\"http:\/\/www.periodoncistas.org\/\">www.periodoncistas.org<\/a><\/li><li>Asociaci\u00f3n Peruana de Periodoncia y Oseointegraci\u00f3n\u00a0&#8211;\u00a0<a href=\"http:\/\/www.appo.com.pe\/index.htm\">www.appo.com.pe<\/a><\/li><li>Sociedad de Periodoncia de Puerto Rico\u00a0&#8211; Contacto: Dr. Carlos Qui\u00f1ones &#8211;\u00a0<a href=\"mailto:crquinones@coqui.net\">crquinones@coqui.net<\/a><\/li><li>Sociedad Uruguaya de Periodoncia\u00a0&#8211; Contacto: Dra. Laura Valls &#8211;\u00a0<a href=\"mailto:superiodoncia2@gmail.com\">superiodoncia2@gmail.com<\/a>|\u00a0<a href=\"http:\/\/www.aou.org.uy\/\">www.aou.org.uy<\/a><\/li><li>Sociedad Venezolana de Periodoncia\u00a0&#8211;<a href=\"http:\/\/www.svperiodontologia.org.ve\/\">www.svperiodontologia.org.ve<\/a><\/li><li>Asociaci\u00f3n Salvadore\u00f1a de Periodoncia\u00a0&#8211; Contacto: Dr. E. Adri\u00e1n A. Valient &#8211;\u00a0<a href=\"mailto:avendano@periodoncia.com.sv\">avendano@periodoncia.com.sv<\/a><\/li><li>Academia Ecuatoriana de Periodoncia\u00a0&#8211; Contacto: Dr. Carlos Aguilar &#8211;\u00a0<a href=\"mailto:calvear@ecua.net.ec\">calvear@ecua.net.ec<\/a><\/li><\/ul><p>\u00a0<\/p><hr \/><p><strong><br \/><br \/>SOCIEDADES EUROPEAS<\/strong><\/p><ul><li>Autrian Society of Periodontology\u00a0&#8211;\u00a0<a href=\"http:\/\/www.oegp.at\/\">www.oegp.at<\/a><\/li><li>Belgian Society of Periodontology\u00a0&#8211;\u00a0<a href=\"http:\/\/www.parodontologie.be\/\">www.parodontologie.be<\/a><\/li><li>British Society of Periodontology\u00a0&#8211;\u00a0<a href=\"http:\/\/www.bsperio.org\/\">www.bsperio.org<\/a><\/li><li>Croatian Society of Periodontology\u00a0&#8211; Contacto: Prof. Ksenija Jorgic-Srdjak &#8211;\u00a0<a href=\"mailto:srdjak@sfzg.hr\">srdjak@sfzg.hr<\/a><\/li><li>Czech Society of Periodontology\u00a0&#8211; Contacto: Prof. Ivo Drizhal &#8211;\u00a0<a href=\"mailto:milned2@volny.cz\">milned2@volny.cz<\/a><\/li><li>Danish Society of Periodontology\u00a0&#8211;\u00a0<a href=\"http:\/\/www.dps.subnet.dk\/\">www.dps.subnet.dk<\/a><\/li><li>Dutch Society of Periodontology\u00a0&#8211;\u00a0<a href=\"http:\/\/www.nvvp.org\/\">www.nvvp.org<\/a><\/li><li>Finnish Society of Periodontology\u00a0&#8211; Contacto: Riitta Pajukanta &#8211;\u00a0<a href=\"mailto:riitta.pajukanta@pp.inet.fi\">riitta.pajukanta@pp.inet.fi<\/a><\/li><li>French Society of Periodontology\u00a0&#8211;\u00a0<a href=\"http:\/\/www.sfparo.org\/\">www.Sfparo.org<\/a><\/li><li>German Society of Periodontology\u00a0&#8211;\u00a0<a href=\"http:\/\/www.dgparo.de\/\">www.dgparo.de<\/a><\/li><li>Hellenic Society of Periodontology\u00a0&#8211;\u00a0<a href=\"http:\/\/www.periodontology.gr\/\">www.periodontology.gr<\/a><\/li><li>Hungarian Society of Periodontology\u00a0&#8211; Contacto: Prof. Dr. Istvan Gera &#8211;\u00a0<a href=\"http:\/\/www.fundacioncarraro.org\/Gera@szajseb.sote.hu\">Gera@szajseb.sote.hu<\/a><\/li><li>Irish Society of Periodontology\u00a0&#8211; Contacto: Dr. Anne O&#8217;Donoghue &#8211;\u00a0<a href=\"mailto:perio@iol.ie\">perio@iol.ie<\/a><\/li><li>Italian Society of Periodontology\u00a0&#8211;\u00a0<a href=\"http:\/\/www.promoleader.com\/sidp\">www.promoleader.com\/sidp<\/a><\/li><li>Norwegian Society of Periodontology\u00a0&#8211; Contacto: Henning Lygre &#8211;<a href=\"mailto:henning.lygre@odont.uib.no\">henning.lygre@odont.uib.no<\/a><\/li><li>Portuguese Society of Periodontology\u00a0&#8211; Contacto: Dr Gil Alcoforado &#8211;\u00a0<a href=\"mailto:gilalcoforado@doctor.com\">gilalcoforado@doctor.com<\/a><\/li><li>Slovenian Society of Periodontology\u00a0&#8211; Contacto: Prof.Uros Skaleric &#8211;\u00a0<a href=\"mailto:scaleric@imbi.mf.uni-lj.si\">scaleric@imbi.mf.uni-lj.si<\/a><\/li><li>Slovenia Slovenian and Montenegrian Society of Periodontology\u00a0&#8211; Contacto: Pte. Prof. Dr. Uros Skaleric<br \/><a href=\"mailto:scaleric@imbi.mf.uni-li.si\">scaleric@imbi.mf.uni-li.si<\/a><\/li><li>Spanish Society of Periodontology\u00a0&#8211;\u00a0<a href=\"http:\/\/www.sepa.es\/\">www.sepa.es<\/a><\/li><li>Swedish Society of Periodontology\u00a0&#8211; Contacto: Dr Ola Norderyd &#8211;<a href=\"mailto:ola.norderyd@ltjkpg.se\">ola.norderyd@ltjkpg.se<\/a><\/li><li>Swiss Society of Periodontology\u00a0&#8211;\u00a0<a href=\"http:\/\/www.parodontologie.ch\/\">www.parodontologie.ch<\/a><\/li><li>Turkish Society of Periodontology\u00a0&#8211; Contacto: Dr.Ozen Tuncer &#8211;\u00a0<a href=\"mailto:ozentuncer@trk.net\">ozentuncer@trk.net<\/a><\/li><\/ul><p>\u00a0<\/p><hr \/><p><strong><br \/><br \/>OTRAS SOCIEDADES DEL MUNDO<\/strong><\/p><ul><li>Academy of Periodontology R.O.C. (Taiwan)\u00a0&#8211;\u00a0<a href=\"http:\/\/www.aproc.org.tw\/\">www.aproc.org.tw<\/a><\/li><li>Australian and New Zealand Academy of Periodontists\u00a0&#8211;\u00a0<a href=\"http:\/\/www.perio.org.au\/\">www.perio.org.au<\/a><\/li><li>Egyptian Periodontal Society\u00a0&#8211;\u00a0<a href=\"http:\/\/www.eprs.org\/\">www.eprs.org<\/a><\/li><li>Hong Kong Society of Periodontology\u00a0&#8211;\u00a0<a href=\"http:\/\/www.hkperio.org\/\">www.hkperio.org<\/a><\/li><li>Israeli Society of Periodontology\u00a0&#8211;\u00a0<a href=\"http:\/\/www.perio.org.il\/\">www.perio.org.il<\/a><\/li><li>Japanese Society of Periodontology &#8211;\u00a0<a href=\"http:\/\/www.perio.jp\/\">www.perio.jp<\/a><\/li><li>Korean Academy of Periodontology\u00a0&#8211;\u00a0<a href=\"http:\/\/www.kperio.org\/\">www.kperio.org<\/a><\/li><li>Moroccan Society of Periodontology\u00a0&#8211; Contacto: Prof. Himmiche Mohamed &#8211;\u00a0<a href=\"mailto:himmiche@wanadoo.net.ma\">himmiche@wanadoo.net.ma<\/a><\/li><li>Society of Periodontology (Singapore)\u00a0&#8211; Contacto: Dr. Marianne Ong &#8211;\u00a0<a href=\"mailto:marianneong@mac.com\">marianneong@mac.com<\/a><\/li><\/ul><p>\u00a0<\/p><hr \/><p><strong><br \/><br \/>SOCIEDADES ARGENTINAS DE PERIODONCIA DEL INTERIOR<\/strong><\/p><ul><li>Sociedad Argentina de Periodoncia (SAP)<br \/>SRA. PRESIDENTE DRA. RAQUEL MIODOWKY<br \/>Junin 959 (C1113AAC), Capital Federal Tel\u00e9fono: (54 11) 4961 6141 int. 415<br \/>Buenos Aires, Argentina<br \/>E-mail:\u00a0<a href=\"mailto:raquelmiodowky@ciudad.com.ar\">raquelmiodowky@ciudad.com.ar<\/a><br \/><a href=\"http:\/\/www.aoa.org.ar\/\">www.aoa.org.ar<\/a>&#8211;\u00a0<a href=\"http:\/\/www.saperiodoncia.org.ar\/\">www.saperiodoncia.org.ar<\/a><\/li><li>C\u00edrculo Odontol\u00f3gico Santafecino<br \/>0342 456-2626\/7 0342 42-6504<br \/>SR. PRESIDENTE. DR. DANIEL CARNEVALE Cons: 0342 455-0395 Part. 0342 4601-900<br \/>Eva Per\u00f3n (ex Catamarca) 2467 &#8211; (3000) Santa Fe<br \/><a href=\"mailto:cos@radar.com.ar%20\">cos@radar.com.ar<\/a><br \/><a href=\"mailto:cos@radar.com.ar%20\"><br \/><\/a>\u2022\u00a0C\u00edrculo Odontol\u00f3gico Tucumano<br \/>0381 421-7112\/422-8830\/422-7591<br \/>SR. PRESIDENTE DR. PEDRO EUGENIO SISALI<br \/>Salta 385 &#8211; (4000) Tucum\u00e1n<br \/><a href=\"mailto:tucumano@arnet.com.ar\">tucumano@arnet.com.ar<\/a>&#8211;\u00a0<a href=\"mailto:cotucumano@arnet.com.ar\">cotucumano@arnet.com.ar<\/a><\/li><li>Asociaci\u00f3n Odontol\u00f3gica Salte\u00f1a<br \/>0387-4224891 Escuela de Posgrado<br \/>431-1116\/6625\/2973\/7846<br \/>SR. PTE. DR. OMAR SALIM<br \/>Espa\u00f1a 1175 &#8211; (4400) Salta<br \/><a href=\"mailto:aosdc@arnet.com.ar\">aosdc@arnet.com.ar<\/a>&#8211;\u00a0<a href=\"mailto:asocodont@arnet.com.ar\">asocodont@arnet.com.ar<\/a><\/li><li>C\u00edrculo Odontol\u00f3gico de C\u00f3rdoba<br \/>0351 424-1511\/425-8091\/421-6207<br \/>SR. PRESIDENTE DR. JUAN ROSSELL\u00d3 0351-155158185\/4212613<br \/>27 de Abril 1135 &#8211; (5000) C\u00f3rdoba<br \/><a href=\"mailto:coc@onenet.com.ar\">coc@onenet.com.ar<\/a><\/li><li>Sociedad de Periodoncia de Rosario<br \/>CIRCULO ODONTOLOGICO DE ROSARIO 0341 421-9719<br \/>SR. PRESIDENTE DR. RAUL CHACON<br \/>Rioja 2471 &#8211; (2000) Rosario &#8211; Santa Fe<br \/><a href=\"mailto:cor@citynet.net.ar\">cor@citynet.net.ar<\/a><\/li><li>C\u00edrculo Odontol\u00f3gico Correntino<br \/>03783 42-8308<br \/>SRA. PTE. DRA. LIDIA GON DE GONZ\u00c1LEZ<br \/>Paraguay 837 &#8211; (3400) Corrientes<br \/><a href=\"mailto:cor@citynet.net.ar\">s_o_c@ciudad.com.ar<\/a><\/li><li>Sociedad Mendocina de Periodoncia<br \/>CIRCULO ODONTOLOGICO DE MENDOZA 0261 423-0315\/423-4205<br \/>SR. PRESIDENTE DR. GABRIEL SARACCO<br \/>Secretario Dr. Gabriel Apr\u00e1<br \/>Tesorera Ver\u00f3nica Tutti<br \/>Email:\u00a0<a href=\"mailto:comendoza@ciudad.com.ar\">comendoza@ciudad.com.ar<\/a><\/li><\/ul>\t\t\t\t\t\t<\/div>\n\t\t\t\t<\/div>\n\t\t\t\t\t<\/div>\n\t\t<\/div>\n\t\t\t\t\t<\/div>\n\t\t<\/section>\n\t\t\t\t<\/div>\n\t\t","protected":false},"excerpt":{"rendered":"<p>SOCIEDADES CIENT\u00cdFICAS DE PERIODONCIA \u00a0 FEDERACIONES European Federation of Periodontology\u00a0&#8211;\u00a0www.efp.net Federaci\u00f3n Ibero Panamericana de Periodoncia\u00a0&#8211; Contacto: Dr. Hugo Romanelli &#8211;\u00a0odontologia@maimonides.edu.ar International Academy of Periodontology\u00a0&#8211;\u00a0www.perioiap.org \u00a0 SOCIEDADES AMERICANAS\u00a0(Ver sociedades argentinas del interior) The American Academy of Periodontology\u00a0&#8211;\u00a0www.perio.org Sociedad Argentina de Periodoncia\u00a0&#8211;www.aoa.org.ar&#8211;\u00a0www.saperiodoncia.org.ar\u00a0 Sociedad Boliviana de Periodoncia\u00a0&#8211; Contacto: Dr.Luis G. Peredo &#8211;\u00a0paojimenezd@hotmail.com Sociedad Brasilera de Periodoncia\u00a0&#8211;\u00a0www.sobrape.org.br Sociedad de [&hellip;]<\/p>\n","protected":false},"author":1,"featured_media":0,"parent":0,"menu_order":0,"comment_status":"closed","ping_status":"closed","template":"","meta":{"footnotes":""},"class_list":["post-187","page","type-page","status-publish","hentry"],"_links":{"self":[{"href":"https:\/\/fundacioncarraro.org\/index.php?rest_route=\/wp\/v2\/pages\/187","targetHints":{"allow":["GET"]}}],"collection":[{"href":"https:\/\/fundacioncarraro.org\/index.php?rest_route=\/wp\/v2\/pages"}],"about":[{"href":"https:\/\/fundacioncarraro.org\/index.php?rest_route=\/wp\/v2\/types\/page"}],"author":[{"embeddable":true,"href":"https:\/\/fundacioncarraro.org\/index.php?rest_route=\/wp\/v2\/users\/1"}],"replies":[{"embeddable":true,"href":"https:\/\/fundacioncarraro.org\/index.php?rest_route=%2Fwp%2Fv2%2Fcomments&post=187"}],"version-history":[{"count":11,"href":"https:\/\/fundacioncarraro.org\/index.php?rest_route=\/wp\/v2\/pages\/187\/revisions"}],"predecessor-version":[{"id":1144,"href":"https:\/\/fundacioncarraro.org\/index.php?rest_route=\/wp\/v2\/pages\/187\/revisions\/1144"}],"wp:attachment":[{"href":"https:\/\/fundacioncarraro.org\/index.php?rest_route=%2Fwp%2Fv2%2Fmedia&parent=187"}],"curies":[{"name":"wp","href":"https:\/\/api.w.org\/{rel}","templated":true}]}}