{"id":472,"date":"2020-08-02T10:30:04","date_gmt":"2020-08-02T10:30:04","guid":{"rendered":"http:\/\/carraro.serverside.es\/?page_id=472"},"modified":"2020-09-28T19:13:22","modified_gmt":"2020-09-28T19:13:22","slug":"entrevista-dra-xiomara-gimenez","status":"publish","type":"page","link":"https:\/\/fundacioncarraro.org\/?page_id=472","title":{"rendered":"Entrevista Dra. Xiomara Gimenez"},"content":{"rendered":"\t\t<div data-elementor-type=\"wp-page\" data-elementor-id=\"472\" class=\"elementor elementor-472\" data-elementor-post-type=\"page\">\n\t\t\t\t\t\t<section class=\"elementor-section elementor-top-section elementor-element elementor-element-0c3f331 elementor-section-boxed elementor-section-height-default elementor-section-height-default\" data-id=\"0c3f331\" data-element_type=\"section\">\n\t\t\t\t\t\t<div class=\"elementor-container elementor-column-gap-default\">\n\t\t\t\t\t<div class=\"elementor-column elementor-col-100 elementor-top-column elementor-element elementor-element-33fada5\" data-id=\"33fada5\" data-element_type=\"column\">\n\t\t\t<div class=\"elementor-widget-wrap elementor-element-populated\">\n\t\t\t\t\t\t<div class=\"elementor-element elementor-element-3135cca elementor-widget elementor-widget-spacer\" data-id=\"3135cca\" data-element_type=\"widget\" data-widget_type=\"spacer.default\">\n\t\t\t\t<div class=\"elementor-widget-container\">\n\t\t\t\t\t<div class=\"elementor-spacer\">\n\t\t\t<div class=\"elementor-spacer-inner\"><\/div>\n\t\t<\/div>\n\t\t\t\t<\/div>\n\t\t\t\t<\/div>\n\t\t\t\t\t<\/div>\n\t\t<\/div>\n\t\t\t\t\t<\/div>\n\t\t<\/section>\n\t\t\t\t<section class=\"elementor-section elementor-top-section elementor-element elementor-element-7bc9529 elementor-section-boxed elementor-section-height-default elementor-section-height-default\" data-id=\"7bc9529\" data-element_type=\"section\">\n\t\t\t\t\t\t<div class=\"elementor-container elementor-column-gap-default\">\n\t\t\t\t\t<div class=\"elementor-column elementor-col-100 elementor-top-column elementor-element elementor-element-32d0de9\" data-id=\"32d0de9\" data-element_type=\"column\">\n\t\t\t<div class=\"elementor-widget-wrap elementor-element-populated\">\n\t\t\t\t\t\t<div class=\"elementor-element elementor-element-0251b9a elementor-widget elementor-widget-heading\" data-id=\"0251b9a\" data-element_type=\"widget\" data-widget_type=\"heading.default\">\n\t\t\t\t<div class=\"elementor-widget-container\">\n\t\t\t<h2 class=\"elementor-heading-title elementor-size-default\">ENTREVISTAS<\/h2>\t\t<\/div>\n\t\t\t\t<\/div>\n\t\t\t\t\t<\/div>\n\t\t<\/div>\n\t\t\t\t\t<\/div>\n\t\t<\/section>\n\t\t\t\t<section class=\"elementor-section elementor-top-section elementor-element elementor-element-5bf9d72 elementor-section-boxed elementor-section-height-default elementor-section-height-default\" data-id=\"5bf9d72\" data-element_type=\"section\">\n\t\t\t\t\t\t<div class=\"elementor-container elementor-column-gap-default\">\n\t\t\t\t\t<div class=\"elementor-column elementor-col-100 elementor-top-column elementor-element elementor-element-0695627\" data-id=\"0695627\" data-element_type=\"column\">\n\t\t\t<div class=\"elementor-widget-wrap elementor-element-populated\">\n\t\t\t\t\t\t<div class=\"elementor-element elementor-element-5898e80 elementor-widget elementor-widget-text-editor\" data-id=\"5898e80\" data-element_type=\"widget\" data-widget_type=\"text-editor.default\">\n\t\t\t\t<div class=\"elementor-widget-container\">\n\t\t\t\t\t\t\t<p><b><img decoding=\"async\" class=\" wp-image-261 alignleft\" src=\"http:\/\/fundacioncarraro.org\/wp-content\/uploads\/2020\/07\/01.png\" alt=\"\" width=\"152\" height=\"144\" \/>Dra. Xiomara Gimenez<br \/><\/b>Presidenta de la Federaci\u00f3n Iberopanamericana de Periodoncia<\/p><p>Desde el inicio del per\u00edodo de su gesti\u00f3n a la fecha\u2026 \u00bfCu\u00e1les fueron los prop\u00f3sitos m\u00e1s relevantes conseguidos en la instituci\u00f3n que preside?<br \/>Los prop\u00f3sitos m\u00e1s relevantes que hemos conseguido en esta gesti\u00f3n han sido los trabajos con la Comisi\u00f3n de Ense\u00f1anza y los de la Comisi\u00f3n de Investigaci\u00f3n principalmente y por supuesto la organizaci\u00f3n del 4to Congreso de la FIPP que realizaremos del 16 al 18 de Noviembre en la Isla de Margarita.Venezuela.<\/p><p>\u00bfCu\u00e1l cree que ser\u00e1 el mensaje que dejar\u00e1 en la regi\u00f3n el 4\u00ba Congreso Iberopanamericano de Periodoncia?<br \/>Nos dejar\u00e1 como mensaje por una parte, que la periodoncia inicia y cierra el c\u00edrculo en la odontolog\u00eda, con la prevenci\u00f3n, pasando por todas las etapas de diagn\u00f3stico y tratamientos de actualidad y avanzada incluyendo los implantes dentales y concluyendo finalmente con el mantenimiento. Todo esto sin duda en una concepci\u00f3n hol\u00edstica de nuestros pacientes.<\/p><p>\u00bfCree Ud. que se llegar\u00e1 a acuerdos concretos de unificaci\u00f3n, en los programas de Postgrado en Periodoncia e Implantolog\u00eda?<br \/>Consideramos que la Comisi\u00f3n de Ense\u00f1anza ha realizado grandes esfuerzos por conocer cuales son los programas acad\u00e9micos que se dictan en nuestras regiones en relaci\u00f3n con la Periodoncia e Implantolog\u00eda, la encuesta realizada a trav\u00e9s de los cuestionarios est\u00e1 casi concluida, pero aun faltan datos de universidades que son importantes para presentar conclusiones definitivas. Continuamos trabajando y uniendo esfuerzos para este fin y estamos convencidos que los acuerdos podr\u00e1n lograrse siempre que exista la voluntad de los dirigentes.<\/p><p>Con respecto a este \u00faltimo tema\u2026 \u00bfC\u00f3mo cree que han trabajado las comisiones de ense\u00f1anza e investigaci\u00f3n, creadas con la finalidad de conocer en profundidad los programas de formaci\u00f3n de Postgrado?<br \/>La Comisi\u00f3n de ense\u00f1anza lleva adelantado un excelente trabajo, muy profesional y \u00e9tico que ya nos ha dado resultados preliminares, nos sentimos sumamente complacidos en este aspecto y elevamos nuestras felicitaciones a todos sus integrantes por todo el esfuerzo realizado. La comisi\u00f3n de investigaci\u00f3n inicia en este a\u00f1o 2011 los primeros pasos con 2 propuestas de investigaci\u00f3n, la primera epidemiol\u00f3gica para conocer los niveles de inserci\u00f3n de los adolescentes en nuestras regiones y la segunda microbiol\u00f3gica para conocer los pat\u00f3genos periodontales mas relevantes en el mismo grupo poblacional, estamos seguros que lograremos \u00e9xito igualmente con esta comisi\u00f3n.<\/p><p>\u00bfSiente Ud. que todas las Sociedades de Periodoncia Iberopanamericanas est\u00e1n consustanciadas, dando todo su apoyo y difusi\u00f3n a este importante evento?<br \/>Sentimos que tal vez algunas se sientes mas cerca, mas comprometidas e interesadas en la difusi\u00f3n del evento, otras quiz\u00e1s mas distantes por compromisos en sus propios pa\u00edses, pero no dudamos que todas apuestan al \u00e9xito del 4to Congreso de la FIPP.<\/p><p>Podr\u00eda adelantarnos, cu\u00e1les son las figuras m\u00e1s prominentes de la Periodoncia e Implantolog\u00eda que comprometieron su presencia en el 4\u00ba Congreso Iberopanamericano?<br \/>Contaremos con la participaci\u00f3n de destacados profesionales a nivel mundial como son los Drs Giovan Paolo Pini Prato y Francesco Caio (Italia). Dr Mariano Sanz (Espa\u00f1a). Drs Sara Grossi (USA). Rui Opperman (Brasil). Nestor L\u00f3pez (Chile). Gloria Lafaurie(Colombia). Giussepe Romito (Brasil). Andrew Tawson Smith (Nueva Zelanda). Antonio Gordils (Venezuela): Paul Maurette (Venezuela). Luis P\u00e9rez Hern\u00e1ndez (USA). Estos para los temas centrales del congreso, adicionalmente la participaci\u00f3n de conferencistas representantes de cada sociedad para el \u00e1rea de Temas Candentes y por supuestos los Foros Corporativos de la Industria. Adicionalmente contaremos con actividades precongreso y workshop con la partcipacion del los Drs Enrique Javer, Carlos Godoy y Cristhian L\u00f3pez de Chile y Ernesto Muller, Luis Alberto Garcia y Otto Mendoza de Venezuela.<\/p>\t\t\t\t\t\t<\/div>\n\t\t\t\t<\/div>\n\t\t\t\t\t<\/div>\n\t\t<\/div>\n\t\t\t\t\t<\/div>\n\t\t<\/section>\n\t\t\t\t<\/div>\n\t\t","protected":false},"excerpt":{"rendered":"<p>ENTREVISTAS Dra. Xiomara GimenezPresidenta de la Federaci\u00f3n Iberopanamericana de Periodoncia Desde el inicio del per\u00edodo de su gesti\u00f3n a la fecha\u2026 \u00bfCu\u00e1les fueron los prop\u00f3sitos m\u00e1s relevantes conseguidos en la instituci\u00f3n que preside?Los prop\u00f3sitos m\u00e1s relevantes que hemos conseguido en esta gesti\u00f3n han sido los trabajos con la Comisi\u00f3n de Ense\u00f1anza y los de la [&hellip;]<\/p>\n","protected":false},"author":1,"featured_media":0,"parent":0,"menu_order":0,"comment_status":"closed","ping_status":"closed","template":"","meta":{"footnotes":""},"class_list":["post-472","page","type-page","status-publish","hentry"],"_links":{"self":[{"href":"https:\/\/fundacioncarraro.org\/index.php?rest_route=\/wp\/v2\/pages\/472","targetHints":{"allow":["GET"]}}],"collection":[{"href":"https:\/\/fundacioncarraro.org\/index.php?rest_route=\/wp\/v2\/pages"}],"about":[{"href":"https:\/\/fundacioncarraro.org\/index.php?rest_route=\/wp\/v2\/types\/page"}],"author":[{"embeddable":true,"href":"https:\/\/fundacioncarraro.org\/index.php?rest_route=\/wp\/v2\/users\/1"}],"replies":[{"embeddable":true,"href":"https:\/\/fundacioncarraro.org\/index.php?rest_route=%2Fwp%2Fv2%2Fcomments&post=472"}],"version-history":[{"count":10,"href":"https:\/\/fundacioncarraro.org\/index.php?rest_route=\/wp\/v2\/pages\/472\/revisions"}],"predecessor-version":[{"id":1096,"href":"https:\/\/fundacioncarraro.org\/index.php?rest_route=\/wp\/v2\/pages\/472\/revisions\/1096"}],"wp:attachment":[{"href":"https:\/\/fundacioncarraro.org\/index.php?rest_route=%2Fwp%2Fv2%2Fmedia&parent=472"}],"curies":[{"name":"wp","href":"https:\/\/api.w.org\/{rel}","templated":true}]}}