{"id":497,"date":"2020-08-02T11:23:45","date_gmt":"2020-08-02T11:23:45","guid":{"rendered":"http:\/\/carraro.serverside.es\/?page_id=497"},"modified":"2020-09-28T19:18:27","modified_gmt":"2020-09-28T19:18:27","slug":"entrevista-prof-dr-ernesto-canga","status":"publish","type":"page","link":"https:\/\/fundacioncarraro.org\/?page_id=497","title":{"rendered":"Entrevista Prof. Dr. Ernesto Canga"},"content":{"rendered":"\t\t<div data-elementor-type=\"wp-page\" data-elementor-id=\"497\" class=\"elementor elementor-497\" data-elementor-post-type=\"page\">\n\t\t\t\t\t\t<section class=\"elementor-section elementor-top-section elementor-element elementor-element-e1fa514 elementor-section-boxed elementor-section-height-default elementor-section-height-default\" data-id=\"e1fa514\" data-element_type=\"section\">\n\t\t\t\t\t\t<div class=\"elementor-container elementor-column-gap-default\">\n\t\t\t\t\t<div class=\"elementor-column elementor-col-100 elementor-top-column elementor-element elementor-element-ac95981\" data-id=\"ac95981\" data-element_type=\"column\">\n\t\t\t<div class=\"elementor-widget-wrap elementor-element-populated\">\n\t\t\t\t\t\t<div class=\"elementor-element elementor-element-40577e1 elementor-widget elementor-widget-spacer\" data-id=\"40577e1\" data-element_type=\"widget\" data-widget_type=\"spacer.default\">\n\t\t\t\t<div class=\"elementor-widget-container\">\n\t\t\t\t\t<div class=\"elementor-spacer\">\n\t\t\t<div class=\"elementor-spacer-inner\"><\/div>\n\t\t<\/div>\n\t\t\t\t<\/div>\n\t\t\t\t<\/div>\n\t\t\t\t\t<\/div>\n\t\t<\/div>\n\t\t\t\t\t<\/div>\n\t\t<\/section>\n\t\t\t\t<section class=\"elementor-section elementor-top-section elementor-element elementor-element-7de7326 elementor-section-boxed elementor-section-height-default elementor-section-height-default\" data-id=\"7de7326\" data-element_type=\"section\">\n\t\t\t\t\t\t<div class=\"elementor-container elementor-column-gap-default\">\n\t\t\t\t\t<div class=\"elementor-column elementor-col-100 elementor-top-column elementor-element elementor-element-1fcdd99\" data-id=\"1fcdd99\" data-element_type=\"column\">\n\t\t\t<div class=\"elementor-widget-wrap elementor-element-populated\">\n\t\t\t\t\t\t<div class=\"elementor-element elementor-element-07840b1 elementor-widget elementor-widget-heading\" data-id=\"07840b1\" data-element_type=\"widget\" data-widget_type=\"heading.default\">\n\t\t\t\t<div class=\"elementor-widget-container\">\n\t\t\t<h2 class=\"elementor-heading-title elementor-size-default\">ENTREVISTAS<\/h2>\t\t<\/div>\n\t\t\t\t<\/div>\n\t\t\t\t\t<\/div>\n\t\t<\/div>\n\t\t\t\t\t<\/div>\n\t\t<\/section>\n\t\t\t\t<section class=\"elementor-section elementor-top-section elementor-element elementor-element-83b748e elementor-section-boxed elementor-section-height-default elementor-section-height-default\" data-id=\"83b748e\" data-element_type=\"section\">\n\t\t\t\t\t\t<div class=\"elementor-container elementor-column-gap-default\">\n\t\t\t\t\t<div class=\"elementor-column elementor-col-100 elementor-top-column elementor-element elementor-element-e49160c\" data-id=\"e49160c\" data-element_type=\"column\">\n\t\t\t<div class=\"elementor-widget-wrap elementor-element-populated\">\n\t\t\t\t\t\t<div class=\"elementor-element elementor-element-2ffc686 elementor-widget elementor-widget-text-editor\" data-id=\"2ffc686\" data-element_type=\"widget\" data-widget_type=\"text-editor.default\">\n\t\t\t\t<div class=\"elementor-widget-container\">\n\t\t\t\t\t\t\t<p><b><img decoding=\"async\" class=\"wp-image-265  alignleft\" src=\"http:\/\/fundacioncarraro.org\/wp-content\/uploads\/2020\/07\/05.png\" alt=\"\" width=\"152\" height=\"144\" \/><\/b><\/p><p><strong>Prof. Dr. Ernesto Canga Profesor<br \/><\/strong>Titular de la C\u00e1tedra de Periodoncia de la Facultad de Odontolog\u00eda de la UNNE.<br \/>Presidente de la Sociedad Correntina de Periodoncia.<br \/>Integrante del Comit\u00e9 editorial de la Revista de la Facultad de Odontolog\u00eda de la UBA. Demostrador oficial del C\u00edrculo odontol\u00f3gico Correntino. Dictante de cursos de la especialidad Periodoncia de corta y larga duraci\u00f3n a nivel Nacional e Internacional.<br \/>Fellow del College international of dentistry Ex Decano de la facultad de Odontolog\u00eda de la UNNE<br \/>Ex Presiente de A.F.O.R.A ( Asociaci\u00f3n de Facultades de Odontolog\u00eda de la Rep\u00fablica Argentina)<br \/>Ex Presiente del Circulo Odontol\u00f3gico Correntino.<br \/><br \/><em>\u00bfCu\u00e1les son a su juicio, en la actualidad, los cambios m\u00e1s significativos que se presentan en el tratamiento de la enfermedad gingivoperiodontal?<br \/><\/em><br \/>Si bien hubo numerosos cambios en los \u00faltimos a\u00f1os en diagn\u00f3stico y el conocimiento de la fisiopatolog\u00eda de la enfermedad como a si tambi\u00e9n en su multifactoriedad, como as\u00ed, en el grado de susceptibilidad a padecerla por parte de los individuos, respondo a su pregunta espec\u00edficamente Considero que los cambios mas notorios en el tratamiento de la enfermedad periodontal se produjeron en el \u00e1rea de la cirug\u00eda regenerativa con t\u00e9cnicas que tratan de reparar la perdida de los tejidos periodontales provocados por la enfermedad, me estoy refiriendo aqu\u00ed a la RTG y ROG ( membranas, injertos \u00f3seos, y otros materiales biocompatibles, factores de crecimiento, etc. Tambi\u00e9n ha cobrado auge la cirug\u00eda pl\u00e1stica periodontal reclamada hoy en d\u00eda por muchos de los pacientes que concurren al consultorio del especialista.<\/p><p><em>\u00bfC\u00f3mo estos cambios fueron implementados en el programa de ense\u00f1anza, en la C\u00e1tedra que usted dirige en la Facultad de Odontolog\u00eda de la UNNE?<br \/><\/em><br \/>En la c\u00e1tedra de Periodoncia de la Facultad de Odontolog\u00eda de la UNNE. estos cambios se ven reflejados en la actualizaci\u00f3n peri\u00f3dica y permanente que llevamos a cabo del programa de ense\u00f1anza de la asignatura volcando todos conocimientos en las \u00e1reas respectivas del mismo. Con respecto a la parte pr\u00e1ctica, tenemos internamente, un ciclo \u201cpre cl\u00ednico\u201d con seminarios donde evaluamos en principio, los conocimientos previos del alumno sobre la enfermedad periodontal, para luego pasar a trabajar en el reconocimiento del instrumental periodontal y su adecuado uso en los distintos sectores de la boca; y sobre modelos acondicionados ellos adquieren destreza en el manejo de los mismos como as\u00ed tambi\u00e9n sus cuidados. Luego viene el ciclo \u201ccl\u00ednico\u201d donde inician gradualmente y bajo supervisi\u00f3n de los auxiliares, el tratamiento de los pacientes con enfermedad periodontal de complejidad creciente. Las clases son te\u00f3ricas dialogadas con participaci\u00f3n activa de los alumnos.<\/p><p><em>\u00bfCual es la formaci\u00f3n y el perfil del egresado de la UNNE con respecto a esta especialidad?<br \/><\/em><br \/>El perfil del egresado de la FOUNNE con respecto a la especialidad, es que sepa aplicar los conocimientos adquiridos para reconocer la enfermedad periodontal, diagnosticarla correctamente, y prevenirla, para tratarla, o en su defecto, derivarla para su correcto tratamiento a un especialista. Tambi\u00e9n se tiene en cuenta en todo momento los aspectos de su formaci\u00f3n personal y social ya que sale capacitado para integrar grupos interdisiplinarios.<\/p><p><em>\u00bfConsiderando la importancia de la Periodoncia para la salud de la poblaci\u00f3n, de que manera se puede incentivar al odont\u00f3logo joven, para interesarse en esta especialidad?<br \/><\/em><br \/>En la FOUNNE buscamos incentivar el inter\u00e9s del joven egresado inculc\u00e1ndole desde los primeros a\u00f1os de estudio la importancia que las enfermedades producidas por la Placa bacteriana Hoy llamada \u201cBiofilm\u201d repercuten sobre toda la econom\u00eda del individuo, adem\u00e1s que no se puede llevar a cabo ning\u00fan procedimiento odontol\u00f3gico en un paciente que padezca alg\u00fan grado de EP. Para eso trabajamos mancomunadamente las C\u00e1tedras Preventivas de Microbiolog\u00eda, Operatoria Dental y Pr\u00f3tesis para logar esos objetivos, si bien no estamos integrados, pero si lo estamos a trav\u00e9s de los departamentos pedag\u00f3gicos.<\/p><p><em>\u00bfDe qu\u00e9 manera podr\u00eda crearse mayor conciencia en la poblaci\u00f3n, respecto a la importancia que tiene la enfermedad gingivoperiodontal en la salud general del individuo?<br \/><\/em><br \/>En este punto estoy seguro que coincidir\u00e9 con Docentes y Especialistas de practica privada en el sentido que es el Gobierno quien debe implementar campa\u00f1as de esclarecimiento y prevenci\u00f3n, no solo a nivel poblacional sino, a trav\u00e9s de sus estamentos competentes, en mi Provincia de Corrientes est\u00e1n representados por la Direcci\u00f3n de Odontolog\u00eda, dependiente del Ministerio de Salud P\u00fablica y la Direcci\u00f3n de Odontolog\u00eda Escolar dependiente del Ministerio de Educaci\u00f3n, a los odont\u00f3logos dependientes, mediante cursos de actualizaci\u00f3n y otros programas para que sean ellos, en los lugares donde desarrollan su actividad, los vectores del conocimiento por parte de los pacientes de todo lo atinente a la Enfermedad Periodontal sus consecuencia sobre la salud general del individuo, y su forma mas simple de prevenirla, como lo es la ense\u00f1anza del cepillado dental diario. Ac\u00e1 cabe destacar el esfuerzo de CORA Y SAP apoyados por una Empresa fabricante de dent\u00edfricos y cepillos dentales, a trav\u00e9s de giras nacionales, tratando de crear conciencia, por medio de cursos y material did\u00e1ctico de todo tipo, a los odont\u00f3logos de todo el pa\u00eds en nuestra provincia y provincias vecinas la Facultad de Odontolog\u00eda de la UNNE, cumple un rol preponderante.<\/p><p><em>\u00bfCuales son las medidas de control preventivo m\u00e1s efectivas que se podr\u00edan aplicar?<br \/><\/em><br \/>Creo que la pregunta est\u00e1 pr\u00e1cticamente contestada mas arriba pero agregar\u00eda que se necesitan en todos los casos, odont\u00f3logos \u201cMOTIVADOS\u201d y con un poco de \u201cromanticismo\u201d y no imbuidos solo del \u201cmaterialismo\u201d que no les permite ver el estado de salud de los tejidos periodontales de los pacientes, vale esto tambi\u00e9n para los odont\u00f3logos generales de practica privada.<\/p><p><b>\u00a0<\/b><\/p>\t\t\t\t\t\t<\/div>\n\t\t\t\t<\/div>\n\t\t\t\t\t<\/div>\n\t\t<\/div>\n\t\t\t\t\t<\/div>\n\t\t<\/section>\n\t\t\t\t<\/div>\n\t\t","protected":false},"excerpt":{"rendered":"<p>ENTREVISTAS Prof. Dr. Ernesto Canga ProfesorTitular de la C\u00e1tedra de Periodoncia de la Facultad de Odontolog\u00eda de la UNNE.Presidente de la Sociedad Correntina de Periodoncia.Integrante del Comit\u00e9 editorial de la Revista de la Facultad de Odontolog\u00eda de la UBA. Demostrador oficial del C\u00edrculo odontol\u00f3gico Correntino. Dictante de cursos de la especialidad Periodoncia de corta y [&hellip;]<\/p>\n","protected":false},"author":1,"featured_media":0,"parent":0,"menu_order":0,"comment_status":"closed","ping_status":"closed","template":"","meta":{"footnotes":""},"class_list":["post-497","page","type-page","status-publish","hentry"],"_links":{"self":[{"href":"https:\/\/fundacioncarraro.org\/index.php?rest_route=\/wp\/v2\/pages\/497","targetHints":{"allow":["GET"]}}],"collection":[{"href":"https:\/\/fundacioncarraro.org\/index.php?rest_route=\/wp\/v2\/pages"}],"about":[{"href":"https:\/\/fundacioncarraro.org\/index.php?rest_route=\/wp\/v2\/types\/page"}],"author":[{"embeddable":true,"href":"https:\/\/fundacioncarraro.org\/index.php?rest_route=\/wp\/v2\/users\/1"}],"replies":[{"embeddable":true,"href":"https:\/\/fundacioncarraro.org\/index.php?rest_route=%2Fwp%2Fv2%2Fcomments&post=497"}],"version-history":[{"count":6,"href":"https:\/\/fundacioncarraro.org\/index.php?rest_route=\/wp\/v2\/pages\/497\/revisions"}],"predecessor-version":[{"id":1101,"href":"https:\/\/fundacioncarraro.org\/index.php?rest_route=\/wp\/v2\/pages\/497\/revisions\/1101"}],"wp:attachment":[{"href":"https:\/\/fundacioncarraro.org\/index.php?rest_route=%2Fwp%2Fv2%2Fmedia&parent=497"}],"curies":[{"name":"wp","href":"https:\/\/api.w.org\/{rel}","templated":true}]}}