{"id":502,"date":"2020-08-02T11:28:09","date_gmt":"2020-08-02T11:28:09","guid":{"rendered":"http:\/\/carraro.serverside.es\/?page_id=502"},"modified":"2020-09-28T19:12:55","modified_gmt":"2020-09-28T19:12:55","slug":"entrevista-dra-raquel-miodowky","status":"publish","type":"page","link":"https:\/\/fundacioncarraro.org\/?page_id=502","title":{"rendered":"Entrevista Dra. Raquel Miodowky"},"content":{"rendered":"\t\t<div data-elementor-type=\"wp-page\" data-elementor-id=\"502\" class=\"elementor elementor-502\" data-elementor-post-type=\"page\">\n\t\t\t\t\t\t<section class=\"elementor-section elementor-top-section elementor-element elementor-element-c176c7e elementor-section-boxed elementor-section-height-default elementor-section-height-default\" data-id=\"c176c7e\" data-element_type=\"section\">\n\t\t\t\t\t\t<div class=\"elementor-container elementor-column-gap-default\">\n\t\t\t\t\t<div class=\"elementor-column elementor-col-100 elementor-top-column elementor-element elementor-element-c420c4d\" data-id=\"c420c4d\" data-element_type=\"column\">\n\t\t\t<div class=\"elementor-widget-wrap elementor-element-populated\">\n\t\t\t\t\t\t<div class=\"elementor-element elementor-element-fb872cb elementor-widget elementor-widget-spacer\" data-id=\"fb872cb\" data-element_type=\"widget\" data-widget_type=\"spacer.default\">\n\t\t\t\t<div class=\"elementor-widget-container\">\n\t\t\t\t\t<div class=\"elementor-spacer\">\n\t\t\t<div class=\"elementor-spacer-inner\"><\/div>\n\t\t<\/div>\n\t\t\t\t<\/div>\n\t\t\t\t<\/div>\n\t\t\t\t\t<\/div>\n\t\t<\/div>\n\t\t\t\t\t<\/div>\n\t\t<\/section>\n\t\t\t\t<section class=\"elementor-section elementor-top-section elementor-element elementor-element-2125d88 elementor-section-boxed elementor-section-height-default elementor-section-height-default\" data-id=\"2125d88\" data-element_type=\"section\">\n\t\t\t\t\t\t<div class=\"elementor-container elementor-column-gap-default\">\n\t\t\t\t\t<div class=\"elementor-column elementor-col-100 elementor-top-column elementor-element elementor-element-697ea9f\" data-id=\"697ea9f\" data-element_type=\"column\">\n\t\t\t<div class=\"elementor-widget-wrap elementor-element-populated\">\n\t\t\t\t\t\t<div class=\"elementor-element elementor-element-a28dd81 elementor-widget elementor-widget-heading\" data-id=\"a28dd81\" data-element_type=\"widget\" data-widget_type=\"heading.default\">\n\t\t\t\t<div class=\"elementor-widget-container\">\n\t\t\t<h2 class=\"elementor-heading-title elementor-size-default\">ENTREVISTAS<\/h2>\t\t<\/div>\n\t\t\t\t<\/div>\n\t\t\t\t\t<\/div>\n\t\t<\/div>\n\t\t\t\t\t<\/div>\n\t\t<\/section>\n\t\t\t\t<section class=\"elementor-section elementor-top-section elementor-element elementor-element-6eb6a5f elementor-section-boxed elementor-section-height-default elementor-section-height-default\" data-id=\"6eb6a5f\" data-element_type=\"section\">\n\t\t\t\t\t\t<div class=\"elementor-container elementor-column-gap-default\">\n\t\t\t\t\t<div class=\"elementor-column elementor-col-100 elementor-top-column elementor-element elementor-element-4ab2d50\" data-id=\"4ab2d50\" data-element_type=\"column\">\n\t\t\t<div class=\"elementor-widget-wrap elementor-element-populated\">\n\t\t\t\t\t\t<div class=\"elementor-element elementor-element-825ae62 elementor-widget elementor-widget-text-editor\" data-id=\"825ae62\" data-element_type=\"widget\" data-widget_type=\"text-editor.default\">\n\t\t\t\t<div class=\"elementor-widget-container\">\n\t\t\t\t\t\t\t<p><b><img decoding=\"async\" class=\"wp-image-266  alignleft\" src=\"http:\/\/fundacioncarraro.org\/wp-content\/uploads\/2020\/07\/06.png\" alt=\"\" width=\"152\" height=\"144\" \/><\/b><\/p><p><strong>Dra. Raquel Miodowky<br \/><\/strong>Presidente de la Sociedad Argentina de Periodoncia<br \/>Adjunta de la C\u00e1tedra de Periodoncia de la Facultad de Odontolog\u00eda de la Universidad de Buenos Aires<br \/>Docente del curso de Implantolog\u00eda del postgrado de la Facultad de Odontolog\u00eda de la Universidad de Buenos Aires a cargo del Dr. Jean Paul Martinet.<\/p><p><br \/><em>Ahora como Presidente de la S.A.P. \u00bfC\u00f3mo ve usted la docencia de grado en nuestro pa\u00eds?<\/em> <br \/><br \/>Considero que es el momento para realizar un debate y poder acordar distintos aspectos sobre la docencia en el grado, es por eso que la SAP en sus XXIV Jornadas del Interior que se realizar\u00e1n en la ciudad de Mendoza los d\u00edas 13 y 14 de Abril dispuso un espacio para que todos los titulares de las C\u00e1tedras de Periodoncia de nuestro pa\u00eds puedan discutir e intercambiar ideas acerca de la ense\u00f1anza de grado. Me parece que hay mucho por hacer y definir. Desde determinar los contenidos de la materia hasta la formaci\u00f3n del docente de grado en cada casa de estudio. La b\u00fasqueda constante de nuevas motivaciones, para que el docente se nutra y encuentre el \u00e1mbito adecuado de la ense\u00f1anza, estoy segura forma parte del inter\u00e9s de cada titular de cada C\u00e1tedra.<\/p><p><em>Por la cantidad de cursos de post-grado. \u00bfNo cree que hay alguna falencia en la ense\u00f1anza de grado?<br \/><\/em><br \/>No, no creo que sea as\u00ed. Los cursos de post- grado responden a una demanda de los profesionales, y \u00e9sta al avance del conocimiento cient\u00edfico. La competitividad profesional pasa hoy por la idoneidad en cada disciplina y los cursos tratan de formar profesionales cada vez m\u00e1s especializados e id\u00f3neos en cada materia. La ense\u00f1anza de grado da las bases y promueve las inquietudes y los cursos de pos- grado proveen el resto de los conocimientos necesarios que el profesional debe incorporar para ampliar sus conocimientos y ponerse hoy a la altura de dicha competencia de conocimientos.<\/p><p><em>A prop\u00f3sito de las carreras de especialistas (tan dispares) \u00bfNo cree usted que se deber\u00eda regular la carga horaria, contenido y pr\u00e1cticas cl\u00ednicas para todo el pa\u00eds?<br \/><\/em><br \/>Las diferentes opciones de carreras de Especialistas responden a los diferentes perfiles de graduados que cada carrera se propone. La carga horaria mayor prepara profesionales en la pr\u00e1ctica cl\u00ednica como en la docencia e incentiva tambi\u00e9n a la investigaci\u00f3n. Mientras que otras carreras con cargas horarias m\u00e1s reducidas forman profesionales m\u00e1s cl\u00ednicos. Cada colega elegir\u00e1 la carrera de acuerdo a sus necesidades tanto sea para su pr\u00e1ctica profesional como en otros t\u00f3picos como docencia e investigaci\u00f3n. Lo que s\u00ed estoy de acuerdo en plantear tambi\u00e9n una discusi\u00f3n y definir el est\u00e1ndar de graduado en nuestro pa\u00eds. En esto est\u00e1 trabajando el Dr. Hugo Romanelli como Presidente de la FIIP como parte del proyecto pensado para los a\u00f1os 2007-2008 al cual la SAP da su apoyo.<\/p><p><em>Hace algunos a\u00f1os la S.A.P. nos proporcion\u00f3 los resultados de un estudio epidemiol\u00f3gico del estado periodontal en todo el pa\u00eds. \u00bfSabe usted qu\u00e9 cantidad de esa patolog\u00eda es cubierta por la atenci\u00f3n profesional?<br \/><\/em><br \/>Desafortunadamente no existen estudios suficientes para que pueda responder fehacientemente esta pregunta. Mi impresi\u00f3n basada en lo que es ahora la atenci\u00f3n de pacientes periodontales tanto el la pr\u00e1ctica privada como en entidades estatales u otro tipo de servicios asistenciales, el n\u00famero de pacientes que concurren por patolog\u00edas gingivo-periodontales es muy reducido si consideramos que seg\u00fan el estudio epidemiol\u00f3gico nacional mencionado, el 96.8% de los pacientes tienen alg\u00fan tipo de enfermedad periodontal . La demanda por parte de los pacientes como la oferta de tratamientos deber\u00eda ser mucho mayor.<\/p><p><em>\u00bfEs posible la recertificaci\u00f3n de los t\u00edtulos de especialistas? Podr\u00eda incluirse la pr\u00e1ctica b\u00e1sica en esta programaci\u00f3n?<br \/><\/em><br \/>En algunos centros de estudios se est\u00e1 realizando la recertificaci\u00f3n del t\u00edtulo de Odont\u00f3logo, no tengo conocimiento sobre recertificaci\u00f3n de t\u00edtulos de especialista, es un proyecto que las instituciones que otorgan los t\u00edtulos de especialista debieran contemplar. Hoy en d\u00eda a la luz de lo r\u00e1pido que avanza el conocimiento cient\u00edfico todos los t\u00edtulos otorgados tendr\u00edan que ser re evaluados pasado un tiempo prudencial, como ocurre en otras disciplinas de la rama de la salud.<\/p><p><em>\u00bfNo cree usted que por alguna raz\u00f3n, tal vez econ\u00f3mica, hoy no se traten dientes que periodontalmente deben quedar en boca?<\/em><\/p><p><br \/>La Periodoncia como disciplina sigue conservando piezas dentarias, siendo su objetivo principal prevenir, diagnosticar y tratar las enfermedades de los tejidos de soporte e inserci\u00f3n tanto del diente como del implante. Entiendo tambi\u00e9n que con la aparici\u00f3n del nuevo recurso que es el implante muchos profesionales se plantean, \u00bfhasta cuando es posible conservar una pieza? La toma de decisi\u00f3n estar\u00e1 basada en un correcto diagn\u00f3stico como tambi\u00e9n una muy buena evaluaci\u00f3n tanto de las posibilidades funcionales y est\u00e9ticas de la pieza a conservar sin dejar de lado la evaluaci\u00f3n del paciente para poder ser portador de un implante. Debemos seguir formando profesionales que trabajen pensando en la salud m\u00e1s all\u00e1 del tema econ\u00f3mico.<\/p><p><em>\u00bfNo piensa usted que el desconocimiento del tratamiento periodontal a nivel dirigencial explica las aranceles tan bajos en sistemas prepagos o de obra social?<br \/><\/em><br \/>No es un problema de dirigencia. La dirigencia hace ya varios a\u00f1os que insiste en un cambio en el sistema .Creo es un problema pol\u00edtico a nivel Nacional. Hay mucho por hacer desde los organismos oficiales de nuestro pa\u00eds, como lo es una planificaci\u00f3n que incluya la salud de la poblaci\u00f3n a niveles hospitalarios y privados. Los sistemas de salud hoy no tienen ninguna reglamentaci\u00f3n ni regulaci\u00f3n por parte de ning\u00fan organismo en cuanto a honorarios y prestaciones. S\u00ed creo conveniente que el Gobierno deber\u00eda convocar a la dirigencia y llevar a cabo planes conjuntos que incluyan tanto la atenci\u00f3n y educaci\u00f3n en las diferentes \u00e1reas de la Salud, como el reconocimiento del ejercicio profesional. La SAP preocupada por este tema elabor\u00f3 hace algunos a\u00f1os un nomenclador de prestaciones periodontales que incluyen tiempos de trabajo y lo puso al servicio de las autoridades que entienden en el tema, lamentablemente nunca se tuvo en cuenta al momento de realizar un listado de prestaciones en las empresas de medicina pre-paga como tambi\u00e9n en las Obras Sociales.<\/p><p><em>\u00bfCu\u00e1l es el programa que implementa la instituci\u00f3n que usted preside, para fortalecer el desarrollo de la periodoncia en nuestro pa\u00eds?<br \/><\/em><br \/>Durante los a\u00f1os 1.999 al 2.002 la Sociedad Argentina de Periodontolog\u00eda conjuntamente con el Departamento de Educaci\u00f3n para la Salud de la Confederaci\u00f3n Odontol\u00f3gica de la Rep\u00fablica Argentina realizaron un estudio Epidemiol\u00f3gico al cual denominaron: \u201cDiagn\u00f3stico de la Necesidad de Tratamiento Periodontal en Adultos de la Rep\u00fablica Argentina\u201d posteriormente cumpliendo con los objetivos se\u00f1alados en el estudio se implement\u00f3 el Programa Nacional \u201cEnc\u00edas Sanas\u201d,el objetivo de este programa es de informar a la poblaci\u00f3n y a los profesionales sobre la importancia de la detecci\u00f3n temprana de las patolog\u00edas gingivo-periodontales. Desde el a\u00f1o 2004 hasta la fecha, la SAP conjuntamente con la CORA y el auspicio de la empresa Colgate-Palmolive Argentina S.A , continuando con el Programa Nacional Enc\u00edas Sanas realizaron cursos en diferentes puntos de nuestro pa\u00eds al cual ya concurrieron mas de 3.800 colegas y a los cuales se les ha brindado 3 niveles de cursos. Aportando nuestra instituci\u00f3n los dictantes y el material did\u00e1ctico Estamos muy entusiasmados y continuamos trabajando en esta Gira por el pa\u00eds a la cual denominamos Gira SAP-CORA, proyecto que sin duda cumple con uno de los objetivos trazados por la SAP que es brindar informaci\u00f3n tanto a los odont\u00f3logos como a la poblaci\u00f3n de las diferentes patolog\u00edas gingivo-periodontales y su necesidad de tratamiento.<\/p><p><b>\u00a0<\/b><\/p>\t\t\t\t\t\t<\/div>\n\t\t\t\t<\/div>\n\t\t\t\t\t<\/div>\n\t\t<\/div>\n\t\t\t\t\t<\/div>\n\t\t<\/section>\n\t\t\t\t<\/div>\n\t\t","protected":false},"excerpt":{"rendered":"<p>ENTREVISTAS Dra. Raquel MiodowkyPresidente de la Sociedad Argentina de PeriodonciaAdjunta de la C\u00e1tedra de Periodoncia de la Facultad de Odontolog\u00eda de la Universidad de Buenos AiresDocente del curso de Implantolog\u00eda del postgrado de la Facultad de Odontolog\u00eda de la Universidad de Buenos Aires a cargo del Dr. Jean Paul Martinet. Ahora como Presidente de la [&hellip;]<\/p>\n","protected":false},"author":1,"featured_media":0,"parent":0,"menu_order":0,"comment_status":"closed","ping_status":"closed","template":"","meta":{"footnotes":""},"class_list":["post-502","page","type-page","status-publish","hentry"],"_links":{"self":[{"href":"https:\/\/fundacioncarraro.org\/index.php?rest_route=\/wp\/v2\/pages\/502","targetHints":{"allow":["GET"]}}],"collection":[{"href":"https:\/\/fundacioncarraro.org\/index.php?rest_route=\/wp\/v2\/pages"}],"about":[{"href":"https:\/\/fundacioncarraro.org\/index.php?rest_route=\/wp\/v2\/types\/page"}],"author":[{"embeddable":true,"href":"https:\/\/fundacioncarraro.org\/index.php?rest_route=\/wp\/v2\/users\/1"}],"replies":[{"embeddable":true,"href":"https:\/\/fundacioncarraro.org\/index.php?rest_route=%2Fwp%2Fv2%2Fcomments&post=502"}],"version-history":[{"count":7,"href":"https:\/\/fundacioncarraro.org\/index.php?rest_route=\/wp\/v2\/pages\/502\/revisions"}],"predecessor-version":[{"id":1095,"href":"https:\/\/fundacioncarraro.org\/index.php?rest_route=\/wp\/v2\/pages\/502\/revisions\/1095"}],"wp:attachment":[{"href":"https:\/\/fundacioncarraro.org\/index.php?rest_route=%2Fwp%2Fv2%2Fmedia&parent=502"}],"curies":[{"name":"wp","href":"https:\/\/api.w.org\/{rel}","templated":true}]}}