{"id":510,"date":"2020-08-02T12:52:19","date_gmt":"2020-08-02T12:52:19","guid":{"rendered":"http:\/\/carraro.serverside.es\/?page_id=510"},"modified":"2020-09-28T19:12:36","modified_gmt":"2020-09-28T19:12:36","slug":"entrevista-dra-judith-esquenasi","status":"publish","type":"page","link":"https:\/\/fundacioncarraro.org\/?page_id=510","title":{"rendered":"Entrevista Dra. Judith Esquenasi"},"content":{"rendered":"\t\t<div data-elementor-type=\"wp-page\" data-elementor-id=\"510\" class=\"elementor elementor-510\" data-elementor-post-type=\"page\">\n\t\t\t\t\t\t<section class=\"elementor-section elementor-top-section elementor-element elementor-element-fc97021 elementor-section-boxed elementor-section-height-default elementor-section-height-default\" data-id=\"fc97021\" data-element_type=\"section\">\n\t\t\t\t\t\t<div class=\"elementor-container elementor-column-gap-default\">\n\t\t\t\t\t<div class=\"elementor-column elementor-col-100 elementor-top-column elementor-element elementor-element-4de4a7a\" data-id=\"4de4a7a\" data-element_type=\"column\">\n\t\t\t<div class=\"elementor-widget-wrap elementor-element-populated\">\n\t\t\t\t\t\t<div class=\"elementor-element elementor-element-2a1e475 elementor-widget elementor-widget-spacer\" data-id=\"2a1e475\" data-element_type=\"widget\" data-widget_type=\"spacer.default\">\n\t\t\t\t<div class=\"elementor-widget-container\">\n\t\t\t\t\t<div class=\"elementor-spacer\">\n\t\t\t<div class=\"elementor-spacer-inner\"><\/div>\n\t\t<\/div>\n\t\t\t\t<\/div>\n\t\t\t\t<\/div>\n\t\t\t\t\t<\/div>\n\t\t<\/div>\n\t\t\t\t\t<\/div>\n\t\t<\/section>\n\t\t\t\t<section class=\"elementor-section elementor-top-section elementor-element elementor-element-adc0344 elementor-section-boxed elementor-section-height-default elementor-section-height-default\" data-id=\"adc0344\" data-element_type=\"section\">\n\t\t\t\t\t\t<div class=\"elementor-container elementor-column-gap-default\">\n\t\t\t\t\t<div class=\"elementor-column elementor-col-100 elementor-top-column elementor-element elementor-element-78724e5\" data-id=\"78724e5\" data-element_type=\"column\">\n\t\t\t<div class=\"elementor-widget-wrap elementor-element-populated\">\n\t\t\t\t\t\t<div class=\"elementor-element elementor-element-30634d4 elementor-widget elementor-widget-heading\" data-id=\"30634d4\" data-element_type=\"widget\" data-widget_type=\"heading.default\">\n\t\t\t\t<div class=\"elementor-widget-container\">\n\t\t\t<h2 class=\"elementor-heading-title elementor-size-default\">ENTREVISTAS<\/h2>\t\t<\/div>\n\t\t\t\t<\/div>\n\t\t\t\t\t<\/div>\n\t\t<\/div>\n\t\t\t\t\t<\/div>\n\t\t<\/section>\n\t\t\t\t<section class=\"elementor-section elementor-top-section elementor-element elementor-element-b3280ed elementor-section-boxed elementor-section-height-default elementor-section-height-default\" data-id=\"b3280ed\" data-element_type=\"section\">\n\t\t\t\t\t\t<div class=\"elementor-container elementor-column-gap-default\">\n\t\t\t\t\t<div class=\"elementor-column elementor-col-100 elementor-top-column elementor-element elementor-element-c025608\" data-id=\"c025608\" data-element_type=\"column\">\n\t\t\t<div class=\"elementor-widget-wrap elementor-element-populated\">\n\t\t\t\t\t\t<div class=\"elementor-element elementor-element-1519264 elementor-widget elementor-widget-text-editor\" data-id=\"1519264\" data-element_type=\"widget\" data-widget_type=\"text-editor.default\">\n\t\t\t\t<div class=\"elementor-widget-container\">\n\t\t\t\t\t\t\t<p><b><img decoding=\"async\" class=\"wp-image-267  alignleft\" src=\"http:\/\/fundacioncarraro.org\/wp-content\/uploads\/2020\/07\/07.png\" alt=\"\" width=\"152\" height=\"144\" \/><\/b><\/p><p><strong>Dra. Judith Esquenasi<br \/><\/strong>Profesora Adjunta Titular encargada de la C\u00e1tedra de Periodoncia de la Facultad de Odontolog\u00eda de la Universidad de la Rep\u00fablica Oriental del Uruguay<br \/><br \/><em>\u00bfCu\u00e1les son, a su juicio en la actualidad, los cambios m\u00e1s significativos en el tratamiento de la enfermedad gingivoperiodontal?<br \/><br \/><\/em>Durante los \u00faltimos a\u00f1os se han modificado muchos de los paradigmas existentes acerca de los trastornos periodontales, incluyendo la prevalencia, la incidencia de la progresi\u00f3n de la enfermedad, la etiolog\u00eda.<br \/>Las biopel\u00edculas bacterianas son esenciales para inducir la Periodontitis, pero solamente su presencia no basta para iniciar el proceso patol\u00f3gico.<br \/>La susceptibilidad del hu\u00e9sped, los factores de riesgo influyen en la gravedad cl\u00ednica.<br \/>Adem\u00e1s, es sabido que las enfermedades sist\u00e9micas adquiridas pueden predisponer a los individuos a la Periodontitis y a la inversa, la periodontitis puede suponer un factor de riesgo para determinados trastornos sist\u00e9micos, lo que ha ampliado los l\u00edmites de la odontolog\u00eda periodontal. Estos cambios trajeron consecuencias importantes sobre la elecci\u00f3n de los tratamientos m\u00e1s adecuados.<br \/>Quisiera resaltar tambi\u00e9n los cambios a nivel del tratamiento Quir\u00fargico con el aporte de las t\u00e9cnicas regenerativas y el gran desarrollo de la cirug\u00eda pl\u00e1stica periodontal pudiendo de esta manera, el periodoncista cumplir con las exigencias funcionales y est\u00e9ticas cada vez mayores de nuestro pacientes.<\/p><p><em><br \/>\u00bfCu\u00e1l es el programa que implementa la C\u00e1tedra de Periodoncia de la Facultad de Odontolog\u00eda de la Universidad de la Rep\u00fablica Oriental del Uruguay, para fortalecer el desarrollo de la periodoncia?<br \/><\/em><br \/>Nuestra C\u00e1tedra de Paradentolog\u00eda forma parte de la actividad curricular de cuatro cl\u00ednicas integradas conformadas por diferentes unidades de aprendizaje y niveles de complejidad.<br \/>De esta manera el docente y el estudiante interact\u00faan en forma interdisciplinaria con las c\u00e1tedras rehabilitadotas y endodoncia abarcando los procedimientos preventivos y preventivos\/curativos.<br \/>Adem\u00e1s se imparten cursos de post grado cl\u00ednicos en Montevideo y te\u00f3ricos itinerantes en el interior del pa\u00eds.<\/p><p><br \/><em>\u00bfDe qu\u00e9 manera podr\u00eda crearse mayor conciencia en la poblaci\u00f3n, respecto de la importancia que tiene la enfermedad gingivoperiodontal en la salud general del individuo?<\/em><br \/><br \/>Creo que esta pregunta es de vital importancia. En primera instancia tendr\u00edamos que llegar a la poblaci\u00f3n a nivel gubernamental, realizando promoci\u00f3n de salud, mediante campa\u00f1as publicitarias que dejen claro que la enfermedad gingivoperiodontal es una INFECCI\u00d3N y como tal su permanencia puede repercutir en otras partes del organismo: aparato respiratorio, aparato digestivo, diabetes, explicar la relaci\u00f3n con la arteriosclerosis y su posible efecto en partos prematuros y beb\u00e9s pret\u00e9rmino.<\/p><p><em><br \/>\u00bfCu\u00e1les son las medidas de control preventivo m\u00e1s efectivas que se podr\u00edan aplicar?<br \/><br \/><\/em>Sin duda: EDUCACI\u00d3N PARA LA SALUD comenzando a nivel preescolar creando h\u00e1bitos; en la escuela pilar fundamental de nuestro pa\u00eds, la cual al ser laica, gratuita y obligatoria representa una herramienta de f\u00e1cil acceso y luego continuar en todos los grupos etarios, trabajando en forma conjunta con los dem\u00e1s profesionales de la salud.<br \/>Deber\u00edan implementarse planes gubernamentales tendientes a: educar en higiene, fomentar el autodiagn\u00f3stico y controlar los factores de riesgo: Diabetes y Cigarrillo (de hecho nuestro gobierno ya est\u00e1 implementando medidas al respecto).<\/p><p><em><br \/>\u00bfConsiderando la importancia de la Periodoncia para la salud de la poblaci\u00f3n, de que manera se puede incentivar al odont\u00f3logo joven para interesarse en esta especialidad?<br \/><\/em><br \/>Demostr\u00e1ndole en primera instancia que el odont\u00f3logo general puede resolver la mayor\u00eda de los cuadros gingivales y\/o periodontales incipientes y medios.<br \/>Tambi\u00e9n realizando cursos de educaci\u00f3n continua y de post grado acordes a las expectativas de inserci\u00f3n laboral del odont\u00f3logo joven, ense\u00f1ando el aporte de la periodoncia a la odontolog\u00eda de hoy y su interrelaci\u00f3n directa con las otras disciplinas como ortodoncia, rehabilitaci\u00f3n, Implantes, etc.<\/p><p><em><br \/>\u00bfCu\u00e1l es su opini\u00f3n acerca de la Federaci\u00f3n \u00cdberopanamericana de Periodoncia?<\/em> <br \/><br \/>Y cual va hacer el aporte o participaci\u00f3n de Uruguay en el pr\u00f3ximo Congreso que la Federaci\u00f3n desarrolla en Puerto Rico en Noviembre del 2006?<br \/>La creaci\u00f3n de la Federaci\u00f3n \u00cdberopanamericana de Periodoncia representa un gran desaf\u00edo. Que nuestros pueblos expresen en foros internacionales criterios comunes es un gran logro.<br \/>Me comprometo a difundir en la comunidad Odontol\u00f3gica, especialmente en la C\u00e1tedra y en la Secci\u00f3n de Periodoncia de la AOU los objetivos de la instituci\u00f3n para apoyar y estar presente en el pr\u00f3ximo Congreso.<b><\/b><\/p>\t\t\t\t\t\t<\/div>\n\t\t\t\t<\/div>\n\t\t\t\t\t<\/div>\n\t\t<\/div>\n\t\t\t\t\t<\/div>\n\t\t<\/section>\n\t\t\t\t<\/div>\n\t\t","protected":false},"excerpt":{"rendered":"<p>ENTREVISTAS Dra. Judith EsquenasiProfesora Adjunta Titular encargada de la C\u00e1tedra de Periodoncia de la Facultad de Odontolog\u00eda de la Universidad de la Rep\u00fablica Oriental del Uruguay \u00bfCu\u00e1les son, a su juicio en la actualidad, los cambios m\u00e1s significativos en el tratamiento de la enfermedad gingivoperiodontal? Durante los \u00faltimos a\u00f1os se han modificado muchos de los [&hellip;]<\/p>\n","protected":false},"author":1,"featured_media":0,"parent":0,"menu_order":0,"comment_status":"closed","ping_status":"closed","template":"","meta":{"footnotes":""},"class_list":["post-510","page","type-page","status-publish","hentry"],"_links":{"self":[{"href":"https:\/\/fundacioncarraro.org\/index.php?rest_route=\/wp\/v2\/pages\/510","targetHints":{"allow":["GET"]}}],"collection":[{"href":"https:\/\/fundacioncarraro.org\/index.php?rest_route=\/wp\/v2\/pages"}],"about":[{"href":"https:\/\/fundacioncarraro.org\/index.php?rest_route=\/wp\/v2\/types\/page"}],"author":[{"embeddable":true,"href":"https:\/\/fundacioncarraro.org\/index.php?rest_route=\/wp\/v2\/users\/1"}],"replies":[{"embeddable":true,"href":"https:\/\/fundacioncarraro.org\/index.php?rest_route=%2Fwp%2Fv2%2Fcomments&post=510"}],"version-history":[{"count":6,"href":"https:\/\/fundacioncarraro.org\/index.php?rest_route=\/wp\/v2\/pages\/510\/revisions"}],"predecessor-version":[{"id":1094,"href":"https:\/\/fundacioncarraro.org\/index.php?rest_route=\/wp\/v2\/pages\/510\/revisions\/1094"}],"wp:attachment":[{"href":"https:\/\/fundacioncarraro.org\/index.php?rest_route=%2Fwp%2Fv2%2Fmedia&parent=510"}],"curies":[{"name":"wp","href":"https:\/\/api.w.org\/{rel}","templated":true}]}}