{"id":520,"date":"2020-08-02T13:06:37","date_gmt":"2020-08-02T13:06:37","guid":{"rendered":"http:\/\/carraro.serverside.es\/?page_id=520"},"modified":"2020-09-28T19:19:05","modified_gmt":"2020-09-28T19:19:05","slug":"entrevista-prof-dr-jose-angel-loi","status":"publish","type":"page","link":"https:\/\/fundacioncarraro.org\/?page_id=520","title":{"rendered":"Entrevista Prof. Dr. Jos\u00e9 Angel Loi"},"content":{"rendered":"\t\t<div data-elementor-type=\"wp-page\" data-elementor-id=\"520\" class=\"elementor elementor-520\" data-elementor-post-type=\"page\">\n\t\t\t\t\t\t<section class=\"elementor-section elementor-top-section elementor-element elementor-element-98e73d7 elementor-section-boxed elementor-section-height-default elementor-section-height-default\" data-id=\"98e73d7\" data-element_type=\"section\">\n\t\t\t\t\t\t<div class=\"elementor-container elementor-column-gap-default\">\n\t\t\t\t\t<div class=\"elementor-column elementor-col-100 elementor-top-column elementor-element elementor-element-9f79a4a\" data-id=\"9f79a4a\" data-element_type=\"column\">\n\t\t\t<div class=\"elementor-widget-wrap elementor-element-populated\">\n\t\t\t\t\t\t<div class=\"elementor-element elementor-element-296a3ee elementor-widget elementor-widget-spacer\" data-id=\"296a3ee\" data-element_type=\"widget\" data-widget_type=\"spacer.default\">\n\t\t\t\t<div class=\"elementor-widget-container\">\n\t\t\t\t\t<div class=\"elementor-spacer\">\n\t\t\t<div class=\"elementor-spacer-inner\"><\/div>\n\t\t<\/div>\n\t\t\t\t<\/div>\n\t\t\t\t<\/div>\n\t\t\t\t\t<\/div>\n\t\t<\/div>\n\t\t\t\t\t<\/div>\n\t\t<\/section>\n\t\t\t\t<section class=\"elementor-section elementor-top-section elementor-element elementor-element-bb8ccd7 elementor-section-boxed elementor-section-height-default elementor-section-height-default\" data-id=\"bb8ccd7\" data-element_type=\"section\">\n\t\t\t\t\t\t<div class=\"elementor-container elementor-column-gap-default\">\n\t\t\t\t\t<div class=\"elementor-column elementor-col-100 elementor-top-column elementor-element elementor-element-e5dedd8\" data-id=\"e5dedd8\" data-element_type=\"column\">\n\t\t\t<div class=\"elementor-widget-wrap elementor-element-populated\">\n\t\t\t\t\t\t<div class=\"elementor-element elementor-element-9451104 elementor-widget elementor-widget-heading\" data-id=\"9451104\" data-element_type=\"widget\" data-widget_type=\"heading.default\">\n\t\t\t\t<div class=\"elementor-widget-container\">\n\t\t\t<h2 class=\"elementor-heading-title elementor-size-default\">ENTREVISTAS<\/h2>\t\t<\/div>\n\t\t\t\t<\/div>\n\t\t\t\t\t<\/div>\n\t\t<\/div>\n\t\t\t\t\t<\/div>\n\t\t<\/section>\n\t\t\t\t<section class=\"elementor-section elementor-top-section elementor-element elementor-element-c68988f elementor-section-boxed elementor-section-height-default elementor-section-height-default\" data-id=\"c68988f\" data-element_type=\"section\">\n\t\t\t\t\t\t<div class=\"elementor-container elementor-column-gap-default\">\n\t\t\t\t\t<div class=\"elementor-column elementor-col-100 elementor-top-column elementor-element elementor-element-32bc45b\" data-id=\"32bc45b\" data-element_type=\"column\">\n\t\t\t<div class=\"elementor-widget-wrap elementor-element-populated\">\n\t\t\t\t\t\t<div class=\"elementor-element elementor-element-ca601bb elementor-widget elementor-widget-text-editor\" data-id=\"ca601bb\" data-element_type=\"widget\" data-widget_type=\"text-editor.default\">\n\t\t\t\t<div class=\"elementor-widget-container\">\n\t\t\t\t\t\t\t<p><b><img decoding=\"async\" class=\"wp-image-269  alignleft\" src=\"http:\/\/fundacioncarraro.org\/wp-content\/uploads\/2020\/07\/09.png\" alt=\"\" width=\"152\" height=\"144\" \/><\/b><\/p><p><strong>Prof. Dr. Jos\u00e9 Angel Loi<\/strong><br \/>Especialista en Periodoncia<br \/>Profesor Titular Regular C\u00e1tedra de Periodoncia FOUNT<br \/><br \/><em>\u00bfCu\u00e1les son a su juicio, en la actualidad, los cambios m\u00e1s significativos que se presentan en el tratamiento de la enfermedad gingivoperiodontal?<\/em><\/p><p>Estimo que los cambios son m\u00e1s pragm\u00e1ticos que pr\u00e1cticos. El Actual, es un tratamiento racional basado en la variabilidad de expresi\u00f3n y diagn\u00f3stico de la enfermedad periodontal, orientado a restablecer funci\u00f3n y est\u00e9tica. Maestros de la periodoncia como el Dr. Juan Jos\u00e9 Carraro, el Dr. Alberto Jos\u00e9 Bustamante y el Dr. Ricardo Jos\u00e9 Parodi advirtieron, con claridad, que aunque el defecto morfologico sigue siendo la base de la terap\u00e9utica periodontitis cr\u00f3nica, el diagn\u00f3stico, debe ser la base de la terape\u00fatica periodontal.<\/p><p>La calidad de remoci\u00f3n de biopel\u00edcula inespec\u00edfica, contin\u00faa siendo el objetivo en la soluci\u00f3n de cuadros gingivales y periodontales. Evidencias cient\u00edficas avalan el uso complementario de antibi\u00f3ticos o periostaticos (aines tetraciclinas modificadas) en el tratamiento de periodontitis agresivas y refractarias.<br \/>La regeneraci\u00f3n de la p\u00e9rdida del soporte periodontal es un objetivo importante en el tratamiento periodontal, sin embargo, los acontecimientos inductivos que regulan la diferenciaci\u00f3n y maduraci\u00f3n de los tejidos de inserci\u00f3n, todav\u00eda no se conocen del todo.<br \/>Teniendo en cuenta la complejidad de la organog\u00e9nesis en el desarrollo del diente, es dif\u00edcil percibir que la simple colocaci\u00f3n de elementos como membranas, aloinjertos y factores de crecimiento en el espacio subgingival, sea suficientes para inducir la formaci\u00f3n de tejido periodontal original, con una arquitectura correcta.<br \/>Contin\u00faan utiliz\u00e1ndose diferentes t\u00e9cnicas de cirug\u00eda regenerativa, con la esperanza de obtener resultados espectaculares. La mayor\u00eda de estos resultados se observan en zonas aisladas de la dentici\u00f3n, asociados con una reparaci\u00f3n \u00f3sea significativa, aunque infrecuente. <br \/>La regeneraci\u00f3n peridontal es posible pero no predecible, lo que revaloriza los procedimientos quir\u00fargicos reparativos.<br \/>La cirug\u00eda pl\u00e1stica periodontal constituye un avance significativo de la periodoncia moderna, acorde a los c\u00e1nones est\u00e9ticos de la sociedad actual. La novedad m\u00e1s promisoria est\u00e1 representada por la ingenier\u00eda tisular y el implante de c\u00e9lulas madre.<\/p><p><br \/><em>\u00bfC\u00f3mo estos cambios fueron implementados en la ense\u00f1anza de Grado y Postgrado, en la C\u00e1tedra que usted dirige en la Universidad Nacional de Tucuman?<\/em><\/p><p>El diagn\u00f3stico, prevenci\u00f3n y tratamiento de la enfermedad gingivoperiodontal se ense\u00f1a en el grado mediante clases te\u00f3ricas, precl\u00ednicas y cl\u00ednicas son pr\u00e1ctica de los estudiantes.<br \/>El tratamiento con finalidad terap\u00e9utica no quir\u00fargico y quirurgico es el objetivo primordial de la docencia implementada por la Catedra y esta basado en premisas fundamentales:<br \/>\u201cConocer lo normal para interpretar lo patol\u00f3gico\u201d, \u201c El ligamento periodontal, guardi\u00e1n de soberan\u00eda dental\u201d (Rodolfo Erausquin)<br \/>Capacitamos a nuestros alumnos con el criterio cl\u00ednico predominante: al pr\u00e1ctico general y al paciente le interesa m\u00e1s el logro y mantenimiento de un resultado predecible (reparaci\u00f3n) que una regeneraci\u00f3n periodontal incierta.<br \/>En el postgrado, la docencia est\u00e1 orientada al diagn\u00f3stico, prevenci\u00f3n y tratamiento quir\u00fargico terap\u00e9utico y no terap\u00e9utico de la perdida de inserci\u00f3n, mediante clases te\u00f3ricas, precl\u00ednicas y cl\u00ednicas con practica de los cursantes. Enfatizamos en los resultados de las evidencias cient\u00edficas sobre los alcances y limitaciones de los diferentes procedimientos quir\u00fargicos reparativos, reconstructivos y regenerativos. Dedicaci\u00f3n especial, merecen los factores que permiten obtener una adecuada cicatrizaci\u00f3n periodontal, donde la cirug\u00eda mucogingival y la cirug\u00eda pl\u00e1stica peridontal desempe\u00f1an un rol importante.<\/p><p><br \/><em>\u00bfCu\u00e1l es la formaci\u00f3n y el perfil del egresado de la UNT con respecto a esta especialidad?<\/em><\/p><p>En nuestra unidad acad\u00e9mica, la carrera de grado tiene duraci\u00f3n de cinco a\u00f1os. Periodoncia, esta ubicada en cuarto a\u00f1o de la curricula actual y es correlativa con asignaturas de tercero, cuarto y quinto a\u00f1o del cursado. El perfil del graduado, debe garantizar las competencias b\u00e1sicas de un odontologo general, desde ese marco, pretendemos que posea las competencias cl\u00ednicas necesarias para orientar, prevenir, diagnosticar y tratar pacientes con periodontitis leves y moderadas de dientes naturales y sustitutos.<br \/>Cien horas anuales de docencia consideramos insuficientes, por lo tanto aspiramos a tener mayor carga horaria.<br \/>La actividad de postgrado, se implementa mediante la realizaci\u00f3n de un curso de dos ciclos con ciento cuarenta y cuatro horas de duraci\u00f3n. Pretendemos un egresado capacitado con diagn\u00f3stico, prevenci\u00f3n y tratamiento terap\u00e9utico y no terap\u00e9utico de cuadros periodontales moderados y severos de dlientes naturales y sustitutos.<br \/>Aspiramos en lo inmediato, implementar en nuestra Facultad la Carrera de Especialista en Perioconcia.<\/p><p><br \/><em>\u00bfConsiderando la importancia de la Periodoncia para la salud de la poblaci\u00f3n, de que manera se puede incentivar al odont\u00f3logo joven, para interesarse en esta especialidad?<\/em><\/p><p>En la formaci\u00f3n de grado, despertando el inter\u00e9s por una asignatura integradora: toda pr\u00e1ctica odontol\u00f3gica, requiere de la conservaci\u00f3n de las estructuras periodontales de protecci\u00f3n e inserci\u00f3n. La relaci\u00f3n causa efecto es una realidad, el alumno debe experimentar la vivencia de obtener grandes resultados implementando procedimientos de tratamiento sencillos y pr\u00e1cticos, que est\u00e1n a su alcance.<br \/>En la formavi\u00f3n de postgrado, adecuada capacitaci\u00f3n te\u00f3rica-practica basada en el meta an\u00e1lisis de evidencias cient\u00edficas, que tienden a la excelencia de conocimientos y a la formaci\u00f3n interdisciplinaria, con \u00e9nfasis en los problemas y demanda de la sociedad.<br \/>Especial consideraci\u00f3n para el odont\u00f3logo general, que muchas veces act\u00faa frente a gingivitis y periodontitis, como si fueran \u201cepidemias invisibles\u201d. El desaf\u00edo de los centros universitarios y privados, consiste en convocar y demostrar que la mayor\u00eda de los cuadros gingivales y periodontales deben ser tratados por el odont\u00f3logo general, porque est\u00e1n a su alcance y porque no contamos con suficiente cantidad de especialistas.<\/p><p><br \/><em>\u00bfDe qu\u00e9 manera podr\u00eda crearse mayor conciencia en la poblaci\u00f3n, respecto a la importancia que tiene la enfermedad gingivoperiodontal en la salud general del individuo?<\/em><\/p><p>\u201cLa conciencia es la luz de la intreligencia que permite separar entre el bien y el mal\u201d (Confucio). Todav\u00eda, mucha gente considera normal la hemorragia gingival. Estimo importante, impartir conocimientos utilizando medios masivos de comunicaci\u00f3n, destacando a la frecuencia del mensaje, como lo m\u00e1s significativo para lograr los objetivos. Los centros universitarios y privados deben informar a la poblaci\u00f3n con micros radiales y televisivos accesibles y precisos, sobre lo m\u00e1s importante que debe conocer, sobre la enfermedad periodontal: conceptos elementales de prevenci\u00f3n y medicina periodontal. Tambi\u00e9n, debemos promover la participaci\u00f3n e incorporaci\u00f3n de docentes y especialistas, en proyectos de salud y extensi\u00f3n a la comunidad.<br \/>Los consultorios odontol\u00f3gicos, deben lograr convertir al grupo familiar, en vectores de salud periodontal.<\/p><p><em><br \/>\u00bfCu\u00e1les son las medidas de control preventivo m\u00e1s efectivas que se podr\u00edan aplicar?<\/em><\/p><p>Esas medidas son doctrinarias y pr\u00e1cticas, dirigidas fundamentalmente al odont\u00f3logo general y especialista, que con motivaci\u00f3n y actitud, deber\u00e1n lograr pacientes convencidos que la \u00fanica manera de obtener salud periodontal, es controlado al agente disparador del problema.<br \/>Las enfermedades odontol\u00f3gicas m\u00e1s prevalentes, son bacterias dependientes. La calidad de remoci\u00f3n inespec\u00edfica de placa bacteriana y las visitas peri\u00f3dicas de control, son y ser\u00e1n lo m\u00e1s efectivo, para prevenir la enfermedad.<br \/>Tratando de adaptar a nuestra actividad, la frase del Principito: \u201clo esencial es invisible a los ojos\u201d, el desaf\u00edo de la odontolog\u00eda actual, contin\u00faa siendo trabajar sobre lo esencial.<\/p><p><b>\u00a0<\/b><\/p>\t\t\t\t\t\t<\/div>\n\t\t\t\t<\/div>\n\t\t\t\t\t<\/div>\n\t\t<\/div>\n\t\t\t\t\t<\/div>\n\t\t<\/section>\n\t\t\t\t<\/div>\n\t\t","protected":false},"excerpt":{"rendered":"<p>ENTREVISTAS Prof. Dr. Jos\u00e9 Angel LoiEspecialista en PeriodonciaProfesor Titular Regular C\u00e1tedra de Periodoncia FOUNT \u00bfCu\u00e1les son a su juicio, en la actualidad, los cambios m\u00e1s significativos que se presentan en el tratamiento de la enfermedad gingivoperiodontal? Estimo que los cambios son m\u00e1s pragm\u00e1ticos que pr\u00e1cticos. El Actual, es un tratamiento racional basado en la variabilidad [&hellip;]<\/p>\n","protected":false},"author":1,"featured_media":0,"parent":0,"menu_order":0,"comment_status":"closed","ping_status":"closed","template":"","meta":{"footnotes":""},"class_list":["post-520","page","type-page","status-publish","hentry"],"_links":{"self":[{"href":"https:\/\/fundacioncarraro.org\/index.php?rest_route=\/wp\/v2\/pages\/520","targetHints":{"allow":["GET"]}}],"collection":[{"href":"https:\/\/fundacioncarraro.org\/index.php?rest_route=\/wp\/v2\/pages"}],"about":[{"href":"https:\/\/fundacioncarraro.org\/index.php?rest_route=\/wp\/v2\/types\/page"}],"author":[{"embeddable":true,"href":"https:\/\/fundacioncarraro.org\/index.php?rest_route=\/wp\/v2\/users\/1"}],"replies":[{"embeddable":true,"href":"https:\/\/fundacioncarraro.org\/index.php?rest_route=%2Fwp%2Fv2%2Fcomments&post=520"}],"version-history":[{"count":7,"href":"https:\/\/fundacioncarraro.org\/index.php?rest_route=\/wp\/v2\/pages\/520\/revisions"}],"predecessor-version":[{"id":1103,"href":"https:\/\/fundacioncarraro.org\/index.php?rest_route=\/wp\/v2\/pages\/520\/revisions\/1103"}],"wp:attachment":[{"href":"https:\/\/fundacioncarraro.org\/index.php?rest_route=%2Fwp%2Fv2%2Fmedia&parent=520"}],"curies":[{"name":"wp","href":"https:\/\/api.w.org\/{rel}","templated":true}]}}