{"id":537,"date":"2020-08-02T14:13:03","date_gmt":"2020-08-02T14:13:03","guid":{"rendered":"http:\/\/carraro.serverside.es\/?page_id=537"},"modified":"2020-09-28T19:18:50","modified_gmt":"2020-09-28T19:18:50","slug":"entrevista-prof-dr-heriberto-lavandeira","status":"publish","type":"page","link":"https:\/\/fundacioncarraro.org\/?page_id=537","title":{"rendered":"Entrevista Prof. Dr. Heriberto Lavandeira"},"content":{"rendered":"\t\t<div data-elementor-type=\"wp-page\" data-elementor-id=\"537\" class=\"elementor elementor-537\" data-elementor-post-type=\"page\">\n\t\t\t\t\t\t<section class=\"elementor-section elementor-top-section elementor-element elementor-element-854d4fb elementor-section-boxed elementor-section-height-default elementor-section-height-default\" data-id=\"854d4fb\" data-element_type=\"section\">\n\t\t\t\t\t\t<div class=\"elementor-container elementor-column-gap-default\">\n\t\t\t\t\t<div class=\"elementor-column elementor-col-100 elementor-top-column elementor-element elementor-element-d0033b4\" data-id=\"d0033b4\" data-element_type=\"column\">\n\t\t\t<div class=\"elementor-widget-wrap elementor-element-populated\">\n\t\t\t\t\t\t<div class=\"elementor-element elementor-element-cec0ebf elementor-widget elementor-widget-spacer\" data-id=\"cec0ebf\" data-element_type=\"widget\" data-widget_type=\"spacer.default\">\n\t\t\t\t<div class=\"elementor-widget-container\">\n\t\t\t\t\t<div class=\"elementor-spacer\">\n\t\t\t<div class=\"elementor-spacer-inner\"><\/div>\n\t\t<\/div>\n\t\t\t\t<\/div>\n\t\t\t\t<\/div>\n\t\t\t\t\t<\/div>\n\t\t<\/div>\n\t\t\t\t\t<\/div>\n\t\t<\/section>\n\t\t\t\t<section class=\"elementor-section elementor-top-section elementor-element elementor-element-039f8aa elementor-section-boxed elementor-section-height-default elementor-section-height-default\" data-id=\"039f8aa\" data-element_type=\"section\">\n\t\t\t\t\t\t<div class=\"elementor-container elementor-column-gap-default\">\n\t\t\t\t\t<div class=\"elementor-column elementor-col-100 elementor-top-column elementor-element elementor-element-e181c46\" data-id=\"e181c46\" data-element_type=\"column\">\n\t\t\t<div class=\"elementor-widget-wrap elementor-element-populated\">\n\t\t\t\t\t\t<div class=\"elementor-element elementor-element-b90a8ac elementor-widget elementor-widget-heading\" data-id=\"b90a8ac\" data-element_type=\"widget\" data-widget_type=\"heading.default\">\n\t\t\t\t<div class=\"elementor-widget-container\">\n\t\t\t<h2 class=\"elementor-heading-title elementor-size-default\">ENTREVISTAS<\/h2>\t\t<\/div>\n\t\t\t\t<\/div>\n\t\t\t\t\t<\/div>\n\t\t<\/div>\n\t\t\t\t\t<\/div>\n\t\t<\/section>\n\t\t\t\t<section class=\"elementor-section elementor-top-section elementor-element elementor-element-c4dfb04 elementor-section-boxed elementor-section-height-default elementor-section-height-default\" data-id=\"c4dfb04\" data-element_type=\"section\">\n\t\t\t\t\t\t<div class=\"elementor-container elementor-column-gap-default\">\n\t\t\t\t\t<div class=\"elementor-column elementor-col-100 elementor-top-column elementor-element elementor-element-7388aea\" data-id=\"7388aea\" data-element_type=\"column\">\n\t\t\t<div class=\"elementor-widget-wrap elementor-element-populated\">\n\t\t\t\t\t\t<div class=\"elementor-element elementor-element-17473cd elementor-widget elementor-widget-text-editor\" data-id=\"17473cd\" data-element_type=\"widget\" data-widget_type=\"text-editor.default\">\n\t\t\t\t<div class=\"elementor-widget-container\">\n\t\t\t\t\t\t\t<p><b><img decoding=\"async\" class=\"wp-image-272  alignleft\" src=\"http:\/\/fundacioncarraro.org\/wp-content\/uploads\/2020\/07\/12.png\" alt=\"\" width=\"152\" height=\"144\" \/><\/b><\/p><p><strong>Prof. Dr. Heriberto Lavandeira<\/strong><br \/>Profesor Asociado de la C\u00e1tedra de Periodoncia de la Escuela de Odontolog\u00eda USAL\/AOA.<br \/>Ex Profesor Adjunto de la C\u00e1tedra de Periodoncia de la F.O.U.B.A<br \/>Director del Departamento de Docencia e Investigaci\u00f3n de la Asociaci\u00f3n Odontol\u00f3gica Argentina.<br \/><br \/><em>\u00bfCu\u00e1les son, a su juicio, los cambios m\u00e1s importantes que se han producido en estos \u00faltimos tiempos en la periodoncia?<\/em><\/p><p>A mi juicio los cambios en la Periodoncia se encuentran en una etapa de alt\u00edsima actividad. Sin embargo estoy convencido de que no estamos en el punto \u00e1lgido ni mucho menos.<br \/>Este pensamiento esta basado en que cuando se confirmen muchos estudios preliminares y otros transversales, las modificaciones tendr\u00e1n una categor\u00eda de imprevisibles.<br \/>El momento actual podr\u00edamos llamarlo de transici\u00f3n, ya que un gran numero de evidencias cient\u00edficas, no pueden ser utilizadas en la cl\u00ednica, mas all\u00e1 de reconocer de que dicha actividad tiene poco que ver con lo que realiz\u00e1bamos pocos a\u00f1os atr\u00e1s.<br \/>El ejemplo mas claro lo constituye el conocimiento actual del Rol que juega el hu\u00e9sped en la etiopatogenia. Sabemos mucho mas de el, pero poco podemos hacer terap\u00e9uticamente para modificar sus respuestas.<\/p><p><em><br \/>\u00bfC\u00f3mo estos cambios fueron implementados en la ense\u00f1anza de Grado y Postgrado, en la C\u00e1tedra que usted dirige?<\/em><\/p><p>Estos cambios nos han obligado a replantear contenidos, modificar conceptos, alterar secuencias, desestimar criterios considerados valiosos hasta hace poco tiempo. Uno tiene la sensaci\u00f3n de que esta tarea no tiene final.<br \/>Creo personalmente que la Periodoncia se ha transformado en una materia fascinante, atractiva, que obliga a cl\u00ednicos y docentes a pensar.<\/p><p><br \/><em>\u00bfConsiderando la importancia de la periodoncia para la salud de la poblaci\u00f3n, de qu\u00e9 manera se puede incentivar al odont\u00f3logo joven para interesarse en esta especialidad?<\/em><\/p><p>Podr\u00edamos enumerar much\u00edsimas alternativas para motivar al odont\u00f3logo joven.<br \/>Al alumno de grado en nuestra c\u00e1tedra se lo ve interesado, inquieto y muy receptivo hacia la Periodoncia. Sin embargo pocos a\u00f1os despu\u00e9s sus pr\u00e1cticas periodontales en el consultorio son escasas.<br \/>Esto ocurre porque los sistemas de Obras Sociales y Pre-pagas codifican y arancelan la Periodoncia en nuestro pa\u00eds, de un modo incomprensible, para decirlo de una manera elegante.<br \/>Mientras nosotros desde las aulas motivamos, pero el ejercicio profesional siga en la l\u00ednea actual, veo dif\u00edcil o imposible un cambio.<\/p><p><br \/>\u00bfCu\u00e1l es la formaci\u00f3n y el perfil del egresado de la USAL con respecto a esta especialidad?<\/p><p>El egresado de USAL se recibe te\u00f3ricamente y t\u00e9cnicamente preparado para resolver la totalidad de las patolog\u00edas gingivo\/periodontales que afectan mas frecuentemente a la poblaci\u00f3n y en condici\u00f3n de diagnosticar y derivar aquellas que son resorte de los especialistas.<\/p><p><b>\u00a0<\/b><\/p>\t\t\t\t\t\t<\/div>\n\t\t\t\t<\/div>\n\t\t\t\t\t<\/div>\n\t\t<\/div>\n\t\t\t\t\t<\/div>\n\t\t<\/section>\n\t\t\t\t<\/div>\n\t\t","protected":false},"excerpt":{"rendered":"<p>ENTREVISTAS Prof. Dr. Heriberto LavandeiraProfesor Asociado de la C\u00e1tedra de Periodoncia de la Escuela de Odontolog\u00eda USAL\/AOA.Ex Profesor Adjunto de la C\u00e1tedra de Periodoncia de la F.O.U.B.ADirector del Departamento de Docencia e Investigaci\u00f3n de la Asociaci\u00f3n Odontol\u00f3gica Argentina. \u00bfCu\u00e1les son, a su juicio, los cambios m\u00e1s importantes que se han producido en estos \u00faltimos tiempos [&hellip;]<\/p>\n","protected":false},"author":1,"featured_media":0,"parent":0,"menu_order":0,"comment_status":"closed","ping_status":"closed","template":"","meta":{"footnotes":""},"class_list":["post-537","page","type-page","status-publish","hentry"],"_links":{"self":[{"href":"https:\/\/fundacioncarraro.org\/index.php?rest_route=\/wp\/v2\/pages\/537","targetHints":{"allow":["GET"]}}],"collection":[{"href":"https:\/\/fundacioncarraro.org\/index.php?rest_route=\/wp\/v2\/pages"}],"about":[{"href":"https:\/\/fundacioncarraro.org\/index.php?rest_route=\/wp\/v2\/types\/page"}],"author":[{"embeddable":true,"href":"https:\/\/fundacioncarraro.org\/index.php?rest_route=\/wp\/v2\/users\/1"}],"replies":[{"embeddable":true,"href":"https:\/\/fundacioncarraro.org\/index.php?rest_route=%2Fwp%2Fv2%2Fcomments&post=537"}],"version-history":[{"count":6,"href":"https:\/\/fundacioncarraro.org\/index.php?rest_route=\/wp\/v2\/pages\/537\/revisions"}],"predecessor-version":[{"id":1102,"href":"https:\/\/fundacioncarraro.org\/index.php?rest_route=\/wp\/v2\/pages\/537\/revisions\/1102"}],"wp:attachment":[{"href":"https:\/\/fundacioncarraro.org\/index.php?rest_route=%2Fwp%2Fv2%2Fmedia&parent=537"}],"curies":[{"name":"wp","href":"https:\/\/api.w.org\/{rel}","templated":true}]}}