{"id":548,"date":"2020-08-02T14:33:37","date_gmt":"2020-08-02T14:33:37","guid":{"rendered":"http:\/\/carraro.serverside.es\/?page_id=548"},"modified":"2020-09-28T19:10:43","modified_gmt":"2020-09-28T19:10:43","slug":"entrevista-dr-jorge-aguilar","status":"publish","type":"page","link":"https:\/\/fundacioncarraro.org\/?page_id=548","title":{"rendered":"Entrevista Dr. Jorge Aguilar"},"content":{"rendered":"\t\t<div data-elementor-type=\"wp-page\" data-elementor-id=\"548\" class=\"elementor elementor-548\" data-elementor-post-type=\"page\">\n\t\t\t\t\t\t<section class=\"elementor-section elementor-top-section elementor-element elementor-element-a559918 elementor-section-boxed elementor-section-height-default elementor-section-height-default\" data-id=\"a559918\" data-element_type=\"section\">\n\t\t\t\t\t\t<div class=\"elementor-container elementor-column-gap-default\">\n\t\t\t\t\t<div class=\"elementor-column elementor-col-100 elementor-top-column elementor-element elementor-element-35041a0\" data-id=\"35041a0\" data-element_type=\"column\">\n\t\t\t<div class=\"elementor-widget-wrap elementor-element-populated\">\n\t\t\t\t\t\t<div class=\"elementor-element elementor-element-352b0d2 elementor-widget elementor-widget-spacer\" data-id=\"352b0d2\" data-element_type=\"widget\" data-widget_type=\"spacer.default\">\n\t\t\t\t<div class=\"elementor-widget-container\">\n\t\t\t\t\t<div class=\"elementor-spacer\">\n\t\t\t<div class=\"elementor-spacer-inner\"><\/div>\n\t\t<\/div>\n\t\t\t\t<\/div>\n\t\t\t\t<\/div>\n\t\t\t\t\t<\/div>\n\t\t<\/div>\n\t\t\t\t\t<\/div>\n\t\t<\/section>\n\t\t\t\t<section class=\"elementor-section elementor-top-section elementor-element elementor-element-645c81e elementor-section-boxed elementor-section-height-default elementor-section-height-default\" data-id=\"645c81e\" data-element_type=\"section\">\n\t\t\t\t\t\t<div class=\"elementor-container elementor-column-gap-default\">\n\t\t\t\t\t<div class=\"elementor-column elementor-col-100 elementor-top-column elementor-element elementor-element-ae1ddff\" data-id=\"ae1ddff\" data-element_type=\"column\">\n\t\t\t<div class=\"elementor-widget-wrap elementor-element-populated\">\n\t\t\t\t\t\t<div class=\"elementor-element elementor-element-e65d829 elementor-widget elementor-widget-heading\" data-id=\"e65d829\" data-element_type=\"widget\" data-widget_type=\"heading.default\">\n\t\t\t\t<div class=\"elementor-widget-container\">\n\t\t\t<h2 class=\"elementor-heading-title elementor-size-default\">ENTREVISTAS<\/h2>\t\t<\/div>\n\t\t\t\t<\/div>\n\t\t\t\t\t<\/div>\n\t\t<\/div>\n\t\t\t\t\t<\/div>\n\t\t<\/section>\n\t\t\t\t<section class=\"elementor-section elementor-top-section elementor-element elementor-element-7aa6696 elementor-section-boxed elementor-section-height-default elementor-section-height-default\" data-id=\"7aa6696\" data-element_type=\"section\">\n\t\t\t\t\t\t<div class=\"elementor-container elementor-column-gap-default\">\n\t\t\t\t\t<div class=\"elementor-column elementor-col-100 elementor-top-column elementor-element elementor-element-c34c182\" data-id=\"c34c182\" data-element_type=\"column\">\n\t\t\t<div class=\"elementor-widget-wrap elementor-element-populated\">\n\t\t\t\t\t\t<div class=\"elementor-element elementor-element-ee4df0d elementor-widget elementor-widget-text-editor\" data-id=\"ee4df0d\" data-element_type=\"widget\" data-widget_type=\"text-editor.default\">\n\t\t\t\t<div class=\"elementor-widget-container\">\n\t\t\t\t\t\t\t<p><b><img decoding=\"async\" class=\"wp-image-274  alignleft\" src=\"http:\/\/fundacioncarraro.org\/wp-content\/uploads\/2020\/07\/14.png\" alt=\"\" width=\"152\" height=\"144\" \/><\/b><\/p><p><strong>Dr. Jorge Aguilar<\/strong><br \/>Prof. Adj. De la C\u00e1tedra de Periodoncia de la USAL-AOA.<br \/>Director del departamento de implantes de la C\u00e1tedra de Periodoncia de la USAL-AOA. Presidente de la Sociedad Argentina de Periodontolog\u00eda<\/p><p><em>\u00bfCu\u00e1les son, a su juicio, los cambios m\u00e1s significativos en el tratamiento de la enfermedad gingivoperiodontal?<br \/><\/em><br \/>Los avances en el conocimiento de la Etiopatogenia , Microbiolog\u00eda y Regeneraci\u00f3n de la Enfermedad Periodontal han logrado en los \u00faltimos a\u00f1os modificaciones importantes en los planes de tratamiento.<\/p><p>Tal vez en lo sustancial, para m\u00e1s del 80% de nuestros pacientes, el tratamiento Periodontal no haya sufrido grandes cambios.<\/p><p>Es en las Periodontitis Agresivas (de r\u00e1pida progresi\u00f3n) donde, a expensas de los cultivos microbiol\u00f3gicos, estudio de los factores de riesgo y terapia antimicrobiana, el tratamiento del paciente con \u00e9stas patolog\u00edas ha variado notoriamente.<\/p><p>En cuanto a la Regeneraci\u00f3n Periodontal se ha determinado con bastante precisi\u00f3n las indicaciones y contraindicaciones de la misma, d\u00e1ndole a estos tratamientos alta predictibilidad. Debemos mencionar como dato importante que el \u00e9xito de la Regeneraci\u00f3n en Periodoncia es muy sensible a la T\u00e9cnica en si misma.<\/p><p>En la actualidad en, nuestro pa\u00eds, el costo de la misma debido al incremento en el valor de los insumos, la ha convertido en una t\u00e9cnica de poco uso por parte del especialista.<\/p><p><br \/><em>\u00bfCu\u00e1l es el programa que implementa la instituci\u00f3n que usted preside, para fortalecer el desarrollo de la periodoncia en nuestro pa\u00eds?<\/em><\/p><p>La SAP est\u00e1 avocada en la concreci\u00f3n de algunos logros. Estos determinan lo que podr\u00edamos llamar \u201cPol\u00edticas de Estado\u201d de nuestra instituci\u00f3n.<\/p><p>Uno de ellos es precisamente el de aunar voluntades y ser eje vector de la Periodoncia Argentina , tratando de nuclear a todas las C\u00e1tedras de Periodoncia del pa\u00eds y a todas las Instituciones regionales de Periodoncia. Para esto La SAP debe estar abierta a todos y cada uno de los socios de nuestra instituci\u00f3n y por otro lado \u00e9sta posici\u00f3n de apertura hacerla extensiva a todos los odont\u00f3logos del pa\u00eds.<\/p><p>Entendemos que debemos llegar con nuestro mensaje del conocimiento Periodontal, a la mayor cantidad de colegas posible. Estamos cambiando algunas estrategias para el logro de \u00e9stos objetivos.<\/p><p>La \u00fanica manera de crear una mayor conciencia ,tanto en los odont\u00f3logos como en la poblaci\u00f3n en general, acerca de la importancia que tienen las enfermedades gingivo Periodontales en la salud bucal, es mediante la Educaci\u00f3n.<\/p><p>No hay otro camino posible, lo que si debemos estudiar muy bien es cu\u00e1l es la estrategia a desarrollar para el logro de dicho objetivo.<\/p><p><br \/><em>\u00bfCu\u00e1les son los objetivos del Programa Nacional de \u201cEnc\u00edas Sanas\u201d? y \u00bfcu\u00e1ndo comenzar\u00e1 a desarrollarse?<\/em><\/p><p>Justamente El Programa Nacional \u201cEnc\u00edas Sanas\u201d,tiene como objetivo fundamental la educaci\u00f3n.<\/p><p>Durante el a\u00f1o 2003 la SAP conjuntamente con la CORA (Confederaci\u00f3n Odontol\u00f3gica de la Rep\u00fablica Argentina) lanzaron el PROGRAMA NACIONAL ENC\u00cdAS SANAS en respuesta a los resultados del ESTUDIO EPIDEMIOL\u00d3GICO NACIONAL \u201c,Diagn\u00f3stico de la Necesidad de Tratamiento Periodontal de Adultos de la Rep\u00fablica Argentina\u201d llevado a cabo en 3694 pacientes en todo el pa\u00eds.<\/p><p>Los objetivos de dicho programa son:<\/p><p>Informar a la poblaci\u00f3n sobre las patolog\u00edas g\u00edngivo peridontales : el mensaje clave es que \u201c Las enc\u00edas sanas nunca sangran\u201d<br \/>Generar en la poblaci\u00f3n la inquietud de consultar la odont\u00f3logo si las enc\u00edas le sangran<br \/>Formar en periodoncia al odont\u00f3logo generalista para responder a esta demanda<br \/>El programa comenz\u00f3 a desarrollarse el 17 de Septiembre del 2003. 2003 con la difusi\u00f3n en los medios de comunicaci\u00f3n del Estudio Epidemiol\u00f3gico Nacional.<\/p><p>Luego se dieron charlas para la comunidad sobre las enfermedades periodontales, su prevenci\u00f3n y tratamiento. Se habilit\u00f3 una l\u00ednea telef\u00f3nica 0800333 ENCIA para solicitar informaci\u00f3n sobre dichas charlas y centros de atenci\u00f3n de patolog\u00edas Gingivo Periodontales.<\/p><p>Durante el a\u00f1o 2004 se est\u00e1 llevando a cabo la GIRA NACIONAL CORA-SAP cuyo objetivo es capacitar al odont\u00f3logo generalista para diagnosticar, tratar y\/o derivar a los pacientes que presenten patolog\u00edas g\u00edngivo periodontales. Los resultados parciales de la misma son excelentes, contando con una afluencia de colegas realmente sorprendente.<\/p><p><em><br \/>\u00bfCu\u00e1l es su opini\u00f3n acerca de la Federaci\u00f3n Iberopanamericana de Periodoncia? y \u00bfcu\u00e1l va a ser el aporte que brindar\u00e1 la sociedad Argentina de Periodoncia a dicha instituci\u00f3n?<\/em><\/p><p>La Academia Panamericana de Periodoncia se disolvi\u00f3 al incorporarse Espa\u00f1a y otros pa\u00edses de Am\u00e9rica, y en su reemplazo fue fundada la Federaci\u00f3n Iberopanamericana de Periodoncia.<\/p><p>La creaci\u00f3n de dicha Federaci\u00f3n es a mi entender un importante progreso para la Periodoncia hispano parlante. La posibilidad de comunicaci\u00f3n, integraci\u00f3n e intercambio que la misma nos brinda, ser\u00e1 de suma importancia en un futuro cercano.<\/p><p>Presidida por el Dr. Carlos Qui\u00f1ones (Puerto Rico), la instituci\u00f3n est\u00e1 creciendo y generando proyectos que seguramente har\u00e1n de la misma un polo de atracci\u00f3n y referencia en la Periodoncia internacional.<\/p><p>Desde la SAP estamos apoyando a nuestra Federaci\u00f3n con todo ah\u00ednco: el Dr. Claudio Furman trabajando y aportando desde la Vicepresidencia, qui\u00e9n suscribe como vocal titular. Con orgullo dise\u00f1adores gr\u00e1ficos aportados por SAP concursaron y lograron la creaci\u00f3n del logotipo de la Federaci\u00f3n, y por \u00faltimo logramos que la Argentina sea elegida como sede para el Congreso del 2008.<\/p><p>Todas las Sociedades de Periodoncia que conforman la federaci\u00f3n, est\u00e1n trabajando mancomunadamente para llevar adelante \u00e9ste nuevo y prometedor proyecto.<\/p><p><b>\u00a0<\/b><\/p>\t\t\t\t\t\t<\/div>\n\t\t\t\t<\/div>\n\t\t\t\t\t<\/div>\n\t\t<\/div>\n\t\t\t\t\t<\/div>\n\t\t<\/section>\n\t\t\t\t<\/div>\n\t\t","protected":false},"excerpt":{"rendered":"<p>ENTREVISTAS Dr. Jorge AguilarProf. Adj. De la C\u00e1tedra de Periodoncia de la USAL-AOA.Director del departamento de implantes de la C\u00e1tedra de Periodoncia de la USAL-AOA. Presidente de la Sociedad Argentina de Periodontolog\u00eda \u00bfCu\u00e1les son, a su juicio, los cambios m\u00e1s significativos en el tratamiento de la enfermedad gingivoperiodontal?Los avances en el conocimiento de la Etiopatogenia [&hellip;]<\/p>\n","protected":false},"author":1,"featured_media":0,"parent":0,"menu_order":0,"comment_status":"closed","ping_status":"closed","template":"","meta":{"footnotes":""},"class_list":["post-548","page","type-page","status-publish","hentry"],"_links":{"self":[{"href":"https:\/\/fundacioncarraro.org\/index.php?rest_route=\/wp\/v2\/pages\/548","targetHints":{"allow":["GET"]}}],"collection":[{"href":"https:\/\/fundacioncarraro.org\/index.php?rest_route=\/wp\/v2\/pages"}],"about":[{"href":"https:\/\/fundacioncarraro.org\/index.php?rest_route=\/wp\/v2\/types\/page"}],"author":[{"embeddable":true,"href":"https:\/\/fundacioncarraro.org\/index.php?rest_route=\/wp\/v2\/users\/1"}],"replies":[{"embeddable":true,"href":"https:\/\/fundacioncarraro.org\/index.php?rest_route=%2Fwp%2Fv2%2Fcomments&post=548"}],"version-history":[{"count":6,"href":"https:\/\/fundacioncarraro.org\/index.php?rest_route=\/wp\/v2\/pages\/548\/revisions"}],"predecessor-version":[{"id":1091,"href":"https:\/\/fundacioncarraro.org\/index.php?rest_route=\/wp\/v2\/pages\/548\/revisions\/1091"}],"wp:attachment":[{"href":"https:\/\/fundacioncarraro.org\/index.php?rest_route=%2Fwp%2Fv2%2Fmedia&parent=548"}],"curies":[{"name":"wp","href":"https:\/\/api.w.org\/{rel}","templated":true}]}}