{"id":642,"date":"2020-08-02T17:56:23","date_gmt":"2020-08-02T17:56:23","guid":{"rendered":"http:\/\/carraro.serverside.es\/?page_id=642"},"modified":"2020-10-22T17:31:15","modified_gmt":"2020-10-22T17:31:15","slug":"revista-no-41","status":"publish","type":"page","link":"https:\/\/fundacioncarraro.org\/?page_id=642","title":{"rendered":"Revista N\u00ba 41"},"content":{"rendered":"\t\t<div data-elementor-type=\"wp-page\" data-elementor-id=\"642\" class=\"elementor elementor-642\" data-elementor-post-type=\"page\">\n\t\t\t\t\t\t<section class=\"elementor-section elementor-top-section elementor-element elementor-element-bcb82e7 elementor-section-boxed elementor-section-height-default elementor-section-height-default\" data-id=\"bcb82e7\" data-element_type=\"section\">\n\t\t\t\t\t\t<div class=\"elementor-container elementor-column-gap-default\">\n\t\t\t\t\t<div class=\"elementor-column elementor-col-100 elementor-top-column elementor-element elementor-element-c4e1bf5\" data-id=\"c4e1bf5\" data-element_type=\"column\">\n\t\t\t<div class=\"elementor-widget-wrap elementor-element-populated\">\n\t\t\t\t\t\t<div class=\"elementor-element elementor-element-83ea49d elementor-widget elementor-widget-spacer\" data-id=\"83ea49d\" data-element_type=\"widget\" data-widget_type=\"spacer.default\">\n\t\t\t\t<div class=\"elementor-widget-container\">\n\t\t\t\t\t<div class=\"elementor-spacer\">\n\t\t\t<div class=\"elementor-spacer-inner\"><\/div>\n\t\t<\/div>\n\t\t\t\t<\/div>\n\t\t\t\t<\/div>\n\t\t\t\t\t<\/div>\n\t\t<\/div>\n\t\t\t\t\t<\/div>\n\t\t<\/section>\n\t\t\t\t<section class=\"elementor-section elementor-top-section elementor-element elementor-element-ae14b5b elementor-section-boxed elementor-section-height-default elementor-section-height-default\" data-id=\"ae14b5b\" data-element_type=\"section\">\n\t\t\t\t\t\t<div class=\"elementor-container elementor-column-gap-default\">\n\t\t\t\t\t<div class=\"elementor-column elementor-col-100 elementor-top-column elementor-element elementor-element-7406a5f\" data-id=\"7406a5f\" data-element_type=\"column\">\n\t\t\t<div class=\"elementor-widget-wrap elementor-element-populated\">\n\t\t\t\t\t\t<div class=\"elementor-element elementor-element-90e4681 elementor-widget elementor-widget-heading\" data-id=\"90e4681\" data-element_type=\"widget\" data-widget_type=\"heading.default\">\n\t\t\t\t<div class=\"elementor-widget-container\">\n\t\t\t<h2 class=\"elementor-heading-title elementor-size-default\">REVISTA N\u00ba 41 - 2016<\/h2>\t\t<\/div>\n\t\t\t\t<\/div>\n\t\t\t\t\t<\/div>\n\t\t<\/div>\n\t\t\t\t\t<\/div>\n\t\t<\/section>\n\t\t\t\t<section class=\"elementor-section elementor-top-section elementor-element elementor-element-0ffcace elementor-section-boxed elementor-section-height-default elementor-section-height-default\" data-id=\"0ffcace\" data-element_type=\"section\">\n\t\t\t\t\t\t<div class=\"elementor-container elementor-column-gap-default\">\n\t\t\t\t\t<div class=\"elementor-column elementor-col-100 elementor-top-column elementor-element elementor-element-5d0d3b8\" data-id=\"5d0d3b8\" data-element_type=\"column\">\n\t\t\t<div class=\"elementor-widget-wrap elementor-element-populated\">\n\t\t\t\t\t\t<div class=\"elementor-element elementor-element-217cf87 elementor-widget elementor-widget-text-editor\" data-id=\"217cf87\" data-element_type=\"widget\" data-widget_type=\"text-editor.default\">\n\t\t\t\t<div class=\"elementor-widget-container\">\n\t\t\t\t\t\t\t<p><a href=\"http:\/\/fundacioncarraro.org\/wp-content\/uploads\/2020\/10\/N41.pdf\" target=\"_blank\" rel=\"noopener\">VER M\u00c1S<\/a><a href=\"http:\/\/fundacioncarraro.org\/wp-content\/uploads\/2020\/10\/N41.pdf\" target=\"_blank\" rel=\"noopener\"><img decoding=\"async\" class=\"wp-image-638 alignleft\" src=\"http:\/\/fundacioncarraro.org\/wp-content\/uploads\/2020\/08\/41-tapa-int.jpg\" alt=\"\" width=\"119\" height=\"170\" \/><\/a><br \/><br \/><strong>Sumario de la revista:<\/strong><\/p><p><strong>Edi<\/strong><strong>torial de la Revista N\u00ba41<\/strong><br \/>Agradecimiento por el apoyo recibido en nuestro vig\u00e9simo primer aniversario<br \/>Dr. Adolfo J. Aragon\u00e9s<\/p><p><strong><br \/><br \/>Art\u00edculos originales<\/strong><strong><br \/><\/strong><\/p><p><strong>1.<\/strong> Tratamiento de marsupializaci\u00f3n de un quiste odontog\u00e9nico inflamatorio en un ni\u00f1o de 5 a\u00f1os con preservaci\u00f3n de los g\u00e9rmenes dentarios permanentes.<br \/>Od. Christian Oscar Mosca; Prof. Dr. Eduardo Rey (Argentina)<\/p><p><strong>2.<\/strong> Membranas no reabsorbibles en Regeneraci\u00f3n \u00d3sea Guiada Vertical. Revisi\u00f3n de la literatura<br \/>Dr. Philippe Pertuiset R.; Prof. Dr. Julio Pertuiset G.; Dr. Sebast\u00edan Bravo C. (Chile)<\/p><p><strong>3.<\/strong> Conciencia sobre periodontitis entre el p\u00fablico general: una revisi\u00f3n sistem\u00e1tica cr\u00edtica para identificar brechas en el conocimiento<br \/>Pablo Varela-Centelles; Pedro Diz-Iglesias; Ana Estany-Gestal; Juan M. Seoane-Romero; Rosendo Bugar\u00edn Gonz\u00e1lez and Juan Seoane (Uruguay)<\/p><p><strong>4.<\/strong> La enfermedad periodontal como factor de riesgo de enfermedades cardiovasculares.<br \/>MSc. Dra. Alina L\u00f3pez Ilis\u00e1stigui; Dra. C. Zaida Teresa Ilis\u00e1stigui Ortueta; MSc. Dra. Maheli del Carmen Mas Sarabia (Cuba)<\/p><p><strong>5.<\/strong> Clasificaci\u00f3n de las enfermedades periodontales.<br \/>Evoluci\u00f3n y cambios futuros.<br \/>Prof. Dr. Luis Bueno; Dra. Alina Ariceta (Uruguay)<\/p><p><strong>6.<\/strong> Por que roncamos?<br \/>Dra. Florencia Poletti; Dra. Liliana Gimenez (Argentina)<\/p><p><strong>7.<\/strong> Relaci\u00f3n entre la recesi\u00f3n \u00f3sea y atrici\u00f3n en cr\u00e1neos secos contempor\u00e1neos.<br \/>Leonidas Barletta, Patricia L. Klein, Delia G. Tau, Karina Schmidt, Rosa Guerrero Astudillo, Mar\u00eda I. Urrutia,<br \/>Marcos Polischuk (Argentina)<\/p><p><strong>8.<\/strong> T\u00e9cnica de levantamiento del piso de seno maxilar con implantes infracorticales semiflotantes<br \/>Dr. Fortunato Salomon y col. (Argentina)<\/p><p><strong>9.<\/strong> ROG vertical con membrana reabsorbible cross-linked y sutura suspensoria al periostio como fijaci\u00f3n. Reporte de un Caso Cl\u00ednico.<br \/>Dr. Philippe Pertuiset R.; Dr. Mat\u00edas Burger M.; Dr. Paolo Villacis R. (Chile)<\/p><p><strong>\u00a0<\/strong><\/p>\t\t\t\t\t\t<\/div>\n\t\t\t\t<\/div>\n\t\t\t\t\t<\/div>\n\t\t<\/div>\n\t\t\t\t\t<\/div>\n\t\t<\/section>\n\t\t\t\t<\/div>\n\t\t","protected":false},"excerpt":{"rendered":"<p>REVISTA N\u00ba 41 &#8211; 2016 VER M\u00c1S Sumario de la revista: Editorial de la Revista N\u00ba41Agradecimiento por el apoyo recibido en nuestro vig\u00e9simo primer aniversarioDr. Adolfo J. Aragon\u00e9s Art\u00edculos originales 1. Tratamiento de marsupializaci\u00f3n de un quiste odontog\u00e9nico inflamatorio en un ni\u00f1o de 5 a\u00f1os con preservaci\u00f3n de los g\u00e9rmenes dentarios permanentes.Od. Christian Oscar Mosca; [&hellip;]<\/p>\n","protected":false},"author":1,"featured_media":0,"parent":0,"menu_order":0,"comment_status":"closed","ping_status":"closed","template":"","meta":{"footnotes":""},"class_list":["post-642","page","type-page","status-publish","hentry"],"_links":{"self":[{"href":"https:\/\/fundacioncarraro.org\/index.php?rest_route=\/wp\/v2\/pages\/642","targetHints":{"allow":["GET"]}}],"collection":[{"href":"https:\/\/fundacioncarraro.org\/index.php?rest_route=\/wp\/v2\/pages"}],"about":[{"href":"https:\/\/fundacioncarraro.org\/index.php?rest_route=\/wp\/v2\/types\/page"}],"author":[{"embeddable":true,"href":"https:\/\/fundacioncarraro.org\/index.php?rest_route=\/wp\/v2\/users\/1"}],"replies":[{"embeddable":true,"href":"https:\/\/fundacioncarraro.org\/index.php?rest_route=%2Fwp%2Fv2%2Fcomments&post=642"}],"version-history":[{"count":9,"href":"https:\/\/fundacioncarraro.org\/index.php?rest_route=\/wp\/v2\/pages\/642\/revisions"}],"predecessor-version":[{"id":1257,"href":"https:\/\/fundacioncarraro.org\/index.php?rest_route=\/wp\/v2\/pages\/642\/revisions\/1257"}],"wp:attachment":[{"href":"https:\/\/fundacioncarraro.org\/index.php?rest_route=%2Fwp%2Fv2%2Fmedia&parent=642"}],"curies":[{"name":"wp","href":"https:\/\/api.w.org\/{rel}","templated":true}]}}