{"id":665,"date":"2020-08-02T18:29:53","date_gmt":"2020-08-02T18:29:53","guid":{"rendered":"http:\/\/carraro.serverside.es\/?page_id=665"},"modified":"2020-10-22T14:39:52","modified_gmt":"2020-10-22T14:39:52","slug":"revista-no-38","status":"publish","type":"page","link":"https:\/\/fundacioncarraro.org\/?page_id=665","title":{"rendered":"Revista N\u00ba 38"},"content":{"rendered":"\t\t<div data-elementor-type=\"wp-page\" data-elementor-id=\"665\" class=\"elementor elementor-665\" data-elementor-post-type=\"page\">\n\t\t\t\t\t\t<section class=\"elementor-section elementor-top-section elementor-element elementor-element-c8532b4 elementor-section-boxed elementor-section-height-default elementor-section-height-default\" data-id=\"c8532b4\" data-element_type=\"section\">\n\t\t\t\t\t\t<div class=\"elementor-container elementor-column-gap-default\">\n\t\t\t\t\t<div class=\"elementor-column elementor-col-100 elementor-top-column elementor-element elementor-element-d1d0a8b\" data-id=\"d1d0a8b\" data-element_type=\"column\">\n\t\t\t<div class=\"elementor-widget-wrap elementor-element-populated\">\n\t\t\t\t\t\t<div class=\"elementor-element elementor-element-06e19a4 elementor-widget elementor-widget-spacer\" data-id=\"06e19a4\" data-element_type=\"widget\" data-widget_type=\"spacer.default\">\n\t\t\t\t<div class=\"elementor-widget-container\">\n\t\t\t\t\t<div class=\"elementor-spacer\">\n\t\t\t<div class=\"elementor-spacer-inner\"><\/div>\n\t\t<\/div>\n\t\t\t\t<\/div>\n\t\t\t\t<\/div>\n\t\t\t\t\t<\/div>\n\t\t<\/div>\n\t\t\t\t\t<\/div>\n\t\t<\/section>\n\t\t\t\t<section class=\"elementor-section elementor-top-section elementor-element elementor-element-5913af0 elementor-section-boxed elementor-section-height-default elementor-section-height-default\" data-id=\"5913af0\" data-element_type=\"section\">\n\t\t\t\t\t\t<div class=\"elementor-container elementor-column-gap-default\">\n\t\t\t\t\t<div class=\"elementor-column elementor-col-100 elementor-top-column elementor-element elementor-element-6cad4b4\" data-id=\"6cad4b4\" data-element_type=\"column\">\n\t\t\t<div class=\"elementor-widget-wrap elementor-element-populated\">\n\t\t\t\t\t\t<div class=\"elementor-element elementor-element-464478b elementor-widget elementor-widget-heading\" data-id=\"464478b\" data-element_type=\"widget\" data-widget_type=\"heading.default\">\n\t\t\t\t<div class=\"elementor-widget-container\">\n\t\t\t<h2 class=\"elementor-heading-title elementor-size-default\">REVISTA N\u00ba 38 - 2013<\/h2>\t\t<\/div>\n\t\t\t\t<\/div>\n\t\t\t\t\t<\/div>\n\t\t<\/div>\n\t\t\t\t\t<\/div>\n\t\t<\/section>\n\t\t\t\t<section class=\"elementor-section elementor-top-section elementor-element elementor-element-ca6445f elementor-section-boxed elementor-section-height-default elementor-section-height-default\" data-id=\"ca6445f\" data-element_type=\"section\">\n\t\t\t\t\t\t<div class=\"elementor-container elementor-column-gap-default\">\n\t\t\t\t\t<div class=\"elementor-column elementor-col-100 elementor-top-column elementor-element elementor-element-88349e5\" data-id=\"88349e5\" data-element_type=\"column\">\n\t\t\t<div class=\"elementor-widget-wrap elementor-element-populated\">\n\t\t\t\t\t\t<div class=\"elementor-element elementor-element-c89b124 elementor-widget elementor-widget-text-editor\" data-id=\"c89b124\" data-element_type=\"widget\" data-widget_type=\"text-editor.default\">\n\t\t\t\t<div class=\"elementor-widget-container\">\n\t\t\t\t\t\t\t<p><a href=\"http:\/\/fundacioncarraro.org\/wp-content\/uploads\/2020\/10\/N38.pdf\" target=\"_blank\" rel=\"noopener\"><img decoding=\"async\" class=\"wp-image-635 alignleft\" src=\"http:\/\/fundacioncarraro.org\/wp-content\/uploads\/2020\/08\/38-tapa-int.jpg\" alt=\"\" width=\"126\" height=\"180\" \/><\/a><\/p><p><a href=\"http:\/\/fundacioncarraro.org\/wp-content\/uploads\/2020\/10\/N38.pdf\" target=\"_blank\" rel=\"noopener\">VER M\u00c1S<\/a><strong><br \/><br \/>Sumario de la revista:<\/strong><\/p><p><strong>Edit<\/strong><strong>orial de la Revista N\u00ba38<br \/><\/strong>Investigaci\u00f3n Periodontal en Am\u00e9rica Latina: Una Importante Realidad\u00bb<br \/>Dr. Leandro Chambrone (Brasil)<\/p><p><strong><br \/><br \/>Art\u00edculos originales<br \/><\/strong><\/p><p><strong>1.<\/strong> Impacto del programa madre con salud en embarazadas Camagueyanas<br \/>Dra. Maydelis Campo V\u00e1zquez; Dra. Yamirka Rodr\u00edguez Guerra; Dra. Mercedes G\u00f3mez Mari\u00f1o; Dra. Madelaine Campo V\u00e1zquez; Dra. Giselle Fern\u00e1ndez Garc\u00eda (Cuba)<\/p><p><strong>2.<\/strong> Uso de matriz d\u00e9rmica acelular en la cirug\u00eda periodontal regenerativa de tejidos blandos. Reporte de Casos Cl\u00ednicos<br \/>Alejandra Ramos, Ernesto Muller, Lu\u00eds A. Garc\u00eda (Caracas, Venezuela)<\/p><p><strong>3.<\/strong> Perspectivas actuales en la prevenci\u00f3n y tratamiento de la mucositis oral<br \/>Roniery de Olivera Costa; Mar\u00eda Helena Chaves de Vasconcelos Cat\u00e3o; Ayonara Dayane Leal da Silva; L\u00facia de F\u00e1tima de Oliveria Costa; Ivna Rafaela Ribeiro dos Santos Costa (Brasil)<\/p><p><strong>4.<\/strong> Identificaci\u00f3n de enterobacterias en biofilm sub gingival de bolsas periodontales en pacientes con diagn\u00f3stico de Periodontitis cr\u00f3nica<br \/>Od. Ernesto Angel Canga; Mgter. Monz\u00f3n, Javier; Mgter. Miguel J. Acu\u00f1a Mgter. Silvia Ortega (Argentina)<\/p><p><strong>Caso Cl\u00ednico<br \/><\/strong><br \/><strong>5.<\/strong> \u00bfSon los mastocitos indicadores de inflamaci\u00f3n, siempre?<br \/>Zavala Walther; David, Foscolo Mabel; Cavicchia J. C. (Argentina)<\/p><p><strong>Art\u00edculos originales<br \/><\/strong><br \/><strong>6.<\/strong> Implementaci\u00f3n de una l\u00e1mina de cobre en la t\u00e9cnica radiogr\u00e1fica periapical en la detecci\u00f3n de los defectos \u00f3seos periodontales<br \/>MG. CD. Fabiola Gutierrez Romero; MG. CD Jorge Noriega Casta\u00f1eda (Argentina)<\/p>\t\t\t\t\t\t<\/div>\n\t\t\t\t<\/div>\n\t\t\t\t\t<\/div>\n\t\t<\/div>\n\t\t\t\t\t<\/div>\n\t\t<\/section>\n\t\t\t\t<\/div>\n\t\t","protected":false},"excerpt":{"rendered":"<p>REVISTA N\u00ba 38 &#8211; 2013 VER M\u00c1S Sumario de la revista: Editorial de la Revista N\u00ba38Investigaci\u00f3n Periodontal en Am\u00e9rica Latina: Una Importante Realidad\u00bbDr. Leandro Chambrone (Brasil) Art\u00edculos originales 1. Impacto del programa madre con salud en embarazadas CamagueyanasDra. Maydelis Campo V\u00e1zquez; Dra. Yamirka Rodr\u00edguez Guerra; Dra. Mercedes G\u00f3mez Mari\u00f1o; Dra. Madelaine Campo V\u00e1zquez; Dra. Giselle [&hellip;]<\/p>\n","protected":false},"author":1,"featured_media":0,"parent":0,"menu_order":0,"comment_status":"closed","ping_status":"closed","template":"","meta":{"footnotes":""},"class_list":["post-665","page","type-page","status-publish","hentry"],"_links":{"self":[{"href":"https:\/\/fundacioncarraro.org\/index.php?rest_route=\/wp\/v2\/pages\/665","targetHints":{"allow":["GET"]}}],"collection":[{"href":"https:\/\/fundacioncarraro.org\/index.php?rest_route=\/wp\/v2\/pages"}],"about":[{"href":"https:\/\/fundacioncarraro.org\/index.php?rest_route=\/wp\/v2\/types\/page"}],"author":[{"embeddable":true,"href":"https:\/\/fundacioncarraro.org\/index.php?rest_route=\/wp\/v2\/users\/1"}],"replies":[{"embeddable":true,"href":"https:\/\/fundacioncarraro.org\/index.php?rest_route=%2Fwp%2Fv2%2Fcomments&post=665"}],"version-history":[{"count":7,"href":"https:\/\/fundacioncarraro.org\/index.php?rest_route=\/wp\/v2\/pages\/665\/revisions"}],"predecessor-version":[{"id":1253,"href":"https:\/\/fundacioncarraro.org\/index.php?rest_route=\/wp\/v2\/pages\/665\/revisions\/1253"}],"wp:attachment":[{"href":"https:\/\/fundacioncarraro.org\/index.php?rest_route=%2Fwp%2Fv2%2Fmedia&parent=665"}],"curies":[{"name":"wp","href":"https:\/\/api.w.org\/{rel}","templated":true}]}}