{"id":669,"date":"2020-08-02T18:35:19","date_gmt":"2020-08-02T18:35:19","guid":{"rendered":"http:\/\/carraro.serverside.es\/?page_id=669"},"modified":"2020-10-22T14:35:41","modified_gmt":"2020-10-22T14:35:41","slug":"revista-no-37","status":"publish","type":"page","link":"https:\/\/fundacioncarraro.org\/?page_id=669","title":{"rendered":"Revista N\u00ba 37"},"content":{"rendered":"\t\t<div data-elementor-type=\"wp-page\" data-elementor-id=\"669\" class=\"elementor elementor-669\" data-elementor-post-type=\"page\">\n\t\t\t\t\t\t<section class=\"elementor-section elementor-top-section elementor-element elementor-element-51d70c1 elementor-section-boxed elementor-section-height-default elementor-section-height-default\" data-id=\"51d70c1\" data-element_type=\"section\">\n\t\t\t\t\t\t<div class=\"elementor-container elementor-column-gap-default\">\n\t\t\t\t\t<div class=\"elementor-column elementor-col-100 elementor-top-column elementor-element elementor-element-07da596\" data-id=\"07da596\" data-element_type=\"column\">\n\t\t\t<div class=\"elementor-widget-wrap elementor-element-populated\">\n\t\t\t\t\t\t<div class=\"elementor-element elementor-element-61cb48e elementor-widget elementor-widget-spacer\" data-id=\"61cb48e\" data-element_type=\"widget\" data-widget_type=\"spacer.default\">\n\t\t\t\t<div class=\"elementor-widget-container\">\n\t\t\t\t\t<div class=\"elementor-spacer\">\n\t\t\t<div class=\"elementor-spacer-inner\"><\/div>\n\t\t<\/div>\n\t\t\t\t<\/div>\n\t\t\t\t<\/div>\n\t\t\t\t\t<\/div>\n\t\t<\/div>\n\t\t\t\t\t<\/div>\n\t\t<\/section>\n\t\t\t\t<section class=\"elementor-section elementor-top-section elementor-element elementor-element-8d2455d elementor-section-boxed elementor-section-height-default elementor-section-height-default\" data-id=\"8d2455d\" data-element_type=\"section\">\n\t\t\t\t\t\t<div class=\"elementor-container elementor-column-gap-default\">\n\t\t\t\t\t<div class=\"elementor-column elementor-col-100 elementor-top-column elementor-element elementor-element-f24a354\" data-id=\"f24a354\" data-element_type=\"column\">\n\t\t\t<div class=\"elementor-widget-wrap elementor-element-populated\">\n\t\t\t\t\t\t<div class=\"elementor-element elementor-element-9bfda86 elementor-widget elementor-widget-heading\" data-id=\"9bfda86\" data-element_type=\"widget\" data-widget_type=\"heading.default\">\n\t\t\t\t<div class=\"elementor-widget-container\">\n\t\t\t<h2 class=\"elementor-heading-title elementor-size-default\">REVISTA N\u00ba 37 - 2013<\/h2>\t\t<\/div>\n\t\t\t\t<\/div>\n\t\t\t\t\t<\/div>\n\t\t<\/div>\n\t\t\t\t\t<\/div>\n\t\t<\/section>\n\t\t\t\t<section class=\"elementor-section elementor-top-section elementor-element elementor-element-49a9ec6 elementor-section-boxed elementor-section-height-default elementor-section-height-default\" data-id=\"49a9ec6\" data-element_type=\"section\">\n\t\t\t\t\t\t<div class=\"elementor-container elementor-column-gap-default\">\n\t\t\t\t\t<div class=\"elementor-column elementor-col-100 elementor-top-column elementor-element elementor-element-cbcdb2e\" data-id=\"cbcdb2e\" data-element_type=\"column\">\n\t\t\t<div class=\"elementor-widget-wrap elementor-element-populated\">\n\t\t\t\t\t\t<div class=\"elementor-element elementor-element-6b19f91 elementor-widget elementor-widget-text-editor\" data-id=\"6b19f91\" data-element_type=\"widget\" data-widget_type=\"text-editor.default\">\n\t\t\t\t<div class=\"elementor-widget-container\">\n\t\t\t\t\t\t\t<p><a href=\"http:\/\/fundacioncarraro.org\/wp-content\/uploads\/2020\/10\/N37.pdf\" target=\"_blank\" rel=\"noopener\"><img decoding=\"async\" class=\"alignleft wp-image-634\" src=\"http:\/\/fundacioncarraro.org\/wp-content\/uploads\/2020\/08\/37-tapa-int.jpg\" alt=\"\" width=\"113\" height=\"162\" \/><\/a><\/p><p><a href=\"http:\/\/fundacioncarraro.org\/wp-content\/uploads\/2020\/10\/N37.pdf\" target=\"_blank\" rel=\"noopener\">VER M\u00c1S<\/a><strong><br \/><br \/>Sumario de la revista:<\/strong><\/p><p><strong>Editorial de la Revista N\u00ba37<br \/><\/strong>\u00bfHacia d\u00f3nde va la Periodoncia y la Implantolog\u00eda?\u00bb<br \/>Prof. Dr. Luis A. Bueno Rossy<\/p><p><strong>\u00a0<\/strong><\/p><p><strong>Art\u00edculo no original<br \/><\/strong><br \/><strong>1.<\/strong> La enfermedad periodontal asociada al paciente con s\u00edndrome de Down<br \/>Prof. Dr. Rubens A. Demicheri, Dra.Alicia Batlle<\/p><p><strong><br \/>Art\u00edculos originales<\/strong><\/p><p><strong>2.<\/strong> Factores de Virulencia de Porphyromonas gingivalis<br \/>Dra. Sandra Moreno; Dr. Adolfo Contreras (Colombia)<\/p><p><strong>3.<\/strong> Ferulizaci\u00f3n extracoronal con una fibra reforzada con resina. Reporte de caso.<br \/>Prof. Dr. Sixto Garc\u00eda Linares; Cd Cynthia Caytuiro Soto (Per\u00fa)<\/p><p><strong>5.<\/strong> La inflamaci\u00f3n periodontal y su relaci\u00f3n<br \/>con el embarazo y parto<br \/>Prof. Dr. Leonidas Barletta, Dra. Patricia L. Klein, Dra. Delia G.Tau, Dra. Nora Di Salvi, Dra. Ester Friso, Dra. Karina Schmidt, Dra. Pilar Lino Rivero, Dra. Rosa Guerrero Astudillo, Dra. Mar\u00eda I. Urrutia (Argentina)<\/p><p><strong>6.<\/strong> Rol de la Fosfatasa Alcalina salival en el diagn\u00f3stico de las enfermedades periodontales<br \/>Prof. Dr. Miguel Acu\u00f1a; Dr. Fernando R. Cuzziol; Dr. Javier Monz\u00f3n; Dr. Ernesto Canga; Dr. Armando Cel\u00eda (Argentina)<\/p><p><strong>Caso Cl\u00ednico<br \/><\/strong><br \/><strong>4.<\/strong> Implante inmediato, \u00bfMito o realidad?<br \/>Dr. Claudio Melej G. (Chile) \/ Colaboraci\u00f3n: Dra. Karen Basadre S.<\/p><p><strong>\u00a0<\/strong><\/p>\t\t\t\t\t\t<\/div>\n\t\t\t\t<\/div>\n\t\t\t\t\t<\/div>\n\t\t<\/div>\n\t\t\t\t\t<\/div>\n\t\t<\/section>\n\t\t\t\t<\/div>\n\t\t","protected":false},"excerpt":{"rendered":"<p>REVISTA N\u00ba 37 &#8211; 2013 VER M\u00c1S Sumario de la revista: Editorial de la Revista N\u00ba37\u00bfHacia d\u00f3nde va la Periodoncia y la Implantolog\u00eda?\u00bbProf. Dr. Luis A. Bueno Rossy \u00a0 Art\u00edculo no original1. La enfermedad periodontal asociada al paciente con s\u00edndrome de DownProf. Dr. Rubens A. Demicheri, Dra.Alicia Batlle Art\u00edculos originales 2. Factores de Virulencia de [&hellip;]<\/p>\n","protected":false},"author":1,"featured_media":0,"parent":0,"menu_order":0,"comment_status":"closed","ping_status":"closed","template":"","meta":{"footnotes":""},"class_list":["post-669","page","type-page","status-publish","hentry"],"_links":{"self":[{"href":"https:\/\/fundacioncarraro.org\/index.php?rest_route=\/wp\/v2\/pages\/669","targetHints":{"allow":["GET"]}}],"collection":[{"href":"https:\/\/fundacioncarraro.org\/index.php?rest_route=\/wp\/v2\/pages"}],"about":[{"href":"https:\/\/fundacioncarraro.org\/index.php?rest_route=\/wp\/v2\/types\/page"}],"author":[{"embeddable":true,"href":"https:\/\/fundacioncarraro.org\/index.php?rest_route=\/wp\/v2\/users\/1"}],"replies":[{"embeddable":true,"href":"https:\/\/fundacioncarraro.org\/index.php?rest_route=%2Fwp%2Fv2%2Fcomments&post=669"}],"version-history":[{"count":7,"href":"https:\/\/fundacioncarraro.org\/index.php?rest_route=\/wp\/v2\/pages\/669\/revisions"}],"predecessor-version":[{"id":1251,"href":"https:\/\/fundacioncarraro.org\/index.php?rest_route=\/wp\/v2\/pages\/669\/revisions\/1251"}],"wp:attachment":[{"href":"https:\/\/fundacioncarraro.org\/index.php?rest_route=%2Fwp%2Fv2%2Fmedia&parent=669"}],"curies":[{"name":"wp","href":"https:\/\/api.w.org\/{rel}","templated":true}]}}