{"id":679,"date":"2020-08-02T19:12:39","date_gmt":"2020-08-02T19:12:39","guid":{"rendered":"http:\/\/carraro.serverside.es\/?page_id=679"},"modified":"2020-10-22T14:29:19","modified_gmt":"2020-10-22T14:29:19","slug":"revista-no-35","status":"publish","type":"page","link":"https:\/\/fundacioncarraro.org\/?page_id=679","title":{"rendered":"Revista N\u00ba 35"},"content":{"rendered":"\t\t<div data-elementor-type=\"wp-page\" data-elementor-id=\"679\" class=\"elementor elementor-679\" data-elementor-post-type=\"page\">\n\t\t\t\t\t\t<section class=\"elementor-section elementor-top-section elementor-element elementor-element-6754ad3 elementor-section-boxed elementor-section-height-default elementor-section-height-default\" data-id=\"6754ad3\" data-element_type=\"section\">\n\t\t\t\t\t\t<div class=\"elementor-container elementor-column-gap-default\">\n\t\t\t\t\t<div class=\"elementor-column elementor-col-100 elementor-top-column elementor-element elementor-element-81bf95a\" data-id=\"81bf95a\" data-element_type=\"column\">\n\t\t\t<div class=\"elementor-widget-wrap elementor-element-populated\">\n\t\t\t\t\t\t<div class=\"elementor-element elementor-element-f20432a elementor-widget elementor-widget-spacer\" data-id=\"f20432a\" data-element_type=\"widget\" data-widget_type=\"spacer.default\">\n\t\t\t\t<div class=\"elementor-widget-container\">\n\t\t\t\t\t<div class=\"elementor-spacer\">\n\t\t\t<div class=\"elementor-spacer-inner\"><\/div>\n\t\t<\/div>\n\t\t\t\t<\/div>\n\t\t\t\t<\/div>\n\t\t\t\t\t<\/div>\n\t\t<\/div>\n\t\t\t\t\t<\/div>\n\t\t<\/section>\n\t\t\t\t<section class=\"elementor-section elementor-top-section elementor-element elementor-element-eadd661 elementor-section-boxed elementor-section-height-default elementor-section-height-default\" data-id=\"eadd661\" data-element_type=\"section\">\n\t\t\t\t\t\t<div class=\"elementor-container elementor-column-gap-default\">\n\t\t\t\t\t<div class=\"elementor-column elementor-col-100 elementor-top-column elementor-element elementor-element-3cc7dea\" data-id=\"3cc7dea\" data-element_type=\"column\">\n\t\t\t<div class=\"elementor-widget-wrap elementor-element-populated\">\n\t\t\t\t\t\t<div class=\"elementor-element elementor-element-7fd36de elementor-widget elementor-widget-heading\" data-id=\"7fd36de\" data-element_type=\"widget\" data-widget_type=\"heading.default\">\n\t\t\t\t<div class=\"elementor-widget-container\">\n\t\t\t<h2 class=\"elementor-heading-title elementor-size-default\">REVISTA N\u00ba 35 - 2012<\/h2>\t\t<\/div>\n\t\t\t\t<\/div>\n\t\t\t\t\t<\/div>\n\t\t<\/div>\n\t\t\t\t\t<\/div>\n\t\t<\/section>\n\t\t\t\t<section class=\"elementor-section elementor-top-section elementor-element elementor-element-efd1307 elementor-section-boxed elementor-section-height-default elementor-section-height-default\" data-id=\"efd1307\" data-element_type=\"section\">\n\t\t\t\t\t\t<div class=\"elementor-container elementor-column-gap-default\">\n\t\t\t\t\t<div class=\"elementor-column elementor-col-100 elementor-top-column elementor-element elementor-element-4729812\" data-id=\"4729812\" data-element_type=\"column\">\n\t\t\t<div class=\"elementor-widget-wrap elementor-element-populated\">\n\t\t\t\t\t\t<div class=\"elementor-element elementor-element-a8749a6 elementor-widget elementor-widget-text-editor\" data-id=\"a8749a6\" data-element_type=\"widget\" data-widget_type=\"text-editor.default\">\n\t\t\t\t<div class=\"elementor-widget-container\">\n\t\t\t\t\t\t\t<p><a href=\"http:\/\/fundacioncarraro.org\/wp-content\/uploads\/2020\/10\/N35.pdf\" target=\"_blank\" rel=\"noopener\"><img decoding=\"async\" class=\"wp-image-632 alignleft\" src=\"http:\/\/fundacioncarraro.org\/wp-content\/uploads\/2020\/08\/35-tapa-int.jpg\" alt=\"\" width=\"126\" height=\"181\" \/><\/a><\/p><p><a href=\"http:\/\/fundacioncarraro.org\/wp-content\/uploads\/2020\/10\/N35.pdf\" target=\"_blank\" rel=\"noopener\">VER M\u00c1S<\/a><strong><br \/><br \/>Sumario de la revista:<\/strong><\/p><p><strong>Editorial de la Revista N\u00ba35<br \/><\/strong>\u00abProfesor Sigmund Socransky, Una p\u00e9rdida irreparable para la odontolog\u00eda\u00bb<br \/>Dr. Adolfo J. Aragon\u00e9s | Dra. Prof. Magda Feres (Brasil)<\/p><p><br \/><br \/><strong>Art\u00edculos originales<\/strong><\/p><p><strong>1.<\/strong> Diagn\u00f3stico del Tabaquismo<br \/>Dra. Xiomara Gim\u00e9nez de Salazar (Venezuela)<br \/><strong><br \/>2.<\/strong> La Respiraci\u00f3n Bucal y la Atenci\u00f3n Selectiva<br \/>Dra. Blanca Teresa Narvaez de Grande (Paraguay)<\/p><p><strong>3.<\/strong> Osteonecrosis de los maxilares asociada al uso de Bifosfonatos<br \/>Dra. Mar\u00eda Rita Paciello de Ayala (Paraguay)<\/p><p><strong>4.<\/strong> Conocimiento, Actitud y Pr\u00e1ctica sobre Ciencia de Alumnos de Odontolog\u00eda<br \/>Dra. Mirtha Stella Osorio de Galli (Paraguay)<\/p><p><strong>5.<\/strong> Tratamiento Interdisciplinario de Periodontitis Agresiva Localizada: Reporte de un Caso<br \/>Dres. Bueno Rossy LA, Rodr\u00edguez Salaberry D (Uruguay, Chile)35<\/p>\t\t\t\t\t\t<\/div>\n\t\t\t\t<\/div>\n\t\t\t\t\t<\/div>\n\t\t<\/div>\n\t\t\t\t\t<\/div>\n\t\t<\/section>\n\t\t\t\t<\/div>\n\t\t","protected":false},"excerpt":{"rendered":"<p>REVISTA N\u00ba 35 &#8211; 2012 VER M\u00c1S Sumario de la revista: Editorial de la Revista N\u00ba35\u00abProfesor Sigmund Socransky, Una p\u00e9rdida irreparable para la odontolog\u00eda\u00bbDr. Adolfo J. Aragon\u00e9s | Dra. Prof. Magda Feres (Brasil) Art\u00edculos originales 1. Diagn\u00f3stico del TabaquismoDra. Xiomara Gim\u00e9nez de Salazar (Venezuela)2. La Respiraci\u00f3n Bucal y la Atenci\u00f3n SelectivaDra. Blanca Teresa Narvaez de [&hellip;]<\/p>\n","protected":false},"author":1,"featured_media":0,"parent":0,"menu_order":0,"comment_status":"closed","ping_status":"closed","template":"","meta":{"footnotes":""},"class_list":["post-679","page","type-page","status-publish","hentry"],"_links":{"self":[{"href":"https:\/\/fundacioncarraro.org\/index.php?rest_route=\/wp\/v2\/pages\/679","targetHints":{"allow":["GET"]}}],"collection":[{"href":"https:\/\/fundacioncarraro.org\/index.php?rest_route=\/wp\/v2\/pages"}],"about":[{"href":"https:\/\/fundacioncarraro.org\/index.php?rest_route=\/wp\/v2\/types\/page"}],"author":[{"embeddable":true,"href":"https:\/\/fundacioncarraro.org\/index.php?rest_route=\/wp\/v2\/users\/1"}],"replies":[{"embeddable":true,"href":"https:\/\/fundacioncarraro.org\/index.php?rest_route=%2Fwp%2Fv2%2Fcomments&post=679"}],"version-history":[{"count":7,"href":"https:\/\/fundacioncarraro.org\/index.php?rest_route=\/wp\/v2\/pages\/679\/revisions"}],"predecessor-version":[{"id":1247,"href":"https:\/\/fundacioncarraro.org\/index.php?rest_route=\/wp\/v2\/pages\/679\/revisions\/1247"}],"wp:attachment":[{"href":"https:\/\/fundacioncarraro.org\/index.php?rest_route=%2Fwp%2Fv2%2Fmedia&parent=679"}],"curies":[{"name":"wp","href":"https:\/\/api.w.org\/{rel}","templated":true}]}}