{"id":708,"date":"2020-08-02T19:36:57","date_gmt":"2020-08-02T19:36:57","guid":{"rendered":"http:\/\/carraro.serverside.es\/?page_id=708"},"modified":"2020-09-28T19:28:11","modified_gmt":"2020-09-28T19:28:11","slug":"revista-no-29","status":"publish","type":"page","link":"https:\/\/fundacioncarraro.org\/?page_id=708","title":{"rendered":"Revista N\u00ba 29"},"content":{"rendered":"\t\t<div data-elementor-type=\"wp-page\" data-elementor-id=\"708\" class=\"elementor elementor-708\" data-elementor-post-type=\"page\">\n\t\t\t\t\t\t<section class=\"elementor-section elementor-top-section elementor-element elementor-element-85b4f40 elementor-section-boxed elementor-section-height-default elementor-section-height-default\" data-id=\"85b4f40\" data-element_type=\"section\">\n\t\t\t\t\t\t<div class=\"elementor-container elementor-column-gap-default\">\n\t\t\t\t\t<div class=\"elementor-column elementor-col-100 elementor-top-column elementor-element elementor-element-d922027\" data-id=\"d922027\" data-element_type=\"column\">\n\t\t\t<div class=\"elementor-widget-wrap elementor-element-populated\">\n\t\t\t\t\t\t<div class=\"elementor-element elementor-element-642fbf5 elementor-widget elementor-widget-spacer\" data-id=\"642fbf5\" data-element_type=\"widget\" data-widget_type=\"spacer.default\">\n\t\t\t\t<div class=\"elementor-widget-container\">\n\t\t\t\t\t<div class=\"elementor-spacer\">\n\t\t\t<div class=\"elementor-spacer-inner\"><\/div>\n\t\t<\/div>\n\t\t\t\t<\/div>\n\t\t\t\t<\/div>\n\t\t\t\t\t<\/div>\n\t\t<\/div>\n\t\t\t\t\t<\/div>\n\t\t<\/section>\n\t\t\t\t<section class=\"elementor-section elementor-top-section elementor-element elementor-element-463f5a3 elementor-section-boxed elementor-section-height-default elementor-section-height-default\" data-id=\"463f5a3\" data-element_type=\"section\">\n\t\t\t\t\t\t<div class=\"elementor-container elementor-column-gap-default\">\n\t\t\t\t\t<div class=\"elementor-column elementor-col-100 elementor-top-column elementor-element elementor-element-3cc8914\" data-id=\"3cc8914\" data-element_type=\"column\">\n\t\t\t<div class=\"elementor-widget-wrap elementor-element-populated\">\n\t\t\t\t\t\t<div class=\"elementor-element elementor-element-23aa2ab elementor-widget elementor-widget-heading\" data-id=\"23aa2ab\" data-element_type=\"widget\" data-widget_type=\"heading.default\">\n\t\t\t\t<div class=\"elementor-widget-container\">\n\t\t\t<h2 class=\"elementor-heading-title elementor-size-default\">REVISTA N\u00ba 29 - 2009<\/h2>\t\t<\/div>\n\t\t\t\t<\/div>\n\t\t\t\t\t<\/div>\n\t\t<\/div>\n\t\t\t\t\t<\/div>\n\t\t<\/section>\n\t\t\t\t<section class=\"elementor-section elementor-top-section elementor-element elementor-element-f951610 elementor-section-boxed elementor-section-height-default elementor-section-height-default\" data-id=\"f951610\" data-element_type=\"section\">\n\t\t\t\t\t\t<div class=\"elementor-container elementor-column-gap-default\">\n\t\t\t\t\t<div class=\"elementor-column elementor-col-100 elementor-top-column elementor-element elementor-element-0ee4439\" data-id=\"0ee4439\" data-element_type=\"column\">\n\t\t\t<div class=\"elementor-widget-wrap elementor-element-populated\">\n\t\t\t\t\t\t<div class=\"elementor-element elementor-element-8aee5e7 elementor-widget elementor-widget-text-editor\" data-id=\"8aee5e7\" data-element_type=\"widget\" data-widget_type=\"text-editor.default\">\n\t\t\t\t<div class=\"elementor-widget-container\">\n\t\t\t\t\t\t\t<p><img decoding=\"async\" class=\"wp-image-626  alignleft\" src=\"http:\/\/fundacioncarraro.org\/wp-content\/uploads\/2020\/08\/29-tapa_int.jpg\" alt=\"\" width=\"111\" height=\"147\" \/><\/p><p><strong>Sumario de la revista:<\/strong><\/p><p><strong>Editorial de la Revista N\u00ba29<br \/><\/strong>Presentaci\u00f3n<br \/>Dr. Adolfo J. Aragon\u00e9s<br \/>Carta abierta a los miembros de la FIPP<br \/>Prof. Dr. Nelson Carranza<\/p><p><strong><br \/>Art\u00edculos originales<\/strong><\/p><p><strong>1.<\/strong> La regeneraci\u00f3n periodontal: \u00bfmito o realidad?<br \/>Prof. Dr. Juan Jos\u00e9 Villavicencio Blanco (Chile)<\/p><p><strong>2.<\/strong> Un enfoque hol\u00edstico en el diagn\u00f3stico y tratamiento del bruxismo<br \/>Prof. Dra. Ana Vara Delgado, Dra. Mercedes G\u00f3mez Mari\u00f1o, Dra. Maheli M\u00e1s Sarabia, Dra. Ana Marrero Fentes<br \/>(Cuba)<\/p><p><strong>3.<\/strong> La derivaci\u00f3n de pacientes, un acto de responsabilidad profesional<br \/>Prof. Dr. Ernesto A. Canga (Argentina)<\/p><p><strong>4.<\/strong> H\u00e1bitos de estudio y motivaci\u00f3n para el aprendizaje<br \/>Dres. Castro CE, Gordillo ME, Delgado AM (Argentina)<\/p><p><strong>5.<\/strong> En el tratamiento periodontal, \u00bfpor qu\u00e9 siempre el raspaje?<br \/>Prof. Dr. Leonidas Barletta (Argentina)<\/p><p><strong>6.<\/strong> Regeneraci\u00f3n Tisular Guiada en efectos periodontales.<br \/>Uso de BioOss + BioGide. Fundamentos y procedimiento.<br \/>Dr. Javier Fern\u00e1ndez Farhall (Espa\u00f1a)<\/p><p><strong>7.<\/strong> Influencia de bolsas residuales sobre la progresi\u00f3n de la<br \/>periodontitis y la p\u00e9rdida dentaria: Resultados tras 11 a\u00f1os<br \/>de mantenimiento periodontal.<br \/>Dres. Matuliene G, Pjetursson B, Salvi G, Schmidlin K, Br\u00e4gger U, Zwahlen M, Lang N. &#8211; Traducido, analizado y resumido por el Dr. Luis Urz\u00faa (Argentina)<\/p><p><strong>8.<\/strong> Enfermedad periodontal como posible factor de riesgo<br \/>en la enfermedad vascular. Asociaci\u00f3n e implicancias<br \/>Prof. Dr. Osvaldo R Costa, Dra. Andrea M. Sarudiansky, Dra. Griselda N. de la Cruz (Argentina)<\/p><p><strong>9.<\/strong> Clasificaci\u00f3n de enfermedades periodontales: Un tema controversial<br \/>Prof. Dr. Luis Alexandro Bueno Rossy y Prof. Dr. Jorge Pita Melo (Uruguay)<\/p>\t\t\t\t\t\t<\/div>\n\t\t\t\t<\/div>\n\t\t\t\t\t<\/div>\n\t\t<\/div>\n\t\t\t\t\t<\/div>\n\t\t<\/section>\n\t\t\t\t<\/div>\n\t\t","protected":false},"excerpt":{"rendered":"<p>REVISTA N\u00ba 29 &#8211; 2009 Sumario de la revista: Editorial de la Revista N\u00ba29Presentaci\u00f3nDr. Adolfo J. Aragon\u00e9sCarta abierta a los miembros de la FIPPProf. Dr. Nelson Carranza Art\u00edculos originales 1. La regeneraci\u00f3n periodontal: \u00bfmito o realidad?Prof. Dr. Juan Jos\u00e9 Villavicencio Blanco (Chile) 2. Un enfoque hol\u00edstico en el diagn\u00f3stico y tratamiento del bruxismoProf. Dra. Ana [&hellip;]<\/p>\n","protected":false},"author":1,"featured_media":0,"parent":0,"menu_order":0,"comment_status":"closed","ping_status":"closed","template":"","meta":{"footnotes":""},"class_list":["post-708","page","type-page","status-publish","hentry"],"_links":{"self":[{"href":"https:\/\/fundacioncarraro.org\/index.php?rest_route=\/wp\/v2\/pages\/708","targetHints":{"allow":["GET"]}}],"collection":[{"href":"https:\/\/fundacioncarraro.org\/index.php?rest_route=\/wp\/v2\/pages"}],"about":[{"href":"https:\/\/fundacioncarraro.org\/index.php?rest_route=\/wp\/v2\/types\/page"}],"author":[{"embeddable":true,"href":"https:\/\/fundacioncarraro.org\/index.php?rest_route=\/wp\/v2\/users\/1"}],"replies":[{"embeddable":true,"href":"https:\/\/fundacioncarraro.org\/index.php?rest_route=%2Fwp%2Fv2%2Fcomments&post=708"}],"version-history":[{"count":6,"href":"https:\/\/fundacioncarraro.org\/index.php?rest_route=\/wp\/v2\/pages\/708\/revisions"}],"predecessor-version":[{"id":1127,"href":"https:\/\/fundacioncarraro.org\/index.php?rest_route=\/wp\/v2\/pages\/708\/revisions\/1127"}],"wp:attachment":[{"href":"https:\/\/fundacioncarraro.org\/index.php?rest_route=%2Fwp%2Fv2%2Fmedia&parent=708"}],"curies":[{"name":"wp","href":"https:\/\/api.w.org\/{rel}","templated":true}]}}