{"id":813,"date":"2020-08-14T21:21:57","date_gmt":"2020-08-14T21:21:57","guid":{"rendered":"http:\/\/carraro.serverside.es\/?page_id=813"},"modified":"2020-09-28T19:26:29","modified_gmt":"2020-09-28T19:26:29","slug":"revista-no-23","status":"publish","type":"page","link":"https:\/\/fundacioncarraro.org\/?page_id=813","title":{"rendered":"Revista N\u00ba 23"},"content":{"rendered":"\t\t<div data-elementor-type=\"wp-page\" data-elementor-id=\"813\" class=\"elementor elementor-813\" data-elementor-post-type=\"page\">\n\t\t\t\t\t\t<section class=\"elementor-section elementor-top-section elementor-element elementor-element-ff9b066 elementor-section-boxed elementor-section-height-default elementor-section-height-default\" data-id=\"ff9b066\" data-element_type=\"section\">\n\t\t\t\t\t\t<div class=\"elementor-container elementor-column-gap-default\">\n\t\t\t\t\t<div class=\"elementor-column elementor-col-100 elementor-top-column elementor-element elementor-element-7e10a03\" data-id=\"7e10a03\" data-element_type=\"column\">\n\t\t\t<div class=\"elementor-widget-wrap elementor-element-populated\">\n\t\t\t\t\t\t<div class=\"elementor-element elementor-element-13e5873 elementor-widget elementor-widget-spacer\" data-id=\"13e5873\" data-element_type=\"widget\" data-widget_type=\"spacer.default\">\n\t\t\t\t<div class=\"elementor-widget-container\">\n\t\t\t\t\t<div class=\"elementor-spacer\">\n\t\t\t<div class=\"elementor-spacer-inner\"><\/div>\n\t\t<\/div>\n\t\t\t\t<\/div>\n\t\t\t\t<\/div>\n\t\t\t\t\t<\/div>\n\t\t<\/div>\n\t\t\t\t\t<\/div>\n\t\t<\/section>\n\t\t\t\t<section class=\"elementor-section elementor-top-section elementor-element elementor-element-5767dba elementor-section-boxed elementor-section-height-default elementor-section-height-default\" data-id=\"5767dba\" data-element_type=\"section\">\n\t\t\t\t\t\t<div class=\"elementor-container elementor-column-gap-default\">\n\t\t\t\t\t<div class=\"elementor-column elementor-col-100 elementor-top-column elementor-element elementor-element-aff3fd0\" data-id=\"aff3fd0\" data-element_type=\"column\">\n\t\t\t<div class=\"elementor-widget-wrap elementor-element-populated\">\n\t\t\t\t\t\t<div class=\"elementor-element elementor-element-dd78a06 elementor-widget elementor-widget-heading\" data-id=\"dd78a06\" data-element_type=\"widget\" data-widget_type=\"heading.default\">\n\t\t\t\t<div class=\"elementor-widget-container\">\n\t\t\t<h2 class=\"elementor-heading-title elementor-size-default\">REVISTA N\u00ba 23 - 2006<\/h2>\t\t<\/div>\n\t\t\t\t<\/div>\n\t\t\t\t\t<\/div>\n\t\t<\/div>\n\t\t\t\t\t<\/div>\n\t\t<\/section>\n\t\t\t\t<section class=\"elementor-section elementor-top-section elementor-element elementor-element-e74c7a3 elementor-section-boxed elementor-section-height-default elementor-section-height-default\" data-id=\"e74c7a3\" data-element_type=\"section\">\n\t\t\t\t\t\t<div class=\"elementor-container elementor-column-gap-default\">\n\t\t\t\t\t<div class=\"elementor-column elementor-col-100 elementor-top-column elementor-element elementor-element-b3504bf\" data-id=\"b3504bf\" data-element_type=\"column\">\n\t\t\t<div class=\"elementor-widget-wrap elementor-element-populated\">\n\t\t\t\t\t\t<div class=\"elementor-element elementor-element-7086d19 elementor-widget elementor-widget-text-editor\" data-id=\"7086d19\" data-element_type=\"widget\" data-widget_type=\"text-editor.default\">\n\t\t\t\t<div class=\"elementor-widget-container\">\n\t\t\t\t\t\t\t<p><img decoding=\"async\" class=\"wp-image-620  alignleft\" src=\"http:\/\/fundacioncarraro.org\/wp-content\/uploads\/2020\/08\/23-n23.jpg\" alt=\"\" width=\"140\" height=\"194\" \/><\/p><p><strong><br \/><br \/>Sumario de la revista:<\/strong><\/p><p><strong>Editorial de la Revista N\u00ba 23<\/strong><br \/>\u201cPresente y Futuro de la periodoncia y la Implantologia Dental\u201d<br \/>Dr. Adolfo J. Aragon\u00e9s y Dr. Carlos Qi\u00f1ones<\/p><p><br \/><br \/><br \/><strong>Art\u00edculos originales<br \/><\/strong><br \/><strong>1.<\/strong> Azitromicina: Un macr\u00f3lido diferente. Perfil terap\u00e9utico en infecciones odontog\u00e9nicas<br \/>Autor: Ivan Herrera Ustariz<br \/><br \/><strong>2.<\/strong> Lesiones de furcaci\u00f3n: un desaf\u00edo terap\u00e9utico<br \/>Autores: Dra. Judith Esquenasi, Dra Alicia Batle y Dra. Claudia Capo<\/p><p><strong>3.<\/strong> Observaciones del estado periodontal de una poblaci\u00f3n de adolescentes<br \/>Autores: Dr. Leonidas Barletta, Dra.Patricia L. Klein, Dra. Mar\u00eda E. Garc\u00eda Frontini, Dra. Delia G. Tau, Dra. Nora Di Salvi, Dra. Ester Friso, Dra. Roc\u00edo Soto Reynoso, Dra. Mar\u00eda I. Urrutia\u00b0.<\/p><p><strong>4.<\/strong> Criterios Preventivos en peridoncia<br \/>Autores: Dr. Juarez Jorge Nicolas y Prof. Dr. Loi Jos\u00e9 Angel.<\/p><p><strong>5.<\/strong> Tabaco y enfermedad periodontal : una pareja indiscutible<br \/>Autores: Dr. Luis Bueno, Dra. Hebe Lasca y Dra. Adriana Drescher<\/p><p><strong>6.<\/strong> Carrera de especializaci\u00f3n en periodoncia<br \/>Autor: Prof. Dr. Carlos Alberto Alonso<\/p><p><strong><br \/>Entrevista del mes<br \/><\/strong><br \/><strong>7. <\/strong>Dra. Judith Esquenasi (Montevideo, Uruguay)<\/p><p><strong>8.<\/strong> Prof. Dr. Jose Angel Loi (Tucum\u00e1n, Argentina)<\/p><p><strong><br \/>Informes<\/strong><br \/>Abstract del Jornal of Periodontology<br \/>Analizados y traducidos al espa\u00f1ol por el Dr. Luis Urzua<\/p>\t\t\t\t\t\t<\/div>\n\t\t\t\t<\/div>\n\t\t\t\t\t<\/div>\n\t\t<\/div>\n\t\t\t\t\t<\/div>\n\t\t<\/section>\n\t\t\t\t<\/div>\n\t\t","protected":false},"excerpt":{"rendered":"<p>REVISTA N\u00ba 23 &#8211; 2006 Sumario de la revista: Editorial de la Revista N\u00ba 23\u201cPresente y Futuro de la periodoncia y la Implantologia Dental\u00bbDr. Adolfo J. Aragon\u00e9s y Dr. Carlos Qi\u00f1ones Art\u00edculos originales1. Azitromicina: Un macr\u00f3lido diferente. Perfil terap\u00e9utico en infecciones odontog\u00e9nicasAutor: Ivan Herrera Ustariz 2. Lesiones de furcaci\u00f3n: un desaf\u00edo terap\u00e9uticoAutores: Dra. Judith Esquenasi, [&hellip;]<\/p>\n","protected":false},"author":1,"featured_media":0,"parent":0,"menu_order":0,"comment_status":"closed","ping_status":"closed","template":"","meta":{"footnotes":""},"class_list":["post-813","page","type-page","status-publish","hentry"],"_links":{"self":[{"href":"https:\/\/fundacioncarraro.org\/index.php?rest_route=\/wp\/v2\/pages\/813","targetHints":{"allow":["GET"]}}],"collection":[{"href":"https:\/\/fundacioncarraro.org\/index.php?rest_route=\/wp\/v2\/pages"}],"about":[{"href":"https:\/\/fundacioncarraro.org\/index.php?rest_route=\/wp\/v2\/types\/page"}],"author":[{"embeddable":true,"href":"https:\/\/fundacioncarraro.org\/index.php?rest_route=\/wp\/v2\/users\/1"}],"replies":[{"embeddable":true,"href":"https:\/\/fundacioncarraro.org\/index.php?rest_route=%2Fwp%2Fv2%2Fcomments&post=813"}],"version-history":[{"count":6,"href":"https:\/\/fundacioncarraro.org\/index.php?rest_route=\/wp\/v2\/pages\/813\/revisions"}],"predecessor-version":[{"id":1121,"href":"https:\/\/fundacioncarraro.org\/index.php?rest_route=\/wp\/v2\/pages\/813\/revisions\/1121"}],"wp:attachment":[{"href":"https:\/\/fundacioncarraro.org\/index.php?rest_route=%2Fwp%2Fv2%2Fmedia&parent=813"}],"curies":[{"name":"wp","href":"https:\/\/api.w.org\/{rel}","templated":true}]}}