{"id":819,"date":"2020-08-14T21:28:23","date_gmt":"2020-08-14T21:28:23","guid":{"rendered":"http:\/\/carraro.serverside.es\/?page_id=819"},"modified":"2020-09-28T19:26:14","modified_gmt":"2020-09-28T19:26:14","slug":"revista-no-22","status":"publish","type":"page","link":"https:\/\/fundacioncarraro.org\/?page_id=819","title":{"rendered":"Revista N\u00ba 22"},"content":{"rendered":"\t\t<div data-elementor-type=\"wp-page\" data-elementor-id=\"819\" class=\"elementor elementor-819\" data-elementor-post-type=\"page\">\n\t\t\t\t\t\t<section class=\"elementor-section elementor-top-section elementor-element elementor-element-36c721e elementor-section-boxed elementor-section-height-default elementor-section-height-default\" data-id=\"36c721e\" data-element_type=\"section\">\n\t\t\t\t\t\t<div class=\"elementor-container elementor-column-gap-default\">\n\t\t\t\t\t<div class=\"elementor-column elementor-col-100 elementor-top-column elementor-element elementor-element-8e28ced\" data-id=\"8e28ced\" data-element_type=\"column\">\n\t\t\t<div class=\"elementor-widget-wrap elementor-element-populated\">\n\t\t\t\t\t\t<div class=\"elementor-element elementor-element-b047614 elementor-widget elementor-widget-spacer\" data-id=\"b047614\" data-element_type=\"widget\" data-widget_type=\"spacer.default\">\n\t\t\t\t<div class=\"elementor-widget-container\">\n\t\t\t\t\t<div class=\"elementor-spacer\">\n\t\t\t<div class=\"elementor-spacer-inner\"><\/div>\n\t\t<\/div>\n\t\t\t\t<\/div>\n\t\t\t\t<\/div>\n\t\t\t\t\t<\/div>\n\t\t<\/div>\n\t\t\t\t\t<\/div>\n\t\t<\/section>\n\t\t\t\t<section class=\"elementor-section elementor-top-section elementor-element elementor-element-c4d6d4f elementor-section-boxed elementor-section-height-default elementor-section-height-default\" data-id=\"c4d6d4f\" data-element_type=\"section\">\n\t\t\t\t\t\t<div class=\"elementor-container elementor-column-gap-default\">\n\t\t\t\t\t<div class=\"elementor-column elementor-col-100 elementor-top-column elementor-element elementor-element-94938bb\" data-id=\"94938bb\" data-element_type=\"column\">\n\t\t\t<div class=\"elementor-widget-wrap elementor-element-populated\">\n\t\t\t\t\t\t<div class=\"elementor-element elementor-element-83cdc35 elementor-widget elementor-widget-heading\" data-id=\"83cdc35\" data-element_type=\"widget\" data-widget_type=\"heading.default\">\n\t\t\t\t<div class=\"elementor-widget-container\">\n\t\t\t<h2 class=\"elementor-heading-title elementor-size-default\">REVISTA N\u00ba 22 - 2006<\/h2>\t\t<\/div>\n\t\t\t\t<\/div>\n\t\t\t\t\t<\/div>\n\t\t<\/div>\n\t\t\t\t\t<\/div>\n\t\t<\/section>\n\t\t\t\t<section class=\"elementor-section elementor-top-section elementor-element elementor-element-8e0f05b elementor-section-boxed elementor-section-height-default elementor-section-height-default\" data-id=\"8e0f05b\" data-element_type=\"section\">\n\t\t\t\t\t\t<div class=\"elementor-container elementor-column-gap-default\">\n\t\t\t\t\t<div class=\"elementor-column elementor-col-100 elementor-top-column elementor-element elementor-element-52e63e9\" data-id=\"52e63e9\" data-element_type=\"column\">\n\t\t\t<div class=\"elementor-widget-wrap elementor-element-populated\">\n\t\t\t\t\t\t<div class=\"elementor-element elementor-element-3270ac1 elementor-widget elementor-widget-text-editor\" data-id=\"3270ac1\" data-element_type=\"widget\" data-widget_type=\"text-editor.default\">\n\t\t\t\t<div class=\"elementor-widget-container\">\n\t\t\t\t\t\t\t<p><img decoding=\"async\" class=\"wp-image-619 alignleft\" src=\"http:\/\/fundacioncarraro.org\/wp-content\/uploads\/2020\/08\/22-n22.jpg\" alt=\"\" width=\"141\" height=\"195\" \/><\/p><p>\u00a0<\/p><p>Sumario de la revista:<\/p><p><strong>Editorial de la Revista N\u00ba 22<\/strong><br \/>2do. Congreso Iberopanamericano de Periodoncia 2006<br \/>Dr. Adolfo Aragones, Dr. Carlos R. Qui\u00f1ones<\/p><p><strong>Art\u00edculos originales<br \/><\/strong><br \/><strong>1.<\/strong>PROLIFERACI\u00d3N DE FIBROBLASTOS GINGIVALES HUMANOS TRATADOS CON PLASMA RICO EN PLAQUETAS IN VITRO<br \/>Autores: ACOSTA G\u00d3MEZ, A.P, GONZ\u00c1LEZ, O.A, PEREIRA EBRATT, R., S\u00c1NCHEZ ARBOLEDA, M.X.<\/p><p><strong>2.<\/strong> Pronostico periodontal versus prestigio profesional<br \/>Autores: Dr. Luis Bueno y Dr. Gabriel APRA<\/p><p><strong>3.<\/strong> Histiorisis de celulas de la lengerhans.<br \/>Autores: Dra. Maria Elisa Martinez , Od.Beatriz Martinez, Od. Irene Bruno y Od.Romina Dempf.<\/p><p><strong>4.<\/strong> Consideraciones Anatomicas \u00bfLas consideramos?<br \/>Autor: Dra. Roxana Amicarrelli<\/p><p><strong>5.<\/strong>\u00a0Plan de tratamiento integral. Una nueva vision<br \/>Autor: Prof. Dr. Osvaldo Costa, Prof. Dra. Fabiana J. Veinstein<\/p><p><strong><br \/>Entrevista del mes<\/strong><br \/><strong><br \/>8.<\/strong> Dr. German Gallucci<\/p><p><strong><br \/>Informes<\/strong><br \/><br \/>Abstract del Jornal of Periodontology<br \/>Analizados y traducidos al espa\u00f1ol por el Dr. Luis Urzua<\/p><p>\u2022 Factores predictivos para la regeneraci\u00f3n alveolar: efecto de un biomaterial que provee espacio para la regeneraci\u00f3n tisular guiada<br \/>\u2022 Factores predictivos para la regeneraci\u00f3n alveolar: efecto de la oclusi\u00f3n tisular para la regeneraci\u00f3n tisular guiada.<br \/>\u2022 Factores predictivos para la regeneraci\u00f3n alveolar: potencial osteog\u00e9nico del hueso alveolar del sitio a regenerar.<br \/>\u2022 Factores predictivos para la regeneraci\u00f3n alveolar: efecto de la provisi\u00f3n de espacio.<\/p><p><strong><br \/>Obituario<\/strong><\/p><p>\u2022 Va a ser dif\u00edcil. Fallecimiento del Dr. Maximo Giglio<br \/>Autor: Osvaldo Costa<\/p>\t\t\t\t\t\t<\/div>\n\t\t\t\t<\/div>\n\t\t\t\t\t<\/div>\n\t\t<\/div>\n\t\t\t\t\t<\/div>\n\t\t<\/section>\n\t\t\t\t<\/div>\n\t\t","protected":false},"excerpt":{"rendered":"<p>REVISTA N\u00ba 22 &#8211; 2006 \u00a0 Sumario de la revista: Editorial de la Revista N\u00ba 222do. Congreso Iberopanamericano de Periodoncia 2006Dr. Adolfo Aragones, Dr. Carlos R. Qui\u00f1ones Art\u00edculos originales1.PROLIFERACI\u00d3N DE FIBROBLASTOS GINGIVALES HUMANOS TRATADOS CON PLASMA RICO EN PLAQUETAS IN VITROAutores: ACOSTA G\u00d3MEZ, A.P, GONZ\u00c1LEZ, O.A, PEREIRA EBRATT, R., S\u00c1NCHEZ ARBOLEDA, M.X. 2. Pronostico periodontal [&hellip;]<\/p>\n","protected":false},"author":1,"featured_media":0,"parent":0,"menu_order":0,"comment_status":"closed","ping_status":"closed","template":"","meta":{"footnotes":""},"class_list":["post-819","page","type-page","status-publish","hentry"],"_links":{"self":[{"href":"https:\/\/fundacioncarraro.org\/index.php?rest_route=\/wp\/v2\/pages\/819","targetHints":{"allow":["GET"]}}],"collection":[{"href":"https:\/\/fundacioncarraro.org\/index.php?rest_route=\/wp\/v2\/pages"}],"about":[{"href":"https:\/\/fundacioncarraro.org\/index.php?rest_route=\/wp\/v2\/types\/page"}],"author":[{"embeddable":true,"href":"https:\/\/fundacioncarraro.org\/index.php?rest_route=\/wp\/v2\/users\/1"}],"replies":[{"embeddable":true,"href":"https:\/\/fundacioncarraro.org\/index.php?rest_route=%2Fwp%2Fv2%2Fcomments&post=819"}],"version-history":[{"count":6,"href":"https:\/\/fundacioncarraro.org\/index.php?rest_route=\/wp\/v2\/pages\/819\/revisions"}],"predecessor-version":[{"id":1120,"href":"https:\/\/fundacioncarraro.org\/index.php?rest_route=\/wp\/v2\/pages\/819\/revisions\/1120"}],"wp:attachment":[{"href":"https:\/\/fundacioncarraro.org\/index.php?rest_route=%2Fwp%2Fv2%2Fmedia&parent=819"}],"curies":[{"name":"wp","href":"https:\/\/api.w.org\/{rel}","templated":true}]}}