{"id":824,"date":"2020-08-14T21:36:30","date_gmt":"2020-08-14T21:36:30","guid":{"rendered":"http:\/\/carraro.serverside.es\/?page_id=824"},"modified":"2020-09-28T19:26:01","modified_gmt":"2020-09-28T19:26:01","slug":"revista-no-21","status":"publish","type":"page","link":"https:\/\/fundacioncarraro.org\/?page_id=824","title":{"rendered":"Revista N\u00ba 21"},"content":{"rendered":"\t\t<div data-elementor-type=\"wp-page\" data-elementor-id=\"824\" class=\"elementor elementor-824\" data-elementor-post-type=\"page\">\n\t\t\t\t\t\t<section class=\"elementor-section elementor-top-section elementor-element elementor-element-046c693 elementor-section-boxed elementor-section-height-default elementor-section-height-default\" data-id=\"046c693\" data-element_type=\"section\">\n\t\t\t\t\t\t<div class=\"elementor-container elementor-column-gap-default\">\n\t\t\t\t\t<div class=\"elementor-column elementor-col-100 elementor-top-column elementor-element elementor-element-1222c27\" data-id=\"1222c27\" data-element_type=\"column\">\n\t\t\t<div class=\"elementor-widget-wrap elementor-element-populated\">\n\t\t\t\t\t\t<div class=\"elementor-element elementor-element-64122df elementor-widget elementor-widget-spacer\" data-id=\"64122df\" data-element_type=\"widget\" data-widget_type=\"spacer.default\">\n\t\t\t\t<div class=\"elementor-widget-container\">\n\t\t\t\t\t<div class=\"elementor-spacer\">\n\t\t\t<div class=\"elementor-spacer-inner\"><\/div>\n\t\t<\/div>\n\t\t\t\t<\/div>\n\t\t\t\t<\/div>\n\t\t\t\t\t<\/div>\n\t\t<\/div>\n\t\t\t\t\t<\/div>\n\t\t<\/section>\n\t\t\t\t<section class=\"elementor-section elementor-top-section elementor-element elementor-element-41a9c0a elementor-section-boxed elementor-section-height-default elementor-section-height-default\" data-id=\"41a9c0a\" data-element_type=\"section\">\n\t\t\t\t\t\t<div class=\"elementor-container elementor-column-gap-default\">\n\t\t\t\t\t<div class=\"elementor-column elementor-col-100 elementor-top-column elementor-element elementor-element-8dc8e5b\" data-id=\"8dc8e5b\" data-element_type=\"column\">\n\t\t\t<div class=\"elementor-widget-wrap elementor-element-populated\">\n\t\t\t\t\t\t<div class=\"elementor-element elementor-element-6235927 elementor-widget elementor-widget-heading\" data-id=\"6235927\" data-element_type=\"widget\" data-widget_type=\"heading.default\">\n\t\t\t\t<div class=\"elementor-widget-container\">\n\t\t\t<h2 class=\"elementor-heading-title elementor-size-default\">REVISTA N\u00ba 21 - 2005<\/h2>\t\t<\/div>\n\t\t\t\t<\/div>\n\t\t\t\t\t<\/div>\n\t\t<\/div>\n\t\t\t\t\t<\/div>\n\t\t<\/section>\n\t\t\t\t<section class=\"elementor-section elementor-top-section elementor-element elementor-element-3dd631e elementor-section-boxed elementor-section-height-default elementor-section-height-default\" data-id=\"3dd631e\" data-element_type=\"section\">\n\t\t\t\t\t\t<div class=\"elementor-container elementor-column-gap-default\">\n\t\t\t\t\t<div class=\"elementor-column elementor-col-100 elementor-top-column elementor-element elementor-element-532ca1c\" data-id=\"532ca1c\" data-element_type=\"column\">\n\t\t\t<div class=\"elementor-widget-wrap elementor-element-populated\">\n\t\t\t\t\t\t<div class=\"elementor-element elementor-element-638c87f elementor-widget elementor-widget-text-editor\" data-id=\"638c87f\" data-element_type=\"widget\" data-widget_type=\"text-editor.default\">\n\t\t\t\t<div class=\"elementor-widget-container\">\n\t\t\t\t\t\t\t<p><img decoding=\"async\" class=\"wp-image-618 alignleft\" src=\"http:\/\/fundacioncarraro.org\/wp-content\/uploads\/2020\/08\/21.jpg\" alt=\"\" width=\"123\" height=\"170\" \/><\/p><p><strong><br \/>Sumario de la revista:<\/strong><\/p><p><strong>Editorial de la Revista N\u00ba 21<\/strong><br \/>Agradecimientos por el apoyo recibido en nuestro d\u00e9cimo aniversario<br \/>Dr. Adolfo J. Aragon\u00e9s<\/p><p><strong>Art\u00edculos originales<\/strong><br \/><strong><br \/>1.<\/strong> Cuantificaci\u00f3n de interleuquina 6 de tejidos periodontales.<br \/>Autores: Dra. Mar\u00eda Clementina Rodr\u00edguez G. Y Dra. Consuelo L\u00f3pez P.<br \/><strong><br \/>2.<\/strong> Dentaduras parciales removibles y periodoncia.<br \/>Autor: Prof. Dr. Mauricio G\u00f3mez.<\/p><p><strong>3.<\/strong> Periodontitis agresivas: etiolog\u00eda, caracter\u00edsticas cl\u00ednicas y su tratamiento, Casos cl\u00ednicos 1era. Parte.<br \/>Autres: Dra. Judith Esquenasi, Dra. Claudia Cap\u00f3 y Dra. Alicia Batlle.<\/p><p><strong>4.<\/strong> Control de la enfermedad periodontal y caries en gestantes.<br \/>Autores: Dra. Natalia Nogueira Coutinho. Dra. Enia Salles Rocha, Dra. Raquel Conceicao Ferreira, Dra. Enio Lacerda Vilaca y Dr. Allyson Nogueira Moreira, Dra. Claudia Silami de Magalhaes.<\/p><p><strong><br \/>Entrevista del mes<\/strong><br \/><strong><br \/>8.<\/strong> Dr. Miguel de la Fuente \u00c1vila<\/p><p><strong><br \/>Informes<\/strong><\/p><p><strong>9.<\/strong> Abstract del Journal of Periodontology<br \/>Analizados y traducidos al espa\u00f1ol por el Dr. Luis Urz\u00faa<\/p><p>\u2022 Resultados cl\u00ednicos, radiol\u00f3gicos y microbiol\u00f3gicos despu\u00e9s de cinco a\u00f1os del tratamiento de periimplantitis en humanos<\/p><p>\u2022 Movimiento ortod\u00f3ncico dentro de defectos intraoseos en pacientes con enfermedad periodontal avanzada: Un estudio cl\u00ednico y radiol\u00f3gico<\/p><p>\u2022 Distancia vertical desde la cresta \u00f3sea hasta la punta de la papila interproximal entre implantes adyacentes<\/p>\t\t\t\t\t\t<\/div>\n\t\t\t\t<\/div>\n\t\t\t\t\t<\/div>\n\t\t<\/div>\n\t\t\t\t\t<\/div>\n\t\t<\/section>\n\t\t\t\t<\/div>\n\t\t","protected":false},"excerpt":{"rendered":"<p>REVISTA N\u00ba 21 &#8211; 2005 Sumario de la revista: Editorial de la Revista N\u00ba 21Agradecimientos por el apoyo recibido en nuestro d\u00e9cimo aniversarioDr. Adolfo J. Aragon\u00e9s Art\u00edculos originales1. Cuantificaci\u00f3n de interleuquina 6 de tejidos periodontales.Autores: Dra. Mar\u00eda Clementina Rodr\u00edguez G. Y Dra. Consuelo L\u00f3pez P.2. Dentaduras parciales removibles y periodoncia.Autor: Prof. Dr. Mauricio G\u00f3mez. 3. [&hellip;]<\/p>\n","protected":false},"author":1,"featured_media":0,"parent":0,"menu_order":0,"comment_status":"closed","ping_status":"closed","template":"","meta":{"footnotes":""},"class_list":["post-824","page","type-page","status-publish","hentry"],"_links":{"self":[{"href":"https:\/\/fundacioncarraro.org\/index.php?rest_route=\/wp\/v2\/pages\/824","targetHints":{"allow":["GET"]}}],"collection":[{"href":"https:\/\/fundacioncarraro.org\/index.php?rest_route=\/wp\/v2\/pages"}],"about":[{"href":"https:\/\/fundacioncarraro.org\/index.php?rest_route=\/wp\/v2\/types\/page"}],"author":[{"embeddable":true,"href":"https:\/\/fundacioncarraro.org\/index.php?rest_route=\/wp\/v2\/users\/1"}],"replies":[{"embeddable":true,"href":"https:\/\/fundacioncarraro.org\/index.php?rest_route=%2Fwp%2Fv2%2Fcomments&post=824"}],"version-history":[{"count":7,"href":"https:\/\/fundacioncarraro.org\/index.php?rest_route=\/wp\/v2\/pages\/824\/revisions"}],"predecessor-version":[{"id":1119,"href":"https:\/\/fundacioncarraro.org\/index.php?rest_route=\/wp\/v2\/pages\/824\/revisions\/1119"}],"wp:attachment":[{"href":"https:\/\/fundacioncarraro.org\/index.php?rest_route=%2Fwp%2Fv2%2Fmedia&parent=824"}],"curies":[{"name":"wp","href":"https:\/\/api.w.org\/{rel}","templated":true}]}}